{"id":207747,"date":"2026-03-03T04:05:07","date_gmt":"2026-03-03T09:05:07","guid":{"rendered":"https:\/\/www.technicontact.com\/shop\/mipro-5-ghz-gooseneck-microphone-transmitter-base\/"},"modified":"2026-04-08T13:45:56","modified_gmt":"2026-04-08T17:45:56","slug":"mipro-5-ghz-gooseneck-microphone-transmitter-base","status":"publish","type":"product","link":"https:\/\/www.technicontact.com\/en\/boutique\/mipro-5-ghz-gooseneck-microphone-transmitter-base\/","title":{"rendered":"Mipro &#8211; 5 GHz Gooseneck Microphone Transmitter Base"},"content":{"rendered":"<p>FEATURES<br \/>\n&#8211; Compatible with MM Series 4-Pin gooseneck microphones, offering both wired and wireless transmission modes.<br \/>\n&#8211; In wired mode, the XLR output connects to a mixer with phantom power for direct audio output.<br \/>\n&#8211; Wireless mode features a built-in ISM 5 GHz transmitter module designed for use with ACT-5800 Series digital receivers.<br \/>\n&#8211; Equipped with a built-in 18500 lithium-ion battery, rechargeable via DC 5 V or replaceable with a spare battery.<br \/>\n&#8211; TALK \/ MUTE button with speech status indication synchronizes the LED indicators on both the base and the gooseneck microphone.<br \/>\n&#8211; Metal base with anti-slip pads ensures stability and prevents wobbling during use.<\/p>\n<p>SPECIFICATIONS:<br \/>\nFrequency Range: ISM 5.8 GHz<br \/>\nCompatible Receivers: ACT-5800 Series<br \/>\nInput Jack: MIPRO 4-Pin XLR, compatible with MM-206L \/ MM-205L \/ MM-204L gooseneck microphone (optional)<br \/>\nOutput Jack: 3-Pin XLR<br \/>\nDisplay: LED 3-segment battery level<br \/>\nControl Interface: TALK \/ MUTE button, ACT sync sensor<br \/>\nRF Power Output: 20 mW (country dependent)<br \/>\nPower Supply: DC 24 \u2013 48 V phantom power (wired mode) ; one 18500 Li-ion battery (wireless mode)<br \/>\nCharging Voltage: DC 5 V \/ 1 A<br \/>\nDimensions: 100 \u00d7 78 \u00d7 150 mm (W \u00d7 H \u00d7 D)<br \/>\nWeight: Approx. 700 g<\/p>\n","protected":false},"excerpt":{"rendered":"<p>FEATURES<br \/>\n&#8211; Compatible with MM Series 4-Pin gooseneck microphones, offering both wired and wireless transmission modes.<br \/>\n&#8211; In wired mode, the XLR output connects to a mixer with phantom power for direct audio output.<br \/>\n&#8211; Wireless mode features a built-in ISM 5 GHz transmitter module designed for use with ACT-5800 Series digital receivers.<br \/>\n&#8211; Equipped with a built-in 18500 lithium-ion battery, rechargeable via DC 5 V or replaceable with a spare battery.<br \/>\n&#8211; TALK \/ MUTE button with speech status indication synchronizes the LED indicators on both the base and the gooseneck microphone.<br \/>\n&#8211; Metal base with anti-slip pads ensures stability and prevents wobbling during use.<\/p>\n<p>SPECIFICATIONS:<br \/>\nFrequency Range: ISM 5.8 GHz<br \/>\nCompatible Receivers: ACT-5800 Series<br \/>\nInput Jack: MIPRO 4-Pin XLR, compatible with MM-206L \/ MM-205L \/ MM-204L gooseneck microphone (optional)<br \/>\nOutput Jack: 3-Pin XLR<br \/>\nDisplay: LED 3-segment battery level<br \/>\nControl Interface: TALK \/ MUTE button, ACT sync sensor<br \/>\nRF Power Output: 20 mW (country dependent)<br \/>\nPower Supply: DC 24 \u2013 48 V phantom power (wired mode) ; one 18500 Li-ion battery (wireless mode)<br \/>\nCharging Voltage: DC 5 V \/ 1 A<br \/>\nDimensions: 100 \u00d7 78 \u00d7 150 mm (W \u00d7 H \u00d7 D)<br \/>\nWeight: Approx. 700 g<\/p>\n","protected":false},"featured_media":207918,"template":"","meta":{"_acf_changed":false,"inline_featured_image":false,"ep_exclude_from_search":false},"product_brand":[6438],"product_cat":[6301],"product_tag":[],"class_list":{"0":"post-207747","1":"product","2":"type-product","3":"status-publish","4":"has-post-thumbnail","6":"product_brand-mipro","7":"product_cat-non-categorise","9":"first","10":"onbackorder","11":"taxable","12":"shipping-taxable","13":"purchasable","14":"product-type-simple"},"acf":[],"yoast_head":"<!-- This site is optimized with the Yoast SEO plugin v27.1.1 - https:\/\/yoast.com\/product\/yoast-seo-wordpress\/ -->\n<title>Mipro - 5 GHz Gooseneck Microphone Transmitter Base | Techni+Contact<\/title>\n<meta name=\"robots\" content=\"index, follow, max-snippet:-1, max-image-preview:large, max-video-preview:-1\" \/>\n<link rel=\"canonical\" href=\"https:\/\/www.technicontact.com\/en\/boutique\/mipro-5-ghz-gooseneck-microphone-transmitter-base\/\" \/>\n<meta property=\"og:locale\" content=\"en_US\" \/>\n<meta property=\"og:type\" content=\"article\" \/>\n<meta property=\"og:title\" content=\"Mipro - 5 GHz Gooseneck Microphone Transmitter Base | Techni+Contact\" \/>\n<meta property=\"og:description\" content=\"FEATURES - Compatible with MM Series 4-Pin gooseneck microphones, offering both wired and wireless transmission modes. - In wired mode, the XLR output connects to a mixer with phantom power for direct audio output. - Wireless mode features a built-in ISM 5 GHz transmitter module designed for use with ACT-5800 Series digital receivers. - Equipped with a built-in 18500 lithium-ion battery, rechargeable via DC 5 V or replaceable with a spare battery. - TALK \/ MUTE button with speech status indication synchronizes the LED indicators on both the base and the gooseneck microphone. - Metal base with anti-slip pads ensures stability and prevents wobbling during use.  SPECIFICATIONS: Frequency Range: ISM 5.8 GHz Compatible Receivers: ACT-5800 Series Input Jack: MIPRO 4-Pin XLR, compatible with MM-206L \/ MM-205L \/ MM-204L gooseneck microphone (optional) Output Jack: 3-Pin XLR Display: LED 3-segment battery level Control Interface: TALK \/ MUTE button, ACT sync sensor RF Power Output: 20 mW (country dependent) Power Supply: DC 24 \u2013 48 V phantom power (wired mode) ; one 18500 Li-ion battery (wireless mode) Charging Voltage: DC 5 V \/ 1 A Dimensions: 100 \u00d7 78 \u00d7 150 mm (W \u00d7 H \u00d7 D) Weight: Approx. 700 g\" \/>\n<meta property=\"og:url\" content=\"https:\/\/www.technicontact.com\/en\/boutique\/mipro-5-ghz-gooseneck-microphone-transmitter-base\/\" \/>\n<meta property=\"og:site_name\" content=\"Techni+Contact\" \/>\n<meta property=\"article:publisher\" content=\"https:\/\/www.facebook.com\/technicontact\/\" \/>\n<meta property=\"article:modified_time\" content=\"2026-04-08T17:45:56+00:00\" \/>\n<meta name=\"twitter:card\" content=\"summary_large_image\" \/>\n<meta name=\"twitter:site\" content=\"@technicontact1\" \/>\n<meta name=\"twitter:label1\" content=\"Est. reading time\" \/>\n\t<meta name=\"twitter:data1\" content=\"1 minute\" \/>\n<script type=\"application\/ld+json\" class=\"yoast-schema-graph\">{\"@context\":\"https:\/\/schema.org\",\"@graph\":[{\"@type\":\"WebPage\",\"@id\":\"https:\/\/www.technicontact.com\/en\/boutique\/mipro-5-ghz-gooseneck-microphone-transmitter-base\/\",\"url\":\"https:\/\/www.technicontact.com\/en\/boutique\/mipro-5-ghz-gooseneck-microphone-transmitter-base\/\",\"name\":\"Mipro - 5 GHz Gooseneck Microphone Transmitter Base | Techni+Contact\",\"isPartOf\":{\"@id\":\"https:\/\/www.technicontact.com\/en\/#website\"},\"primaryImageOfPage\":{\"@id\":\"https:\/\/www.technicontact.com\/en\/boutique\/mipro-5-ghz-gooseneck-microphone-transmitter-base\/#primaryimage\"},\"image\":{\"@id\":\"https:\/\/www.technicontact.com\/en\/boutique\/mipro-5-ghz-gooseneck-microphone-transmitter-base\/#primaryimage\"},\"thumbnailUrl\":\"https:\/\/www.technicontact.com\/wp-content\/uploads\/2026\/03\/MIPRO-BC-58T-II.jpg\",\"datePublished\":\"2026-03-03T09:05:07+00:00\",\"dateModified\":\"2026-04-08T17:45:56+00:00\",\"breadcrumb\":{\"@id\":\"https:\/\/www.technicontact.com\/en\/boutique\/mipro-5-ghz-gooseneck-microphone-transmitter-base\/#breadcrumb\"},\"inLanguage\":\"en-US\",\"potentialAction\":[{\"@type\":\"ReadAction\",\"target\":[\"https:\/\/www.technicontact.com\/en\/boutique\/mipro-5-ghz-gooseneck-microphone-transmitter-base\/\"]}]},{\"@type\":\"ImageObject\",\"inLanguage\":\"en-US\",\"@id\":\"https:\/\/www.technicontact.com\/en\/boutique\/mipro-5-ghz-gooseneck-microphone-transmitter-base\/#primaryimage\",\"url\":\"https:\/\/www.technicontact.com\/wp-content\/uploads\/2026\/03\/MIPRO-BC-58T-II.jpg\",\"contentUrl\":\"https:\/\/www.technicontact.com\/wp-content\/uploads\/2026\/03\/MIPRO-BC-58T-II.jpg\",\"width\":1920,\"height\":1920},{\"@type\":\"BreadcrumbList\",\"@id\":\"https:\/\/www.technicontact.com\/en\/boutique\/mipro-5-ghz-gooseneck-microphone-transmitter-base\/#breadcrumb\",\"itemListElement\":[{\"@type\":\"ListItem\",\"position\":1,\"name\":\"Home\",\"item\":\"https:\/\/www.technicontact.com\/en\/\"},{\"@type\":\"ListItem\",\"position\":2,\"name\":\"Shop\",\"item\":\"https:\/\/www.technicontact.com\/en\/shop\/\"},{\"@type\":\"ListItem\",\"position\":3,\"name\":\"Mipro &#8211; 5 GHz Gooseneck Microphone Transmitter Base\"}]},{\"@type\":\"WebSite\",\"@id\":\"https:\/\/www.technicontact.com\/en\/#website\",\"url\":\"https:\/\/www.technicontact.com\/en\/\",\"name\":\"Techni+Contact\",\"description\":\"Service-conseil en audiovisuel &amp; fournisseur mat\u00e9riel TI\",\"publisher\":{\"@id\":\"https:\/\/www.technicontact.com\/en\/#organization\"},\"potentialAction\":[{\"@type\":\"SearchAction\",\"target\":{\"@type\":\"EntryPoint\",\"urlTemplate\":\"https:\/\/www.technicontact.com\/en\/?s={search_term_string}\"},\"query-input\":{\"@type\":\"PropertyValueSpecification\",\"valueRequired\":true,\"valueName\":\"search_term_string\"}}],\"inLanguage\":\"en-US\"},{\"@type\":\"Organization\",\"@id\":\"https:\/\/www.technicontact.com\/en\/#organization\",\"name\":\"Techni+Contact\",\"url\":\"https:\/\/www.technicontact.com\/en\/\",\"logo\":{\"@type\":\"ImageObject\",\"inLanguage\":\"en-US\",\"@id\":\"https:\/\/www.technicontact.com\/en\/#\/schema\/logo\/image\/\",\"url\":\"https:\/\/www.technicontact.com\/wp-content\/uploads\/2021\/03\/TC-V.svg\",\"contentUrl\":\"https:\/\/www.technicontact.com\/wp-content\/uploads\/2021\/03\/TC-V.svg\",\"width\":182,\"height\":57,\"caption\":\"Techni+Contact \"},\"image\":{\"@id\":\"https:\/\/www.technicontact.com\/en\/#\/schema\/logo\/image\/\"},\"sameAs\":[\"https:\/\/www.facebook.com\/technicontact\/\",\"https:\/\/x.com\/technicontact1\",\"https:\/\/www.linkedin.com\/company\/techni-contact\/\"]}]}<\/script>\n<!-- \/ Yoast SEO plugin. -->","yoast_head_json":{"title":"Mipro - 5 GHz Gooseneck Microphone Transmitter Base | Techni+Contact","robots":{"index":"index","follow":"follow","max-snippet":"max-snippet:-1","max-image-preview":"max-image-preview:large","max-video-preview":"max-video-preview:-1"},"canonical":"https:\/\/www.technicontact.com\/en\/boutique\/mipro-5-ghz-gooseneck-microphone-transmitter-base\/","og_locale":"en_US","og_type":"article","og_title":"Mipro - 5 GHz Gooseneck Microphone Transmitter Base | Techni+Contact","og_description":"FEATURES - Compatible with MM Series 4-Pin gooseneck microphones, offering both wired and wireless transmission modes. - In wired mode, the XLR output connects to a mixer with phantom power for direct audio output. - Wireless mode features a built-in ISM 5 GHz transmitter module designed for use with ACT-5800 Series digital receivers. - Equipped with a built-in 18500 lithium-ion battery, rechargeable via DC 5 V or replaceable with a spare battery. - TALK \/ MUTE button with speech status indication synchronizes the LED indicators on both the base and the gooseneck microphone. - Metal base with anti-slip pads ensures stability and prevents wobbling during use.  SPECIFICATIONS: Frequency Range: ISM 5.8 GHz Compatible Receivers: ACT-5800 Series Input Jack: MIPRO 4-Pin XLR, compatible with MM-206L \/ MM-205L \/ MM-204L gooseneck microphone (optional) Output Jack: 3-Pin XLR Display: LED 3-segment battery level Control Interface: TALK \/ MUTE button, ACT sync sensor RF Power Output: 20 mW (country dependent) Power Supply: DC 24 \u2013 48 V phantom power (wired mode) ; one 18500 Li-ion battery (wireless mode) Charging Voltage: DC 5 V \/ 1 A Dimensions: 100 \u00d7 78 \u00d7 150 mm (W \u00d7 H \u00d7 D) Weight: Approx. 700 g","og_url":"https:\/\/www.technicontact.com\/en\/boutique\/mipro-5-ghz-gooseneck-microphone-transmitter-base\/","og_site_name":"Techni+Contact","article_publisher":"https:\/\/www.facebook.com\/technicontact\/","article_modified_time":"2026-04-08T17:45:56+00:00","twitter_card":"summary_large_image","twitter_site":"@technicontact1","twitter_misc":{"Est. reading time":"1 minute"},"schema":{"@context":"https:\/\/schema.org","@graph":[{"@type":"WebPage","@id":"https:\/\/www.technicontact.com\/en\/boutique\/mipro-5-ghz-gooseneck-microphone-transmitter-base\/","url":"https:\/\/www.technicontact.com\/en\/boutique\/mipro-5-ghz-gooseneck-microphone-transmitter-base\/","name":"Mipro - 5 GHz Gooseneck Microphone Transmitter Base | Techni+Contact","isPartOf":{"@id":"https:\/\/www.technicontact.com\/en\/#website"},"primaryImageOfPage":{"@id":"https:\/\/www.technicontact.com\/en\/boutique\/mipro-5-ghz-gooseneck-microphone-transmitter-base\/#primaryimage"},"image":{"@id":"https:\/\/www.technicontact.com\/en\/boutique\/mipro-5-ghz-gooseneck-microphone-transmitter-base\/#primaryimage"},"thumbnailUrl":"https:\/\/www.technicontact.com\/wp-content\/uploads\/2026\/03\/MIPRO-BC-58T-II.jpg","datePublished":"2026-03-03T09:05:07+00:00","dateModified":"2026-04-08T17:45:56+00:00","breadcrumb":{"@id":"https:\/\/www.technicontact.com\/en\/boutique\/mipro-5-ghz-gooseneck-microphone-transmitter-base\/#breadcrumb"},"inLanguage":"en-US","potentialAction":[{"@type":"ReadAction","target":["https:\/\/www.technicontact.com\/en\/boutique\/mipro-5-ghz-gooseneck-microphone-transmitter-base\/"]}]},{"@type":"ImageObject","inLanguage":"en-US","@id":"https:\/\/www.technicontact.com\/en\/boutique\/mipro-5-ghz-gooseneck-microphone-transmitter-base\/#primaryimage","url":"https:\/\/www.technicontact.com\/wp-content\/uploads\/2026\/03\/MIPRO-BC-58T-II.jpg","contentUrl":"https:\/\/www.technicontact.com\/wp-content\/uploads\/2026\/03\/MIPRO-BC-58T-II.jpg","width":1920,"height":1920},{"@type":"BreadcrumbList","@id":"https:\/\/www.technicontact.com\/en\/boutique\/mipro-5-ghz-gooseneck-microphone-transmitter-base\/#breadcrumb","itemListElement":[{"@type":"ListItem","position":1,"name":"Home","item":"https:\/\/www.technicontact.com\/en\/"},{"@type":"ListItem","position":2,"name":"Shop","item":"https:\/\/www.technicontact.com\/en\/shop\/"},{"@type":"ListItem","position":3,"name":"Mipro &#8211; 5 GHz Gooseneck Microphone Transmitter Base"}]},{"@type":"WebSite","@id":"https:\/\/www.technicontact.com\/en\/#website","url":"https:\/\/www.technicontact.com\/en\/","name":"Techni+Contact","description":"Service-conseil en audiovisuel &amp; fournisseur mat\u00e9riel TI","publisher":{"@id":"https:\/\/www.technicontact.com\/en\/#organization"},"potentialAction":[{"@type":"SearchAction","target":{"@type":"EntryPoint","urlTemplate":"https:\/\/www.technicontact.com\/en\/?s={search_term_string}"},"query-input":{"@type":"PropertyValueSpecification","valueRequired":true,"valueName":"search_term_string"}}],"inLanguage":"en-US"},{"@type":"Organization","@id":"https:\/\/www.technicontact.com\/en\/#organization","name":"Techni+Contact","url":"https:\/\/www.technicontact.com\/en\/","logo":{"@type":"ImageObject","inLanguage":"en-US","@id":"https:\/\/www.technicontact.com\/en\/#\/schema\/logo\/image\/","url":"https:\/\/www.technicontact.com\/wp-content\/uploads\/2021\/03\/TC-V.svg","contentUrl":"https:\/\/www.technicontact.com\/wp-content\/uploads\/2021\/03\/TC-V.svg","width":182,"height":57,"caption":"Techni+Contact "},"image":{"@id":"https:\/\/www.technicontact.com\/en\/#\/schema\/logo\/image\/"},"sameAs":["https:\/\/www.facebook.com\/technicontact\/","https:\/\/x.com\/technicontact1","https:\/\/www.linkedin.com\/company\/techni-contact\/"]}]}},"_links":{"self":[{"href":"https:\/\/www.technicontact.com\/en\/wp-json\/wp\/v2\/product\/207747","targetHints":{"allow":["GET"]}}],"collection":[{"href":"https:\/\/www.technicontact.com\/en\/wp-json\/wp\/v2\/product"}],"about":[{"href":"https:\/\/www.technicontact.com\/en\/wp-json\/wp\/v2\/types\/product"}],"wp:featuredmedia":[{"embeddable":true,"href":"https:\/\/www.technicontact.com\/en\/wp-json\/wp\/v2\/media\/207918"}],"wp:attachment":[{"href":"https:\/\/www.technicontact.com\/en\/wp-json\/wp\/v2\/media?parent=207747"}],"wp:term":[{"taxonomy":"product_brand","embeddable":true,"href":"https:\/\/www.technicontact.com\/en\/wp-json\/wp\/v2\/product_brand?post=207747"},{"taxonomy":"product_cat","embeddable":true,"href":"https:\/\/www.technicontact.com\/en\/wp-json\/wp\/v2\/product_cat?post=207747"},{"taxonomy":"product_tag","embeddable":true,"href":"https:\/\/www.technicontact.com\/en\/wp-json\/wp\/v2\/product_tag?post=207747"}],"curies":[{"name":"wp","href":"https:\/\/api.w.org\/{rel}","templated":true}]}}