{"id":205450,"date":"2026-01-13T04:03:48","date_gmt":"2026-01-13T09:03:48","guid":{"rendered":"https:\/\/www.technicontact.com\/shop\/braehler-braehleros-single-conference-suite-server-application-unlimited\/"},"modified":"2026-04-21T09:49:10","modified_gmt":"2026-04-21T13:49:10","slug":"braehler-braehleros-single-conference-suite-server-application-unlimited","status":"publish","type":"product","link":"https:\/\/www.technicontact.com\/en\/boutique\/braehler-braehleros-single-conference-suite-server-application-unlimited\/","title":{"rendered":"Braehler- BraehlerOS Single Conference Suite, Server Application, unlimited."},"content":{"rendered":"<p>The package includes one (1) Br\u00e4hlerOS (Article-No.: OS.0001), Admin-Tool Component (Article-No.: OS.0005), and MicControl (Article-No.: OS.0020).<br \/>\nAn unlimited number of conferences can be created and saved. One conference can be held at the same time. The licence is unlimited in time.<br \/>\nBr\u00e4hlerOS<br \/>\nThe Br\u00e4hler Conference Operating System (br\u00e4hlerOS) is a sophisticated operating system optimised for conferencing.<br \/>\nbr\u00e4hlerOS with its individual application components and delegate app provides the ability for all kind of conferences to be maintained cost-effectively over time.<br \/>\nWorks with DIGIMIC hardware.<br \/>\nIncludes:<br \/>\nSetup, Webserver, Database,<br \/>\nAdmin Tool, Diagnostic, System Update.<br \/>\nAdmin-Tool Component<br \/>\nAdmin-Tool Component is the central<br \/>\nAdministration and Setup.<br \/>\nSoftware based on br\u00e4hlerOS, to create all kinds of meetings and big conferences.<br \/>\nFeatures:<br \/>\n&#8211; Creating &amp; Administrating Meetings and big conferences.<br \/>\n&#8211; Detailed information about delegates and speakers, including photo and RFID Card identification.<br \/>\n&#8211; All information, such as delegates, agenda topics, documents, etc. in one global database.<br \/>\n&#8211; Easy configuration of conference hardware, room combining.<br \/>\nMicControl<br \/>\nMicControl, based on br\u00e4hlerOS, is a flexible conference control software for br\u00e4hlerOS.<br \/>\nMicControl is optimised for the use of a touch screen, but can also be controlled via keyboard and mouse to offer the operator intuitive control of the event.<br \/>\nMultiple MicControl conference clients can be used within one conference to distribute control of various functions if required.<br \/>\nWith MicControl you control your conference from anywhere inside the conference network. You get highly secure access to the conference network, from any device, at any time, in any location.<\/p>\n","protected":false},"excerpt":{"rendered":"<p>The package includes one (1) Br\u00e4hlerOS (Article-No.: OS.0001), Admin-Tool Component (Article-No.: OS.0005), and MicControl (Article-No.: OS.0020).<br \/>\nAn unlimited number of conferences can be created and saved. One conference can be held at the same time. The licence is unlimited in time.<br \/>\nBr\u00e4hlerOS<br \/>\nThe Br\u00e4hler Conference Operating System (br\u00e4hlerOS) is a sophisticated operating system optimised for conferencing.<br \/>\nbr\u00e4hlerOS with its individual application components and delegate app provides the ability for all kind of conferences to be maintained cost-effectively over time.<br \/>\nWorks with DIGIMIC hardware.<br \/>\nIncludes:<br \/>\nSetup, Webserver, Database,<br \/>\nAdmin Tool, Diagnostic, System Update.<br \/>\nAdmin-Tool Component<br \/>\nAdmin-Tool Component is the central<br \/>\nAdministration and Setup.<br \/>\nSoftware based on br\u00e4hlerOS, to create all kinds of meetings and big conferences.<br \/>\nFeatures:<br \/>\n&#8211; Creating &amp; Administrating Meetings and big conferences.<br \/>\n&#8211; Detailed information about delegates and speakers, including photo and RFID Card identification.<br \/>\n&#8211; All information, such as delegates, agenda topics, documents, etc. in one global database.<br \/>\n&#8211; Easy configuration of conference hardware, room combining.<br \/>\nMicControl<br \/>\nMicControl, based on br\u00e4hlerOS, is a flexible conference control software for br\u00e4hlerOS.<br \/>\nMicControl is optimised for the use of a touch screen, but can also be controlled via keyboard and mouse to offer the operator intuitive control of the event.<br \/>\nMultiple MicControl conference clients can be used within one conference to distribute control of various functions if required.<br \/>\nWith MicControl you control your conference from anywhere inside the conference network. You get highly secure access to the conference network, from any device, at any time, in any location.<\/p>\n","protected":false},"featured_media":205809,"template":"","meta":{"_acf_changed":false,"inline_featured_image":false,"ep_exclude_from_search":false},"product_brand":[6429],"product_cat":[6315],"product_tag":[765],"class_list":{"0":"post-205450","1":"product","2":"type-product","3":"status-publish","4":"has-post-thumbnail","6":"product_brand-braehler","7":"product_cat-software-and-licences","8":"product_tag-nouveaute","10":"first","11":"onbackorder","12":"taxable","13":"shipping-taxable","14":"purchasable","15":"product-type-simple"},"acf":[],"yoast_head":"<!-- This site is optimized with the Yoast SEO plugin v27.1.1 - https:\/\/yoast.com\/product\/yoast-seo-wordpress\/ -->\n<title>Braehler- BraehlerOS Single Conference Suite, Server Application, unlimited. | Techni+Contact<\/title>\n<meta name=\"robots\" content=\"index, follow, max-snippet:-1, max-image-preview:large, max-video-preview:-1\" \/>\n<link rel=\"canonical\" href=\"https:\/\/www.technicontact.com\/en\/boutique\/braehler-braehleros-single-conference-suite-server-application-unlimited\/\" \/>\n<meta property=\"og:locale\" content=\"en_US\" \/>\n<meta property=\"og:type\" content=\"article\" \/>\n<meta property=\"og:title\" content=\"Braehler- BraehlerOS Single Conference Suite, Server Application, unlimited. | Techni+Contact\" \/>\n<meta property=\"og:description\" content=\"The package includes one (1) Br\u00e4hlerOS (Article-No.: OS.0001), Admin-Tool Component (Article-No.: OS.0005), and MicControl (Article-No.: OS.0020). An unlimited number of conferences can be created and saved. One conference can be held at the same time. The licence is unlimited in time. Br\u00e4hlerOS The Br\u00e4hler Conference Operating System (br\u00e4hlerOS) is a sophisticated operating system optimised for conferencing. br\u00e4hlerOS with its individual application components and delegate app provides the ability for all kind of conferences to be maintained cost-effectively over time. Works with DIGIMIC hardware. Includes: Setup, Webserver, Database, Admin Tool, Diagnostic, System Update. Admin-Tool Component Admin-Tool Component is the central Administration and Setup. Software based on br\u00e4hlerOS, to create all kinds of meetings and big conferences. Features: - Creating &amp; Administrating Meetings and big conferences. - Detailed information about delegates and speakers, including photo and RFID Card identification. - All information, such as delegates, agenda topics, documents, etc. in one global database. - Easy configuration of conference hardware, room combining. MicControl MicControl, based on br\u00e4hlerOS, is a flexible conference control software for br\u00e4hlerOS. MicControl is optimised for the use of a touch screen, but can also be controlled via keyboard and mouse to offer the operator intuitive control of the event. Multiple MicControl conference clients can be used within one conference to distribute control of various functions if required. With MicControl you control your conference from anywhere inside the conference network. You get highly secure access to the conference network, from any device, at any time, in any location.\" \/>\n<meta property=\"og:url\" content=\"https:\/\/www.technicontact.com\/en\/boutique\/braehler-braehleros-single-conference-suite-server-application-unlimited\/\" \/>\n<meta property=\"og:site_name\" content=\"Techni+Contact\" \/>\n<meta property=\"article:publisher\" content=\"https:\/\/www.facebook.com\/technicontact\/\" \/>\n<meta property=\"article:modified_time\" content=\"2026-04-21T13:49:10+00:00\" \/>\n<meta name=\"twitter:card\" content=\"summary_large_image\" \/>\n<meta name=\"twitter:site\" content=\"@technicontact1\" \/>\n<meta name=\"twitter:label1\" content=\"Est. reading time\" \/>\n\t<meta name=\"twitter:data1\" content=\"2 minutes\" \/>\n<script type=\"application\/ld+json\" class=\"yoast-schema-graph\">{\"@context\":\"https:\/\/schema.org\",\"@graph\":[{\"@type\":\"WebPage\",\"@id\":\"https:\/\/www.technicontact.com\/en\/boutique\/braehler-braehleros-single-conference-suite-server-application-unlimited\/\",\"url\":\"https:\/\/www.technicontact.com\/en\/boutique\/braehler-braehleros-single-conference-suite-server-application-unlimited\/\",\"name\":\"Braehler- BraehlerOS Single Conference Suite, Server Application, unlimited. | Techni+Contact\",\"isPartOf\":{\"@id\":\"https:\/\/www.technicontact.com\/en\/#website\"},\"primaryImageOfPage\":{\"@id\":\"https:\/\/www.technicontact.com\/en\/boutique\/braehler-braehleros-single-conference-suite-server-application-unlimited\/#primaryimage\"},\"image\":{\"@id\":\"https:\/\/www.technicontact.com\/en\/boutique\/braehler-braehleros-single-conference-suite-server-application-unlimited\/#primaryimage\"},\"thumbnailUrl\":\"https:\/\/www.technicontact.com\/wp-content\/uploads\/2025\/10\/brahler-ics-konferenztechnik-seeklogo.com_.svg\",\"datePublished\":\"2026-01-13T09:03:48+00:00\",\"dateModified\":\"2026-04-21T13:49:10+00:00\",\"breadcrumb\":{\"@id\":\"https:\/\/www.technicontact.com\/en\/boutique\/braehler-braehleros-single-conference-suite-server-application-unlimited\/#breadcrumb\"},\"inLanguage\":\"en-US\",\"potentialAction\":[{\"@type\":\"ReadAction\",\"target\":[\"https:\/\/www.technicontact.com\/en\/boutique\/braehler-braehleros-single-conference-suite-server-application-unlimited\/\"]}]},{\"@type\":\"ImageObject\",\"inLanguage\":\"en-US\",\"@id\":\"https:\/\/www.technicontact.com\/en\/boutique\/braehler-braehleros-single-conference-suite-server-application-unlimited\/#primaryimage\",\"url\":\"https:\/\/www.technicontact.com\/wp-content\/uploads\/2025\/10\/brahler-ics-konferenztechnik-seeklogo.com_.svg\",\"contentUrl\":\"https:\/\/www.technicontact.com\/wp-content\/uploads\/2025\/10\/brahler-ics-konferenztechnik-seeklogo.com_.svg\",\"width\":1024,\"height\":271},{\"@type\":\"BreadcrumbList\",\"@id\":\"https:\/\/www.technicontact.com\/en\/boutique\/braehler-braehleros-single-conference-suite-server-application-unlimited\/#breadcrumb\",\"itemListElement\":[{\"@type\":\"ListItem\",\"position\":1,\"name\":\"Home\",\"item\":\"https:\/\/www.technicontact.com\/en\/\"},{\"@type\":\"ListItem\",\"position\":2,\"name\":\"Shop\",\"item\":\"https:\/\/www.technicontact.com\/en\/shop\/\"},{\"@type\":\"ListItem\",\"position\":3,\"name\":\"Braehler- BraehlerOS Single Conference Suite, Server Application, unlimited.\"}]},{\"@type\":\"WebSite\",\"@id\":\"https:\/\/www.technicontact.com\/en\/#website\",\"url\":\"https:\/\/www.technicontact.com\/en\/\",\"name\":\"Techni+Contact\",\"description\":\"Service-conseil en audiovisuel &amp; fournisseur mat\u00e9riel TI\",\"publisher\":{\"@id\":\"https:\/\/www.technicontact.com\/en\/#organization\"},\"potentialAction\":[{\"@type\":\"SearchAction\",\"target\":{\"@type\":\"EntryPoint\",\"urlTemplate\":\"https:\/\/www.technicontact.com\/en\/?s={search_term_string}\"},\"query-input\":{\"@type\":\"PropertyValueSpecification\",\"valueRequired\":true,\"valueName\":\"search_term_string\"}}],\"inLanguage\":\"en-US\"},{\"@type\":\"Organization\",\"@id\":\"https:\/\/www.technicontact.com\/en\/#organization\",\"name\":\"Techni+Contact\",\"url\":\"https:\/\/www.technicontact.com\/en\/\",\"logo\":{\"@type\":\"ImageObject\",\"inLanguage\":\"en-US\",\"@id\":\"https:\/\/www.technicontact.com\/en\/#\/schema\/logo\/image\/\",\"url\":\"https:\/\/www.technicontact.com\/wp-content\/uploads\/2021\/03\/TC-V.svg\",\"contentUrl\":\"https:\/\/www.technicontact.com\/wp-content\/uploads\/2021\/03\/TC-V.svg\",\"width\":182,\"height\":57,\"caption\":\"Techni+Contact \"},\"image\":{\"@id\":\"https:\/\/www.technicontact.com\/en\/#\/schema\/logo\/image\/\"},\"sameAs\":[\"https:\/\/www.facebook.com\/technicontact\/\",\"https:\/\/x.com\/technicontact1\",\"https:\/\/www.linkedin.com\/company\/techni-contact\/\"]}]}<\/script>\n<!-- \/ Yoast SEO plugin. -->","yoast_head_json":{"title":"Braehler- BraehlerOS Single Conference Suite, Server Application, unlimited. | Techni+Contact","robots":{"index":"index","follow":"follow","max-snippet":"max-snippet:-1","max-image-preview":"max-image-preview:large","max-video-preview":"max-video-preview:-1"},"canonical":"https:\/\/www.technicontact.com\/en\/boutique\/braehler-braehleros-single-conference-suite-server-application-unlimited\/","og_locale":"en_US","og_type":"article","og_title":"Braehler- BraehlerOS Single Conference Suite, Server Application, unlimited. | Techni+Contact","og_description":"The package includes one (1) Br\u00e4hlerOS (Article-No.: OS.0001), Admin-Tool Component (Article-No.: OS.0005), and MicControl (Article-No.: OS.0020). An unlimited number of conferences can be created and saved. One conference can be held at the same time. The licence is unlimited in time. Br\u00e4hlerOS The Br\u00e4hler Conference Operating System (br\u00e4hlerOS) is a sophisticated operating system optimised for conferencing. br\u00e4hlerOS with its individual application components and delegate app provides the ability for all kind of conferences to be maintained cost-effectively over time. Works with DIGIMIC hardware. Includes: Setup, Webserver, Database, Admin Tool, Diagnostic, System Update. Admin-Tool Component Admin-Tool Component is the central Administration and Setup. Software based on br\u00e4hlerOS, to create all kinds of meetings and big conferences. Features: - Creating &amp; Administrating Meetings and big conferences. - Detailed information about delegates and speakers, including photo and RFID Card identification. - All information, such as delegates, agenda topics, documents, etc. in one global database. - Easy configuration of conference hardware, room combining. MicControl MicControl, based on br\u00e4hlerOS, is a flexible conference control software for br\u00e4hlerOS. MicControl is optimised for the use of a touch screen, but can also be controlled via keyboard and mouse to offer the operator intuitive control of the event. Multiple MicControl conference clients can be used within one conference to distribute control of various functions if required. With MicControl you control your conference from anywhere inside the conference network. You get highly secure access to the conference network, from any device, at any time, in any location.","og_url":"https:\/\/www.technicontact.com\/en\/boutique\/braehler-braehleros-single-conference-suite-server-application-unlimited\/","og_site_name":"Techni+Contact","article_publisher":"https:\/\/www.facebook.com\/technicontact\/","article_modified_time":"2026-04-21T13:49:10+00:00","twitter_card":"summary_large_image","twitter_site":"@technicontact1","twitter_misc":{"Est. reading time":"2 minutes"},"schema":{"@context":"https:\/\/schema.org","@graph":[{"@type":"WebPage","@id":"https:\/\/www.technicontact.com\/en\/boutique\/braehler-braehleros-single-conference-suite-server-application-unlimited\/","url":"https:\/\/www.technicontact.com\/en\/boutique\/braehler-braehleros-single-conference-suite-server-application-unlimited\/","name":"Braehler- BraehlerOS Single Conference Suite, Server Application, unlimited. | Techni+Contact","isPartOf":{"@id":"https:\/\/www.technicontact.com\/en\/#website"},"primaryImageOfPage":{"@id":"https:\/\/www.technicontact.com\/en\/boutique\/braehler-braehleros-single-conference-suite-server-application-unlimited\/#primaryimage"},"image":{"@id":"https:\/\/www.technicontact.com\/en\/boutique\/braehler-braehleros-single-conference-suite-server-application-unlimited\/#primaryimage"},"thumbnailUrl":"https:\/\/www.technicontact.com\/wp-content\/uploads\/2025\/10\/brahler-ics-konferenztechnik-seeklogo.com_.svg","datePublished":"2026-01-13T09:03:48+00:00","dateModified":"2026-04-21T13:49:10+00:00","breadcrumb":{"@id":"https:\/\/www.technicontact.com\/en\/boutique\/braehler-braehleros-single-conference-suite-server-application-unlimited\/#breadcrumb"},"inLanguage":"en-US","potentialAction":[{"@type":"ReadAction","target":["https:\/\/www.technicontact.com\/en\/boutique\/braehler-braehleros-single-conference-suite-server-application-unlimited\/"]}]},{"@type":"ImageObject","inLanguage":"en-US","@id":"https:\/\/www.technicontact.com\/en\/boutique\/braehler-braehleros-single-conference-suite-server-application-unlimited\/#primaryimage","url":"https:\/\/www.technicontact.com\/wp-content\/uploads\/2025\/10\/brahler-ics-konferenztechnik-seeklogo.com_.svg","contentUrl":"https:\/\/www.technicontact.com\/wp-content\/uploads\/2025\/10\/brahler-ics-konferenztechnik-seeklogo.com_.svg","width":1024,"height":271},{"@type":"BreadcrumbList","@id":"https:\/\/www.technicontact.com\/en\/boutique\/braehler-braehleros-single-conference-suite-server-application-unlimited\/#breadcrumb","itemListElement":[{"@type":"ListItem","position":1,"name":"Home","item":"https:\/\/www.technicontact.com\/en\/"},{"@type":"ListItem","position":2,"name":"Shop","item":"https:\/\/www.technicontact.com\/en\/shop\/"},{"@type":"ListItem","position":3,"name":"Braehler- BraehlerOS Single Conference Suite, Server Application, unlimited."}]},{"@type":"WebSite","@id":"https:\/\/www.technicontact.com\/en\/#website","url":"https:\/\/www.technicontact.com\/en\/","name":"Techni+Contact","description":"Service-conseil en audiovisuel &amp; fournisseur mat\u00e9riel TI","publisher":{"@id":"https:\/\/www.technicontact.com\/en\/#organization"},"potentialAction":[{"@type":"SearchAction","target":{"@type":"EntryPoint","urlTemplate":"https:\/\/www.technicontact.com\/en\/?s={search_term_string}"},"query-input":{"@type":"PropertyValueSpecification","valueRequired":true,"valueName":"search_term_string"}}],"inLanguage":"en-US"},{"@type":"Organization","@id":"https:\/\/www.technicontact.com\/en\/#organization","name":"Techni+Contact","url":"https:\/\/www.technicontact.com\/en\/","logo":{"@type":"ImageObject","inLanguage":"en-US","@id":"https:\/\/www.technicontact.com\/en\/#\/schema\/logo\/image\/","url":"https:\/\/www.technicontact.com\/wp-content\/uploads\/2021\/03\/TC-V.svg","contentUrl":"https:\/\/www.technicontact.com\/wp-content\/uploads\/2021\/03\/TC-V.svg","width":182,"height":57,"caption":"Techni+Contact "},"image":{"@id":"https:\/\/www.technicontact.com\/en\/#\/schema\/logo\/image\/"},"sameAs":["https:\/\/www.facebook.com\/technicontact\/","https:\/\/x.com\/technicontact1","https:\/\/www.linkedin.com\/company\/techni-contact\/"]}]}},"_links":{"self":[{"href":"https:\/\/www.technicontact.com\/en\/wp-json\/wp\/v2\/product\/205450","targetHints":{"allow":["GET"]}}],"collection":[{"href":"https:\/\/www.technicontact.com\/en\/wp-json\/wp\/v2\/product"}],"about":[{"href":"https:\/\/www.technicontact.com\/en\/wp-json\/wp\/v2\/types\/product"}],"wp:featuredmedia":[{"embeddable":true,"href":"https:\/\/www.technicontact.com\/en\/wp-json\/wp\/v2\/media\/205809"}],"wp:attachment":[{"href":"https:\/\/www.technicontact.com\/en\/wp-json\/wp\/v2\/media?parent=205450"}],"wp:term":[{"taxonomy":"product_brand","embeddable":true,"href":"https:\/\/www.technicontact.com\/en\/wp-json\/wp\/v2\/product_brand?post=205450"},{"taxonomy":"product_cat","embeddable":true,"href":"https:\/\/www.technicontact.com\/en\/wp-json\/wp\/v2\/product_cat?post=205450"},{"taxonomy":"product_tag","embeddable":true,"href":"https:\/\/www.technicontact.com\/en\/wp-json\/wp\/v2\/product_tag?post=205450"}],"curies":[{"name":"wp","href":"https:\/\/api.w.org\/{rel}","templated":true}]}}