{"id":201478,"date":"2025-04-18T01:04:01","date_gmt":"2025-04-18T05:04:01","guid":{"rendered":"https:\/\/www.technicontact.com\/shop\/infobit-4k60-hdmi-video-wall-controller-1x-hdmi-and-1x-usb-c-in-4x-hdmi-out\/"},"modified":"2026-05-01T09:33:38","modified_gmt":"2026-05-01T13:33:38","slug":"infobit-4k60-hdmi-video-wall-controller-1x-hdmi-and-1x-usb-c-in-4x-hdmi-out","status":"publish","type":"product","link":"https:\/\/www.technicontact.com\/en\/boutique\/infobit-4k60-hdmi-video-wall-controller-1x-hdmi-and-1x-usb-c-in-4x-hdmi-out\/","title":{"rendered":"Infobit &#8211; 4K60 HDMI Video Wall Controller, 1x HDMI and 1x USB C in, 4x HDMI out."},"content":{"rendered":"<h1>iWall 104C<\/h1>\n<p>HDMI 4K60 1&#215;4 Video Wall Controller<\/p>\n<p>&nbsp;<\/p>\n<p>1x HDMI IN, 1x USB C IN, 4x HDMI OUT<\/p>\n<p>HDMI 2.0, HDCP 2.2 and DP1.2a compliant<\/p>\n<p>Support HDMI and USB-C inputs, resolution up to 4K@60Hz 4:4:4, not working simultaneously<\/p>\n<p>Support optical and L\/R analog audio de-embedding outputs<\/p>\n<p>Support 8x video wall modes: 1\u00d71, 2\u00d71, 3\u00d71, 4\u00d71, 1\u00d72, 1\u00d73, 1\u00d74, 2\u00d72<\/p>\n<p>Support image 180\u00b0 rotation, convenient for ceiling installation<\/p>\n<p>Support bezel adjustment<\/p>\n<p>Advanced EDID management<\/p>\n<p>Control via front panel buttons, IR remote and RS-232 commands<\/p>\n<p>Plug and play, no driver or software required<\/p>\n<p>&nbsp;<\/p>\n<h3 class=\"t\">Flexible videowall installation<\/h3>\n<div><\/div>\n<div class=\"d\">Supports 8x videowall displaying modes from 1&#215;2 to 2&#215;2 videowalls.<\/div>\n<div><\/div>\n<div>\n<h3 class=\"t\">Support both HDMI and USB C inputs<\/h3>\n<div><\/div>\n<div class=\"d\">Support HDMI and USB-C inputs, resolution up to 4K@60Hz 4:4:4,<br \/>\nthe HDMI and USB C input signals can be switched seamlessly,<br \/>\nbut not working simultaneously<\/div>\n<div><\/div>\n<\/div>\n<div>\n<h3 class=\"t\">Rotate the first row at 180\u00b0<\/h3>\n<div class=\"d\">The first row of outputs can be rotated at 180\u00b0, iedal for TV wall for sports bar, restaurant or shops.<\/div>\n<\/div>\n","protected":false},"excerpt":{"rendered":"<h1>iWall 104C<\/h1>\n<p>HDMI 4K60 1&#215;4 Video Wall Controller<\/p>\n","protected":false},"featured_media":201577,"template":"","meta":{"_acf_changed":false,"inline_featured_image":false,"ep_exclude_from_search":false},"product_brand":[6435],"product_cat":[6168],"product_tag":[765],"class_list":{"0":"post-201478","1":"product","2":"type-product","3":"status-publish","4":"has-post-thumbnail","6":"product_brand-infobit","7":"product_cat-control-management-and-monitoring","8":"product_tag-nouveaute","10":"first","11":"instock","12":"taxable","13":"shipping-taxable","14":"purchasable","15":"product-type-simple"},"acf":[],"yoast_head":"<!-- This site is optimized with the Yoast SEO plugin v27.1.1 - https:\/\/yoast.com\/product\/yoast-seo-wordpress\/ -->\n<title>Infobit - 4K60 HDMI Video Wall Controller, 1x HDMI and 1x USB C in, 4x HDMI out. | Techni+Contact<\/title>\n<meta name=\"robots\" content=\"index, follow, max-snippet:-1, max-image-preview:large, max-video-preview:-1\" \/>\n<link rel=\"canonical\" href=\"https:\/\/www.technicontact.com\/en\/boutique\/infobit-4k60-hdmi-video-wall-controller-1x-hdmi-and-1x-usb-c-in-4x-hdmi-out\/\" \/>\n<meta property=\"og:locale\" content=\"en_US\" \/>\n<meta property=\"og:type\" content=\"article\" \/>\n<meta property=\"og:title\" content=\"Infobit - 4K60 HDMI Video Wall Controller, 1x HDMI and 1x USB C in, 4x HDMI out. | Techni+Contact\" \/>\n<meta property=\"og:description\" content=\"iWall 104C HDMI 4K60 1x4 Video Wall Controller\" \/>\n<meta property=\"og:url\" content=\"https:\/\/www.technicontact.com\/en\/boutique\/infobit-4k60-hdmi-video-wall-controller-1x-hdmi-and-1x-usb-c-in-4x-hdmi-out\/\" \/>\n<meta property=\"og:site_name\" content=\"Techni+Contact\" \/>\n<meta property=\"article:publisher\" content=\"https:\/\/www.facebook.com\/technicontact\/\" \/>\n<meta property=\"article:modified_time\" content=\"2026-05-01T13:33:38+00:00\" \/>\n<meta property=\"og:image\" content=\"https:\/\/www.technicontact.com\/wp-content\/uploads\/2025\/04\/iWall-104C-d3.jpg\" \/>\n\t<meta property=\"og:image:width\" content=\"2560\" \/>\n\t<meta property=\"og:image:height\" content=\"1748\" \/>\n\t<meta property=\"og:image:type\" content=\"image\/jpeg\" \/>\n<meta name=\"twitter:card\" content=\"summary_large_image\" \/>\n<meta name=\"twitter:site\" content=\"@technicontact1\" \/>\n<meta name=\"twitter:label1\" content=\"Est. reading time\" \/>\n\t<meta name=\"twitter:data1\" content=\"1 minute\" \/>\n<script type=\"application\/ld+json\" class=\"yoast-schema-graph\">{\"@context\":\"https:\/\/schema.org\",\"@graph\":[{\"@type\":\"WebPage\",\"@id\":\"https:\/\/www.technicontact.com\/en\/boutique\/infobit-4k60-hdmi-video-wall-controller-1x-hdmi-and-1x-usb-c-in-4x-hdmi-out\/\",\"url\":\"https:\/\/www.technicontact.com\/en\/boutique\/infobit-4k60-hdmi-video-wall-controller-1x-hdmi-and-1x-usb-c-in-4x-hdmi-out\/\",\"name\":\"Infobit - 4K60 HDMI Video Wall Controller, 1x HDMI and 1x USB C in, 4x HDMI out. | Techni+Contact\",\"isPartOf\":{\"@id\":\"https:\/\/www.technicontact.com\/en\/#website\"},\"primaryImageOfPage\":{\"@id\":\"https:\/\/www.technicontact.com\/en\/boutique\/infobit-4k60-hdmi-video-wall-controller-1x-hdmi-and-1x-usb-c-in-4x-hdmi-out\/#primaryimage\"},\"image\":{\"@id\":\"https:\/\/www.technicontact.com\/en\/boutique\/infobit-4k60-hdmi-video-wall-controller-1x-hdmi-and-1x-usb-c-in-4x-hdmi-out\/#primaryimage\"},\"thumbnailUrl\":\"https:\/\/www.technicontact.com\/wp-content\/uploads\/2025\/04\/iWall-104C-d3.jpg\",\"datePublished\":\"2025-04-18T05:04:01+00:00\",\"dateModified\":\"2026-05-01T13:33:38+00:00\",\"breadcrumb\":{\"@id\":\"https:\/\/www.technicontact.com\/en\/boutique\/infobit-4k60-hdmi-video-wall-controller-1x-hdmi-and-1x-usb-c-in-4x-hdmi-out\/#breadcrumb\"},\"inLanguage\":\"en-US\",\"potentialAction\":[{\"@type\":\"ReadAction\",\"target\":[\"https:\/\/www.technicontact.com\/en\/boutique\/infobit-4k60-hdmi-video-wall-controller-1x-hdmi-and-1x-usb-c-in-4x-hdmi-out\/\"]}]},{\"@type\":\"ImageObject\",\"inLanguage\":\"en-US\",\"@id\":\"https:\/\/www.technicontact.com\/en\/boutique\/infobit-4k60-hdmi-video-wall-controller-1x-hdmi-and-1x-usb-c-in-4x-hdmi-out\/#primaryimage\",\"url\":\"https:\/\/www.technicontact.com\/wp-content\/uploads\/2025\/04\/iWall-104C-d3.jpg\",\"contentUrl\":\"https:\/\/www.technicontact.com\/wp-content\/uploads\/2025\/04\/iWall-104C-d3.jpg\",\"width\":2560,\"height\":1748},{\"@type\":\"BreadcrumbList\",\"@id\":\"https:\/\/www.technicontact.com\/en\/boutique\/infobit-4k60-hdmi-video-wall-controller-1x-hdmi-and-1x-usb-c-in-4x-hdmi-out\/#breadcrumb\",\"itemListElement\":[{\"@type\":\"ListItem\",\"position\":1,\"name\":\"Home\",\"item\":\"https:\/\/www.technicontact.com\/en\/\"},{\"@type\":\"ListItem\",\"position\":2,\"name\":\"Shop\",\"item\":\"https:\/\/www.technicontact.com\/en\/shop\/\"},{\"@type\":\"ListItem\",\"position\":3,\"name\":\"Infobit &#8211; 4K60 HDMI Video Wall Controller, 1x HDMI and 1x USB C in, 4x HDMI out.\"}]},{\"@type\":\"WebSite\",\"@id\":\"https:\/\/www.technicontact.com\/en\/#website\",\"url\":\"https:\/\/www.technicontact.com\/en\/\",\"name\":\"Techni+Contact\",\"description\":\"Service-conseil en audiovisuel &amp; fournisseur mat\u00e9riel TI\",\"publisher\":{\"@id\":\"https:\/\/www.technicontact.com\/en\/#organization\"},\"potentialAction\":[{\"@type\":\"SearchAction\",\"target\":{\"@type\":\"EntryPoint\",\"urlTemplate\":\"https:\/\/www.technicontact.com\/en\/?s={search_term_string}\"},\"query-input\":{\"@type\":\"PropertyValueSpecification\",\"valueRequired\":true,\"valueName\":\"search_term_string\"}}],\"inLanguage\":\"en-US\"},{\"@type\":\"Organization\",\"@id\":\"https:\/\/www.technicontact.com\/en\/#organization\",\"name\":\"Techni+Contact\",\"url\":\"https:\/\/www.technicontact.com\/en\/\",\"logo\":{\"@type\":\"ImageObject\",\"inLanguage\":\"en-US\",\"@id\":\"https:\/\/www.technicontact.com\/en\/#\/schema\/logo\/image\/\",\"url\":\"https:\/\/www.technicontact.com\/wp-content\/uploads\/2021\/03\/TC-V.svg\",\"contentUrl\":\"https:\/\/www.technicontact.com\/wp-content\/uploads\/2021\/03\/TC-V.svg\",\"width\":182,\"height\":57,\"caption\":\"Techni+Contact \"},\"image\":{\"@id\":\"https:\/\/www.technicontact.com\/en\/#\/schema\/logo\/image\/\"},\"sameAs\":[\"https:\/\/www.facebook.com\/technicontact\/\",\"https:\/\/x.com\/technicontact1\",\"https:\/\/www.linkedin.com\/company\/techni-contact\/\"]}]}<\/script>\n<!-- \/ Yoast SEO plugin. -->","yoast_head_json":{"title":"Infobit - 4K60 HDMI Video Wall Controller, 1x HDMI and 1x USB C in, 4x HDMI out. | Techni+Contact","robots":{"index":"index","follow":"follow","max-snippet":"max-snippet:-1","max-image-preview":"max-image-preview:large","max-video-preview":"max-video-preview:-1"},"canonical":"https:\/\/www.technicontact.com\/en\/boutique\/infobit-4k60-hdmi-video-wall-controller-1x-hdmi-and-1x-usb-c-in-4x-hdmi-out\/","og_locale":"en_US","og_type":"article","og_title":"Infobit - 4K60 HDMI Video Wall Controller, 1x HDMI and 1x USB C in, 4x HDMI out. | Techni+Contact","og_description":"iWall 104C HDMI 4K60 1x4 Video Wall Controller","og_url":"https:\/\/www.technicontact.com\/en\/boutique\/infobit-4k60-hdmi-video-wall-controller-1x-hdmi-and-1x-usb-c-in-4x-hdmi-out\/","og_site_name":"Techni+Contact","article_publisher":"https:\/\/www.facebook.com\/technicontact\/","article_modified_time":"2026-05-01T13:33:38+00:00","og_image":[{"width":2560,"height":1748,"url":"https:\/\/www.technicontact.com\/wp-content\/uploads\/2025\/04\/iWall-104C-d3.jpg","type":"image\/jpeg"}],"twitter_card":"summary_large_image","twitter_site":"@technicontact1","twitter_misc":{"Est. reading time":"1 minute"},"schema":{"@context":"https:\/\/schema.org","@graph":[{"@type":"WebPage","@id":"https:\/\/www.technicontact.com\/en\/boutique\/infobit-4k60-hdmi-video-wall-controller-1x-hdmi-and-1x-usb-c-in-4x-hdmi-out\/","url":"https:\/\/www.technicontact.com\/en\/boutique\/infobit-4k60-hdmi-video-wall-controller-1x-hdmi-and-1x-usb-c-in-4x-hdmi-out\/","name":"Infobit - 4K60 HDMI Video Wall Controller, 1x HDMI and 1x USB C in, 4x HDMI out. | Techni+Contact","isPartOf":{"@id":"https:\/\/www.technicontact.com\/en\/#website"},"primaryImageOfPage":{"@id":"https:\/\/www.technicontact.com\/en\/boutique\/infobit-4k60-hdmi-video-wall-controller-1x-hdmi-and-1x-usb-c-in-4x-hdmi-out\/#primaryimage"},"image":{"@id":"https:\/\/www.technicontact.com\/en\/boutique\/infobit-4k60-hdmi-video-wall-controller-1x-hdmi-and-1x-usb-c-in-4x-hdmi-out\/#primaryimage"},"thumbnailUrl":"https:\/\/www.technicontact.com\/wp-content\/uploads\/2025\/04\/iWall-104C-d3.jpg","datePublished":"2025-04-18T05:04:01+00:00","dateModified":"2026-05-01T13:33:38+00:00","breadcrumb":{"@id":"https:\/\/www.technicontact.com\/en\/boutique\/infobit-4k60-hdmi-video-wall-controller-1x-hdmi-and-1x-usb-c-in-4x-hdmi-out\/#breadcrumb"},"inLanguage":"en-US","potentialAction":[{"@type":"ReadAction","target":["https:\/\/www.technicontact.com\/en\/boutique\/infobit-4k60-hdmi-video-wall-controller-1x-hdmi-and-1x-usb-c-in-4x-hdmi-out\/"]}]},{"@type":"ImageObject","inLanguage":"en-US","@id":"https:\/\/www.technicontact.com\/en\/boutique\/infobit-4k60-hdmi-video-wall-controller-1x-hdmi-and-1x-usb-c-in-4x-hdmi-out\/#primaryimage","url":"https:\/\/www.technicontact.com\/wp-content\/uploads\/2025\/04\/iWall-104C-d3.jpg","contentUrl":"https:\/\/www.technicontact.com\/wp-content\/uploads\/2025\/04\/iWall-104C-d3.jpg","width":2560,"height":1748},{"@type":"BreadcrumbList","@id":"https:\/\/www.technicontact.com\/en\/boutique\/infobit-4k60-hdmi-video-wall-controller-1x-hdmi-and-1x-usb-c-in-4x-hdmi-out\/#breadcrumb","itemListElement":[{"@type":"ListItem","position":1,"name":"Home","item":"https:\/\/www.technicontact.com\/en\/"},{"@type":"ListItem","position":2,"name":"Shop","item":"https:\/\/www.technicontact.com\/en\/shop\/"},{"@type":"ListItem","position":3,"name":"Infobit &#8211; 4K60 HDMI Video Wall Controller, 1x HDMI and 1x USB C in, 4x HDMI out."}]},{"@type":"WebSite","@id":"https:\/\/www.technicontact.com\/en\/#website","url":"https:\/\/www.technicontact.com\/en\/","name":"Techni+Contact","description":"Service-conseil en audiovisuel &amp; fournisseur mat\u00e9riel TI","publisher":{"@id":"https:\/\/www.technicontact.com\/en\/#organization"},"potentialAction":[{"@type":"SearchAction","target":{"@type":"EntryPoint","urlTemplate":"https:\/\/www.technicontact.com\/en\/?s={search_term_string}"},"query-input":{"@type":"PropertyValueSpecification","valueRequired":true,"valueName":"search_term_string"}}],"inLanguage":"en-US"},{"@type":"Organization","@id":"https:\/\/www.technicontact.com\/en\/#organization","name":"Techni+Contact","url":"https:\/\/www.technicontact.com\/en\/","logo":{"@type":"ImageObject","inLanguage":"en-US","@id":"https:\/\/www.technicontact.com\/en\/#\/schema\/logo\/image\/","url":"https:\/\/www.technicontact.com\/wp-content\/uploads\/2021\/03\/TC-V.svg","contentUrl":"https:\/\/www.technicontact.com\/wp-content\/uploads\/2021\/03\/TC-V.svg","width":182,"height":57,"caption":"Techni+Contact "},"image":{"@id":"https:\/\/www.technicontact.com\/en\/#\/schema\/logo\/image\/"},"sameAs":["https:\/\/www.facebook.com\/technicontact\/","https:\/\/x.com\/technicontact1","https:\/\/www.linkedin.com\/company\/techni-contact\/"]}]}},"_links":{"self":[{"href":"https:\/\/www.technicontact.com\/en\/wp-json\/wp\/v2\/product\/201478","targetHints":{"allow":["GET"]}}],"collection":[{"href":"https:\/\/www.technicontact.com\/en\/wp-json\/wp\/v2\/product"}],"about":[{"href":"https:\/\/www.technicontact.com\/en\/wp-json\/wp\/v2\/types\/product"}],"wp:featuredmedia":[{"embeddable":true,"href":"https:\/\/www.technicontact.com\/en\/wp-json\/wp\/v2\/media\/201577"}],"wp:attachment":[{"href":"https:\/\/www.technicontact.com\/en\/wp-json\/wp\/v2\/media?parent=201478"}],"wp:term":[{"taxonomy":"product_brand","embeddable":true,"href":"https:\/\/www.technicontact.com\/en\/wp-json\/wp\/v2\/product_brand?post=201478"},{"taxonomy":"product_cat","embeddable":true,"href":"https:\/\/www.technicontact.com\/en\/wp-json\/wp\/v2\/product_cat?post=201478"},{"taxonomy":"product_tag","embeddable":true,"href":"https:\/\/www.technicontact.com\/en\/wp-json\/wp\/v2\/product_tag?post=201478"}],"curies":[{"name":"wp","href":"https:\/\/api.w.org\/{rel}","templated":true}]}}