{"id":200640,"date":"2025-03-18T01:04:00","date_gmt":"2025-03-18T05:04:00","guid":{"rendered":"https:\/\/www.technicontact.com\/shop\/show-amplificateur-mono-120w-rms-sorties-70v-et-8-ohms-4-entrees-micro-ligne-1-entree-aux-stereo-lecteur-mp3-usb-sd-tuner-bluetooth-dab-1u\/"},"modified":"2026-05-03T09:12:48","modified_gmt":"2026-05-03T13:12:48","slug":"show-amplificateur-mono-120w-rms-sorties-70v-et-8-ohms-4-entrees-micro-ligne-1-entree-aux-stereo-lecteur-mp3-usb-sd-tuner-bluetooth-dab-1u","status":"publish","type":"product","link":"https:\/\/www.technicontact.com\/boutique\/show-amplificateur-mono-120w-rms-sorties-70v-et-8-ohms-4-entrees-micro-ligne-1-entree-aux-stereo-lecteur-mp3-usb-sd-tuner-bluetooth-dab-1u\/","title":{"rendered":"SHOW &#8211; Amplificateur mono 120w rms, sorties 70v et 8 ohms, 4 entr\u00e9es micro\/ligne, 1 entr\u00e9e AUX st\u00e9r\u00e9o, lecteur MP3 USB-SD, Tuner, Bluetooth, DAB, 1U"},"content":{"rendered":"<p>(anciennement SA-120)<\/p>\n<p>Puissance de sortie (\u00e0 4O\/70V\/100V) : RMS 120W<br \/>\nR\u00e9ponse en fr\u00e9quence 80Hz &#8211; 16kHz \u00b1 3 dB<br \/>\nAlimentation AC : 100~240V 50\/60Hz, DC 24V<br \/>\nEntr\u00e9e \/ Sensibilit\u00e9 MIC : -40dBv sym\u00e9trique<br \/>\nLigne : -10dBv sym\u00e9trique<br \/>\nAUX : -10dBv asym\u00e9trique<br \/>\nTension fant\u00f4me 18V Ligne<br \/>\nTHD 65dB<br \/>\nLigne &gt; 75d<br \/>\nBAUX &gt; 75dB<br \/>\nSortie (O) 4O<br \/>\nSortie (V) 70V, 100V<br \/>\nCommandes 4 Volume INPUT, 1 Volume AUX, 1 Niveau d&#8217;\u00e9cho, 2 Aigus\/Basses, 1 Volume MASTER, Niveau de priorit\u00e9<br \/>\nModule BGM Lecteur USB-SD MP3 \/ Tuner FM \/ Bluetooth<br \/>\nDimensions (L x P x H) 483 x 281 x 44 mm (19.02&#8221; x 11.06&#8221; x 1.73&#8221;)<br \/>\nPoids 4,9 kg<\/p>\n","protected":false},"excerpt":{"rendered":"<p>Puissance de sortie (\u00e0 4O\/70V\/100V) : RMS 120W<br \/>\nR\u00e9ponse en fr\u00e9quence 80Hz &#8211; 16kHz \u00b1 3 dB<br \/>\nAlimentation AC : 100~240V 50\/60Hz, DC 24V<br \/>\nEntr\u00e9e \/ Sensibilit\u00e9 MIC : -40dBv sym\u00e9trique<br \/>\nLigne : -10dBv sym\u00e9trique<br \/>\nAUX : -10dBv asym\u00e9trique<br \/>\nTension fant\u00f4me 18V Ligne<br \/>\nTHD 65dB<br \/>\nLigne &gt; 75d<br \/>\nBAUX &gt; 75dB<br \/>\nSortie (O) 4O<br \/>\nSortie (V) 70V, 100V<br \/>\nCommandes 4 Volume INPUT, 1 Volume AUX, 1 Niveau d&#8217;\u00e9cho, 2 Aigus\/Basses, 1 Volume MASTER, Niveau de priorit\u00e9<br \/>\nModule BGM Lecteur USB-SD MP3 \/ Tuner FM \/ Bluetooth<br \/>\nDimensions (L x P x H) 483 x 281 x 44 mm (19.02&#8221; x 11.06&#8221; x 1.73&#8221;)<br \/>\nPoids 4,9 kg<\/p>\n","protected":false},"featured_media":200648,"template":"","meta":{"_acf_changed":false,"inline_featured_image":false,"ep_exclude_from_search":false},"product_brand":[],"product_cat":[6037],"product_tag":[765],"class_list":{"0":"post-200640","1":"product","2":"type-product","3":"status-publish","4":"has-post-thumbnail","6":"product_cat-amplificateurs","7":"product_tag-nouveaute","9":"first","10":"instock","11":"taxable","12":"shipping-taxable","13":"purchasable","14":"product-type-simple"},"acf":[],"yoast_head":"<!-- This site is optimized with the Yoast SEO plugin v27.1.1 - https:\/\/yoast.com\/product\/yoast-seo-wordpress\/ -->\n<title>SHOW - Amplificateur mono 120w rms, sorties 70v et 8 ohms, 4 entr\u00e9es micro\/ligne, 1 entr\u00e9e AUX st\u00e9r\u00e9o, lecteur MP3 USB-SD, Tuner, Bluetooth, DAB, 1U | Techni+Contact<\/title>\n<meta name=\"robots\" content=\"index, follow, max-snippet:-1, max-image-preview:large, max-video-preview:-1\" \/>\n<link rel=\"canonical\" href=\"https:\/\/www.technicontact.com\/en\/boutique\/show-amplificateur-mono-120w-rms-sorties-70v-et-8-ohms-4-entrees-micro-ligne-1-entree-aux-stereo-lecteur-mp3-usb-sd-tuner-bluetooth-dab-1u\/\" \/>\n<meta property=\"og:locale\" content=\"en_US\" \/>\n<meta property=\"og:type\" content=\"article\" \/>\n<meta property=\"og:title\" content=\"SHOW - Amplificateur mono 120w rms, sorties 70v et 8 ohms, 4 entr\u00e9es micro\/ligne, 1 entr\u00e9e AUX st\u00e9r\u00e9o, lecteur MP3 USB-SD, Tuner, Bluetooth, DAB, 1U | Techni+Contact\" \/>\n<meta property=\"og:description\" content=\"Puissance de sortie (\u00e0 4O\/70V\/100V) : RMS 120W R\u00e9ponse en fr\u00e9quence 80Hz - 16kHz \u00b1 3 dB Alimentation AC : 100~240V 50\/60Hz, DC 24V Entr\u00e9e \/ Sensibilit\u00e9 MIC : -40dBv sym\u00e9trique Ligne : -10dBv sym\u00e9trique AUX : -10dBv asym\u00e9trique Tension fant\u00f4me 18V Ligne THD 65dB Ligne &gt; 75d BAUX &gt; 75dB Sortie (O) 4O Sortie (V) 70V, 100V Commandes 4 Volume INPUT, 1 Volume AUX, 1 Niveau d&#039;\u00e9cho, 2 Aigus\/Basses, 1 Volume MASTER, Niveau de priorit\u00e9 Module BGM Lecteur USB-SD MP3 \/ Tuner FM \/ Bluetooth Dimensions (L x P x H) 483 x 281 x 44 mm (19.02&#039;&#039; x 11.06&#039;&#039; x 1.73&#039;&#039;) Poids 4,9 kg\" \/>\n<meta property=\"og:url\" content=\"https:\/\/www.technicontact.com\/boutique\/show-amplificateur-mono-120w-rms-sorties-70v-et-8-ohms-4-entrees-micro-ligne-1-entree-aux-stereo-lecteur-mp3-usb-sd-tuner-bluetooth-dab-1u\/\" \/>\n<meta property=\"og:site_name\" content=\"Techni+Contact\" \/>\n<meta property=\"article:publisher\" content=\"https:\/\/www.facebook.com\/technicontact\/\" \/>\n<meta property=\"article:modified_time\" content=\"2026-05-03T13:12:48+00:00\" \/>\n<meta property=\"og:image\" content=\"https:\/\/www.technicontact.com\/wp-content\/uploads\/2025\/03\/PAD-120.png\" \/>\n\t<meta property=\"og:image:width\" content=\"660\" \/>\n\t<meta property=\"og:image:height\" content=\"390\" \/>\n\t<meta property=\"og:image:type\" content=\"image\/png\" \/>\n<meta name=\"twitter:card\" content=\"summary_large_image\" \/>\n<meta name=\"twitter:site\" content=\"@technicontact1\" \/>\n<meta name=\"twitter:label1\" content=\"Est. reading time\" \/>\n\t<meta name=\"twitter:data1\" content=\"1 minute\" \/>\n<script type=\"application\/ld+json\" class=\"yoast-schema-graph\">{\"@context\":\"https:\/\/schema.org\",\"@graph\":[{\"@type\":\"WebPage\",\"@id\":\"https:\/\/www.technicontact.com\/boutique\/show-amplificateur-mono-120w-rms-sorties-70v-et-8-ohms-4-entrees-micro-ligne-1-entree-aux-stereo-lecteur-mp3-usb-sd-tuner-bluetooth-dab-1u\/\",\"url\":\"https:\/\/www.technicontact.com\/boutique\/show-amplificateur-mono-120w-rms-sorties-70v-et-8-ohms-4-entrees-micro-ligne-1-entree-aux-stereo-lecteur-mp3-usb-sd-tuner-bluetooth-dab-1u\/\",\"name\":\"SHOW - Amplificateur mono 120w rms, sorties 70v et 8 ohms, 4 entr\u00e9es micro\/ligne, 1 entr\u00e9e AUX st\u00e9r\u00e9o, lecteur MP3 USB-SD, Tuner, Bluetooth, DAB, 1U | Techni+Contact\",\"isPartOf\":{\"@id\":\"https:\/\/www.technicontact.com\/en\/#website\"},\"primaryImageOfPage\":{\"@id\":\"https:\/\/www.technicontact.com\/boutique\/show-amplificateur-mono-120w-rms-sorties-70v-et-8-ohms-4-entrees-micro-ligne-1-entree-aux-stereo-lecteur-mp3-usb-sd-tuner-bluetooth-dab-1u\/#primaryimage\"},\"image\":{\"@id\":\"https:\/\/www.technicontact.com\/boutique\/show-amplificateur-mono-120w-rms-sorties-70v-et-8-ohms-4-entrees-micro-ligne-1-entree-aux-stereo-lecteur-mp3-usb-sd-tuner-bluetooth-dab-1u\/#primaryimage\"},\"thumbnailUrl\":\"https:\/\/www.technicontact.com\/wp-content\/uploads\/2025\/03\/PAD-120.png\",\"datePublished\":\"2025-03-18T05:04:00+00:00\",\"dateModified\":\"2026-05-03T13:12:48+00:00\",\"breadcrumb\":{\"@id\":\"https:\/\/www.technicontact.com\/boutique\/show-amplificateur-mono-120w-rms-sorties-70v-et-8-ohms-4-entrees-micro-ligne-1-entree-aux-stereo-lecteur-mp3-usb-sd-tuner-bluetooth-dab-1u\/#breadcrumb\"},\"inLanguage\":\"en-US\",\"potentialAction\":[{\"@type\":\"ReadAction\",\"target\":[\"https:\/\/www.technicontact.com\/boutique\/show-amplificateur-mono-120w-rms-sorties-70v-et-8-ohms-4-entrees-micro-ligne-1-entree-aux-stereo-lecteur-mp3-usb-sd-tuner-bluetooth-dab-1u\/\"]}]},{\"@type\":\"ImageObject\",\"inLanguage\":\"en-US\",\"@id\":\"https:\/\/www.technicontact.com\/boutique\/show-amplificateur-mono-120w-rms-sorties-70v-et-8-ohms-4-entrees-micro-ligne-1-entree-aux-stereo-lecteur-mp3-usb-sd-tuner-bluetooth-dab-1u\/#primaryimage\",\"url\":\"https:\/\/www.technicontact.com\/wp-content\/uploads\/2025\/03\/PAD-120.png\",\"contentUrl\":\"https:\/\/www.technicontact.com\/wp-content\/uploads\/2025\/03\/PAD-120.png\",\"width\":660,\"height\":390},{\"@type\":\"BreadcrumbList\",\"@id\":\"https:\/\/www.technicontact.com\/boutique\/show-amplificateur-mono-120w-rms-sorties-70v-et-8-ohms-4-entrees-micro-ligne-1-entree-aux-stereo-lecteur-mp3-usb-sd-tuner-bluetooth-dab-1u\/#breadcrumb\",\"itemListElement\":[{\"@type\":\"ListItem\",\"position\":1,\"name\":\"Home\",\"item\":\"https:\/\/www.technicontact.com\/en\/\"},{\"@type\":\"ListItem\",\"position\":2,\"name\":\"Shop\",\"item\":\"https:\/\/www.technicontact.com\/en\/shop\/\"},{\"@type\":\"ListItem\",\"position\":3,\"name\":\"SHOW &#8211; Amplificateur mono 120w rms, sorties 70v et 8 ohms, 4 entr\u00e9es micro\/ligne, 1 entr\u00e9e AUX st\u00e9r\u00e9o, lecteur MP3 USB-SD, Tuner, Bluetooth, DAB, 1U\"}]},{\"@type\":\"WebSite\",\"@id\":\"https:\/\/www.technicontact.com\/en\/#website\",\"url\":\"https:\/\/www.technicontact.com\/en\/\",\"name\":\"Techni+Contact\",\"description\":\"Service-conseil en audiovisuel &amp; fournisseur mat\u00e9riel TI\",\"publisher\":{\"@id\":\"https:\/\/www.technicontact.com\/en\/#organization\"},\"potentialAction\":[{\"@type\":\"SearchAction\",\"target\":{\"@type\":\"EntryPoint\",\"urlTemplate\":\"https:\/\/www.technicontact.com\/en\/?s={search_term_string}\"},\"query-input\":{\"@type\":\"PropertyValueSpecification\",\"valueRequired\":true,\"valueName\":\"search_term_string\"}}],\"inLanguage\":\"en-US\"},{\"@type\":\"Organization\",\"@id\":\"https:\/\/www.technicontact.com\/en\/#organization\",\"name\":\"Techni+Contact\",\"url\":\"https:\/\/www.technicontact.com\/en\/\",\"logo\":{\"@type\":\"ImageObject\",\"inLanguage\":\"en-US\",\"@id\":\"https:\/\/www.technicontact.com\/en\/#\/schema\/logo\/image\/\",\"url\":\"https:\/\/www.technicontact.com\/wp-content\/uploads\/2021\/03\/TC-V.svg\",\"contentUrl\":\"https:\/\/www.technicontact.com\/wp-content\/uploads\/2021\/03\/TC-V.svg\",\"width\":182,\"height\":57,\"caption\":\"Techni+Contact \"},\"image\":{\"@id\":\"https:\/\/www.technicontact.com\/en\/#\/schema\/logo\/image\/\"},\"sameAs\":[\"https:\/\/www.facebook.com\/technicontact\/\",\"https:\/\/x.com\/technicontact1\",\"https:\/\/www.linkedin.com\/company\/techni-contact\/\"]}]}<\/script>\n<!-- \/ Yoast SEO plugin. -->","yoast_head_json":{"title":"SHOW - Amplificateur mono 120w rms, sorties 70v et 8 ohms, 4 entr\u00e9es micro\/ligne, 1 entr\u00e9e AUX st\u00e9r\u00e9o, lecteur MP3 USB-SD, Tuner, Bluetooth, DAB, 1U | Techni+Contact","robots":{"index":"index","follow":"follow","max-snippet":"max-snippet:-1","max-image-preview":"max-image-preview:large","max-video-preview":"max-video-preview:-1"},"canonical":"https:\/\/www.technicontact.com\/en\/boutique\/show-amplificateur-mono-120w-rms-sorties-70v-et-8-ohms-4-entrees-micro-ligne-1-entree-aux-stereo-lecteur-mp3-usb-sd-tuner-bluetooth-dab-1u\/","og_locale":"en_US","og_type":"article","og_title":"SHOW - Amplificateur mono 120w rms, sorties 70v et 8 ohms, 4 entr\u00e9es micro\/ligne, 1 entr\u00e9e AUX st\u00e9r\u00e9o, lecteur MP3 USB-SD, Tuner, Bluetooth, DAB, 1U | Techni+Contact","og_description":"Puissance de sortie (\u00e0 4O\/70V\/100V) : RMS 120W R\u00e9ponse en fr\u00e9quence 80Hz - 16kHz \u00b1 3 dB Alimentation AC : 100~240V 50\/60Hz, DC 24V Entr\u00e9e \/ Sensibilit\u00e9 MIC : -40dBv sym\u00e9trique Ligne : -10dBv sym\u00e9trique AUX : -10dBv asym\u00e9trique Tension fant\u00f4me 18V Ligne THD 65dB Ligne &gt; 75d BAUX &gt; 75dB Sortie (O) 4O Sortie (V) 70V, 100V Commandes 4 Volume INPUT, 1 Volume AUX, 1 Niveau d'\u00e9cho, 2 Aigus\/Basses, 1 Volume MASTER, Niveau de priorit\u00e9 Module BGM Lecteur USB-SD MP3 \/ Tuner FM \/ Bluetooth Dimensions (L x P x H) 483 x 281 x 44 mm (19.02'' x 11.06'' x 1.73'') Poids 4,9 kg","og_url":"https:\/\/www.technicontact.com\/boutique\/show-amplificateur-mono-120w-rms-sorties-70v-et-8-ohms-4-entrees-micro-ligne-1-entree-aux-stereo-lecteur-mp3-usb-sd-tuner-bluetooth-dab-1u\/","og_site_name":"Techni+Contact","article_publisher":"https:\/\/www.facebook.com\/technicontact\/","article_modified_time":"2026-05-03T13:12:48+00:00","og_image":[{"width":660,"height":390,"url":"https:\/\/www.technicontact.com\/wp-content\/uploads\/2025\/03\/PAD-120.png","type":"image\/png"}],"twitter_card":"summary_large_image","twitter_site":"@technicontact1","twitter_misc":{"Est. reading time":"1 minute"},"schema":{"@context":"https:\/\/schema.org","@graph":[{"@type":"WebPage","@id":"https:\/\/www.technicontact.com\/boutique\/show-amplificateur-mono-120w-rms-sorties-70v-et-8-ohms-4-entrees-micro-ligne-1-entree-aux-stereo-lecteur-mp3-usb-sd-tuner-bluetooth-dab-1u\/","url":"https:\/\/www.technicontact.com\/boutique\/show-amplificateur-mono-120w-rms-sorties-70v-et-8-ohms-4-entrees-micro-ligne-1-entree-aux-stereo-lecteur-mp3-usb-sd-tuner-bluetooth-dab-1u\/","name":"SHOW - Amplificateur mono 120w rms, sorties 70v et 8 ohms, 4 entr\u00e9es micro\/ligne, 1 entr\u00e9e AUX st\u00e9r\u00e9o, lecteur MP3 USB-SD, Tuner, Bluetooth, DAB, 1U | Techni+Contact","isPartOf":{"@id":"https:\/\/www.technicontact.com\/en\/#website"},"primaryImageOfPage":{"@id":"https:\/\/www.technicontact.com\/boutique\/show-amplificateur-mono-120w-rms-sorties-70v-et-8-ohms-4-entrees-micro-ligne-1-entree-aux-stereo-lecteur-mp3-usb-sd-tuner-bluetooth-dab-1u\/#primaryimage"},"image":{"@id":"https:\/\/www.technicontact.com\/boutique\/show-amplificateur-mono-120w-rms-sorties-70v-et-8-ohms-4-entrees-micro-ligne-1-entree-aux-stereo-lecteur-mp3-usb-sd-tuner-bluetooth-dab-1u\/#primaryimage"},"thumbnailUrl":"https:\/\/www.technicontact.com\/wp-content\/uploads\/2025\/03\/PAD-120.png","datePublished":"2025-03-18T05:04:00+00:00","dateModified":"2026-05-03T13:12:48+00:00","breadcrumb":{"@id":"https:\/\/www.technicontact.com\/boutique\/show-amplificateur-mono-120w-rms-sorties-70v-et-8-ohms-4-entrees-micro-ligne-1-entree-aux-stereo-lecteur-mp3-usb-sd-tuner-bluetooth-dab-1u\/#breadcrumb"},"inLanguage":"en-US","potentialAction":[{"@type":"ReadAction","target":["https:\/\/www.technicontact.com\/boutique\/show-amplificateur-mono-120w-rms-sorties-70v-et-8-ohms-4-entrees-micro-ligne-1-entree-aux-stereo-lecteur-mp3-usb-sd-tuner-bluetooth-dab-1u\/"]}]},{"@type":"ImageObject","inLanguage":"en-US","@id":"https:\/\/www.technicontact.com\/boutique\/show-amplificateur-mono-120w-rms-sorties-70v-et-8-ohms-4-entrees-micro-ligne-1-entree-aux-stereo-lecteur-mp3-usb-sd-tuner-bluetooth-dab-1u\/#primaryimage","url":"https:\/\/www.technicontact.com\/wp-content\/uploads\/2025\/03\/PAD-120.png","contentUrl":"https:\/\/www.technicontact.com\/wp-content\/uploads\/2025\/03\/PAD-120.png","width":660,"height":390},{"@type":"BreadcrumbList","@id":"https:\/\/www.technicontact.com\/boutique\/show-amplificateur-mono-120w-rms-sorties-70v-et-8-ohms-4-entrees-micro-ligne-1-entree-aux-stereo-lecteur-mp3-usb-sd-tuner-bluetooth-dab-1u\/#breadcrumb","itemListElement":[{"@type":"ListItem","position":1,"name":"Home","item":"https:\/\/www.technicontact.com\/en\/"},{"@type":"ListItem","position":2,"name":"Shop","item":"https:\/\/www.technicontact.com\/en\/shop\/"},{"@type":"ListItem","position":3,"name":"SHOW &#8211; Amplificateur mono 120w rms, sorties 70v et 8 ohms, 4 entr\u00e9es micro\/ligne, 1 entr\u00e9e AUX st\u00e9r\u00e9o, lecteur MP3 USB-SD, Tuner, Bluetooth, DAB, 1U"}]},{"@type":"WebSite","@id":"https:\/\/www.technicontact.com\/en\/#website","url":"https:\/\/www.technicontact.com\/en\/","name":"Techni+Contact","description":"Service-conseil en audiovisuel &amp; fournisseur mat\u00e9riel TI","publisher":{"@id":"https:\/\/www.technicontact.com\/en\/#organization"},"potentialAction":[{"@type":"SearchAction","target":{"@type":"EntryPoint","urlTemplate":"https:\/\/www.technicontact.com\/en\/?s={search_term_string}"},"query-input":{"@type":"PropertyValueSpecification","valueRequired":true,"valueName":"search_term_string"}}],"inLanguage":"en-US"},{"@type":"Organization","@id":"https:\/\/www.technicontact.com\/en\/#organization","name":"Techni+Contact","url":"https:\/\/www.technicontact.com\/en\/","logo":{"@type":"ImageObject","inLanguage":"en-US","@id":"https:\/\/www.technicontact.com\/en\/#\/schema\/logo\/image\/","url":"https:\/\/www.technicontact.com\/wp-content\/uploads\/2021\/03\/TC-V.svg","contentUrl":"https:\/\/www.technicontact.com\/wp-content\/uploads\/2021\/03\/TC-V.svg","width":182,"height":57,"caption":"Techni+Contact "},"image":{"@id":"https:\/\/www.technicontact.com\/en\/#\/schema\/logo\/image\/"},"sameAs":["https:\/\/www.facebook.com\/technicontact\/","https:\/\/x.com\/technicontact1","https:\/\/www.linkedin.com\/company\/techni-contact\/"]}]}},"_links":{"self":[{"href":"https:\/\/www.technicontact.com\/en\/wp-json\/wp\/v2\/product\/200640","targetHints":{"allow":["GET"]}}],"collection":[{"href":"https:\/\/www.technicontact.com\/en\/wp-json\/wp\/v2\/product"}],"about":[{"href":"https:\/\/www.technicontact.com\/en\/wp-json\/wp\/v2\/types\/product"}],"wp:featuredmedia":[{"embeddable":true,"href":"https:\/\/www.technicontact.com\/en\/wp-json\/wp\/v2\/media\/200648"}],"wp:attachment":[{"href":"https:\/\/www.technicontact.com\/en\/wp-json\/wp\/v2\/media?parent=200640"}],"wp:term":[{"taxonomy":"product_brand","embeddable":true,"href":"https:\/\/www.technicontact.com\/en\/wp-json\/wp\/v2\/product_brand?post=200640"},{"taxonomy":"product_cat","embeddable":true,"href":"https:\/\/www.technicontact.com\/en\/wp-json\/wp\/v2\/product_cat?post=200640"},{"taxonomy":"product_tag","embeddable":true,"href":"https:\/\/www.technicontact.com\/en\/wp-json\/wp\/v2\/product_tag?post=200640"}],"curies":[{"name":"wp","href":"https:\/\/api.w.org\/{rel}","templated":true}]}}