{"id":190810,"date":"2022-11-02T01:03:55","date_gmt":"2022-11-02T05:03:55","guid":{"rendered":"https:\/\/www.technicontact.com\/shop\/mipro-uhf-narrowband-bodypack-wireless-transmitter-with-xlr-connector-freq-5nd\/"},"modified":"2026-04-08T13:45:25","modified_gmt":"2026-04-08T17:45:25","slug":"mipro-uhf-narrowband-bodypack-wireless-transmitter-with-xlr-connector-freq-5nd","status":"publish","type":"product","link":"https:\/\/www.technicontact.com\/en\/boutique\/mipro-uhf-narrowband-bodypack-wireless-transmitter-with-xlr-connector-freq-5nd\/","title":{"rendered":"MIPRO &#8211; UHF Narrowband Bodypack Wireless Transmitter with XLR connector. Freq. 5ND"},"content":{"rendered":"<p>Newly designed compact and lightweight housing for easy wearing.<\/p>\n<p>The panel integrates a backlit LCD and setup buttons for easy operation and view of all operating information.<\/p>\n<p>On top of the housing is equipped with an antenna, mute button and mini XLR connector. The Mini XLR audio input connector accepts either a screw-lock or a TA4F quick-lock plug. A remote-control mute jack is for easy activation of the mute function.<\/p>\n<p>The audio input can be switched to low impedance Mic-in \u201cMT\u201d or high impedance Line-in \u201cGT\u201d to match up the input impedance. The high dynamic range audio input prevents saturation distortion.<\/p>\n<p>The world\u2019s first ACT\u2122 function provides precise and rapid frequency sync to the receiver.<\/p>\n<p>The patented battery compartment can be inserted with two AA-type batteries or one rechargeable battery, charging via USB Type-C with the foolproof and safe charging circuit.<\/p>\n<p>A belt clip for easy wearing.<\/p>\n<p>Model\tACT-500T<\/p>\n<p>Name\tUHF Narrowband Bodypack Transmitter<\/p>\n<p>Mic Capsule Modules\tPaired lavalier mic MU-55L or optional other MIPRO\u2019s lavalier and headworn mic capsule modules.<\/p>\n<p>Max. Audio Input\t0 dBV<\/p>\n<p>Display\tGreen backlit LCD<\/p>\n<p>Frequency Range\tUHF 566-590<\/p>\n<p>Bandwidth\t24 MHz<\/p>\n<p>Input Impedance Setting\tLow impedance (Mic-in) and high impedance (Line-in) are switchable.<\/p>\n<p>RF Power Output\t10 mW \/ 50 mW switchable (country dependent)<\/p>\n<p>Spurious Emission\t&lt; 4 nW<\/p>\n<p>Battery\tOne 18500 lithium-ion battery or two AA alkaline<\/p>\n<p>Charging Type\tUSB Type-C with the foolproof and safe charging circuit.<\/p>\n<p>Dimensions\t63 \u00d7 80 \u00d7 25 mm (W\u00d7H\u00d7D)<\/p>\n<p>Weight\tApprox. 96 g<\/p>\n","protected":false},"excerpt":{"rendered":"<p>Newly designed compact and lightweight housing for easy wearing.<\/p>\n<p>The panel integrates a backlit LCD and setup buttons for easy operation and view of all operating information.<\/p>\n<p>On top of the housing is equipped with an antenna, mute button and mini XLR connector. The Mini XLR audio input connector accepts either a screw-lock or a TA4F quick-lock plug. A remote-control mute jack is for easy activation of the mute function.<\/p>\n<p>The audio input can be switched to low impedance Mic-in \u201cMT\u201d or high impedance Line-in \u201cGT\u201d to match up the input impedance. The high dynamic range audio input prevents saturation distortion.<\/p>\n<p>The world\u2019s first ACT\u2122 function provides precise and rapid frequency sync to the receiver.<\/p>\n<p>The patented battery compartment can be inserted with two AA-type batteries or one rechargeable battery, charging via USB Type-C with the foolproof and safe charging circuit.<\/p>\n<p>A belt clip for easy wearing.<\/p>\n<p>Model\tACT-500T<\/p>\n<p>Name\tUHF Narrowband Bodypack Transmitter<\/p>\n<p>Mic Capsule Modules\tPaired lavalier mic MU-55L or optional other MIPRO\u2019s lavalier and headworn mic capsule modules.<\/p>\n<p>Max. Audio Input\t0 dBV<\/p>\n<p>Display\tGreen backlit LCD<\/p>\n<p>Frequency Range\tUHF 566-590<\/p>\n<p>Bandwidth\t24 MHz<\/p>\n<p>Input Impedance Setting\tLow impedance (Mic-in) and high impedance (Line-in) are switchable.<\/p>\n<p>RF Power Output\t10 mW \/ 50 mW switchable (country dependent)<\/p>\n<p>Spurious Emission\t&lt; 4 nW<\/p>\n<p>Battery\tOne 18500 lithium-ion battery or two AA alkaline<\/p>\n<p>Charging Type\tUSB Type-C with the foolproof and safe charging circuit.<\/p>\n<p>Dimensions\t63 \u00d7 80 \u00d7 25 mm (W\u00d7H\u00d7D)<\/p>\n<p>Weight\tApprox. 96 g<\/p>\n","protected":false},"featured_media":206115,"template":"","meta":{"_acf_changed":false,"inline_featured_image":false,"ep_exclude_from_search":false},"product_brand":[6438],"product_cat":[5978,5984],"product_tag":[],"class_list":{"0":"post-190810","1":"product","2":"type-product","3":"status-publish","4":"has-post-thumbnail","6":"product_brand-mipro","7":"product_cat-microphones-2","8":"product_cat-wireless-microphone-systems","9":"pa_garantie-annees-1-en","10":"pa_marque-mipro-en","11":"pa_quantite-par-paquet-1-unit","13":"first","14":"instock","15":"taxable","16":"shipping-taxable","17":"purchasable","18":"product-type-simple"},"acf":[],"yoast_head":"<!-- This site is optimized with the Yoast SEO plugin v27.1.1 - https:\/\/yoast.com\/product\/yoast-seo-wordpress\/ -->\n<title>MIPRO - UHF Narrowband Bodypack Wireless Transmitter with XLR connector. Freq. 5ND | Techni+Contact<\/title>\n<meta name=\"robots\" content=\"index, follow, max-snippet:-1, max-image-preview:large, max-video-preview:-1\" \/>\n<link rel=\"canonical\" href=\"https:\/\/www.technicontact.com\/en\/boutique\/mipro-uhf-narrowband-bodypack-wireless-transmitter-with-xlr-connector-freq-5nd\/\" \/>\n<meta property=\"og:locale\" content=\"en_US\" \/>\n<meta property=\"og:type\" content=\"article\" \/>\n<meta property=\"og:title\" content=\"MIPRO - UHF Narrowband Bodypack Wireless Transmitter with XLR connector. Freq. 5ND | Techni+Contact\" \/>\n<meta property=\"og:description\" content=\"Newly designed compact and lightweight housing for easy wearing.  The panel integrates a backlit LCD and setup buttons for easy operation and view of all operating information.  On top of the housing is equipped with an antenna, mute button and mini XLR connector. The Mini XLR audio input connector accepts either a screw-lock or a TA4F quick-lock plug. A remote-control mute jack is for easy activation of the mute function.  The audio input can be switched to low impedance Mic-in \u201cMT\u201d or high impedance Line-in \u201cGT\u201d to match up the input impedance. The high dynamic range audio input prevents saturation distortion.  The world\u2019s first ACT\u2122 function provides precise and rapid frequency sync to the receiver.  The patented battery compartment can be inserted with two AA-type batteries or one rechargeable battery, charging via USB Type-C with the foolproof and safe charging circuit.  A belt clip for easy wearing.  Model ACT-500T  Name UHF Narrowband Bodypack Transmitter  Mic Capsule Modules Paired lavalier mic MU-55L or optional other MIPRO\u2019s lavalier and headworn mic capsule modules.  Max. Audio Input 0 dBV  Display Green backlit LCD  Frequency Range UHF 566-590  Bandwidth 24 MHz  Input Impedance Setting Low impedance (Mic-in) and high impedance (Line-in) are switchable.  RF Power Output 10 mW \/ 50 mW switchable (country dependent)  Spurious Emission &lt; 4 nW  Battery One 18500 lithium-ion battery or two AA alkaline  Charging Type USB Type-C with the foolproof and safe charging circuit.  Dimensions 63 \u00d7 80 \u00d7 25 mm (W\u00d7H\u00d7D)  Weight Approx. 96 g\" \/>\n<meta property=\"og:url\" content=\"https:\/\/www.technicontact.com\/en\/boutique\/mipro-uhf-narrowband-bodypack-wireless-transmitter-with-xlr-connector-freq-5nd\/\" \/>\n<meta property=\"og:site_name\" content=\"Techni+Contact\" \/>\n<meta property=\"article:publisher\" content=\"https:\/\/www.facebook.com\/technicontact\/\" \/>\n<meta property=\"article:modified_time\" content=\"2026-04-08T17:45:25+00:00\" \/>\n<meta property=\"og:image\" content=\"https:\/\/www.technicontact.com\/wp-content\/uploads\/2022\/11\/ACT-500T.jpg\" \/>\n\t<meta property=\"og:image:width\" content=\"279\" \/>\n\t<meta property=\"og:image:height\" content=\"181\" \/>\n\t<meta property=\"og:image:type\" content=\"image\/jpeg\" \/>\n<meta name=\"twitter:card\" content=\"summary_large_image\" \/>\n<meta name=\"twitter:site\" content=\"@technicontact1\" \/>\n<meta name=\"twitter:label1\" content=\"Est. reading time\" \/>\n\t<meta name=\"twitter:data1\" content=\"1 minute\" \/>\n<script type=\"application\/ld+json\" class=\"yoast-schema-graph\">{\"@context\":\"https:\/\/schema.org\",\"@graph\":[{\"@type\":\"WebPage\",\"@id\":\"https:\/\/www.technicontact.com\/en\/boutique\/mipro-uhf-narrowband-bodypack-wireless-transmitter-with-xlr-connector-freq-5nd\/\",\"url\":\"https:\/\/www.technicontact.com\/en\/boutique\/mipro-uhf-narrowband-bodypack-wireless-transmitter-with-xlr-connector-freq-5nd\/\",\"name\":\"MIPRO - UHF Narrowband Bodypack Wireless Transmitter with XLR connector. Freq. 5ND | Techni+Contact\",\"isPartOf\":{\"@id\":\"https:\/\/www.technicontact.com\/en\/#website\"},\"primaryImageOfPage\":{\"@id\":\"https:\/\/www.technicontact.com\/en\/boutique\/mipro-uhf-narrowband-bodypack-wireless-transmitter-with-xlr-connector-freq-5nd\/#primaryimage\"},\"image\":{\"@id\":\"https:\/\/www.technicontact.com\/en\/boutique\/mipro-uhf-narrowband-bodypack-wireless-transmitter-with-xlr-connector-freq-5nd\/#primaryimage\"},\"thumbnailUrl\":\"https:\/\/www.technicontact.com\/wp-content\/uploads\/2022\/11\/ACT-500T.jpg\",\"datePublished\":\"2022-11-02T05:03:55+00:00\",\"dateModified\":\"2026-04-08T17:45:25+00:00\",\"breadcrumb\":{\"@id\":\"https:\/\/www.technicontact.com\/en\/boutique\/mipro-uhf-narrowband-bodypack-wireless-transmitter-with-xlr-connector-freq-5nd\/#breadcrumb\"},\"inLanguage\":\"en-US\",\"potentialAction\":[{\"@type\":\"ReadAction\",\"target\":[\"https:\/\/www.technicontact.com\/en\/boutique\/mipro-uhf-narrowband-bodypack-wireless-transmitter-with-xlr-connector-freq-5nd\/\"]}]},{\"@type\":\"ImageObject\",\"inLanguage\":\"en-US\",\"@id\":\"https:\/\/www.technicontact.com\/en\/boutique\/mipro-uhf-narrowband-bodypack-wireless-transmitter-with-xlr-connector-freq-5nd\/#primaryimage\",\"url\":\"https:\/\/www.technicontact.com\/wp-content\/uploads\/2022\/11\/ACT-500T.jpg\",\"contentUrl\":\"https:\/\/www.technicontact.com\/wp-content\/uploads\/2022\/11\/ACT-500T.jpg\",\"width\":279,\"height\":181},{\"@type\":\"BreadcrumbList\",\"@id\":\"https:\/\/www.technicontact.com\/en\/boutique\/mipro-uhf-narrowband-bodypack-wireless-transmitter-with-xlr-connector-freq-5nd\/#breadcrumb\",\"itemListElement\":[{\"@type\":\"ListItem\",\"position\":1,\"name\":\"Home\",\"item\":\"https:\/\/www.technicontact.com\/en\/\"},{\"@type\":\"ListItem\",\"position\":2,\"name\":\"Shop\",\"item\":\"https:\/\/www.technicontact.com\/en\/shop\/\"},{\"@type\":\"ListItem\",\"position\":3,\"name\":\"MIPRO &#8211; UHF Narrowband Bodypack Wireless Transmitter with XLR connector. Freq. 5ND\"}]},{\"@type\":\"WebSite\",\"@id\":\"https:\/\/www.technicontact.com\/en\/#website\",\"url\":\"https:\/\/www.technicontact.com\/en\/\",\"name\":\"Techni+Contact\",\"description\":\"Service-conseil en audiovisuel &amp; fournisseur mat\u00e9riel TI\",\"publisher\":{\"@id\":\"https:\/\/www.technicontact.com\/en\/#organization\"},\"potentialAction\":[{\"@type\":\"SearchAction\",\"target\":{\"@type\":\"EntryPoint\",\"urlTemplate\":\"https:\/\/www.technicontact.com\/en\/?s={search_term_string}\"},\"query-input\":{\"@type\":\"PropertyValueSpecification\",\"valueRequired\":true,\"valueName\":\"search_term_string\"}}],\"inLanguage\":\"en-US\"},{\"@type\":\"Organization\",\"@id\":\"https:\/\/www.technicontact.com\/en\/#organization\",\"name\":\"Techni+Contact\",\"url\":\"https:\/\/www.technicontact.com\/en\/\",\"logo\":{\"@type\":\"ImageObject\",\"inLanguage\":\"en-US\",\"@id\":\"https:\/\/www.technicontact.com\/en\/#\/schema\/logo\/image\/\",\"url\":\"https:\/\/www.technicontact.com\/wp-content\/uploads\/2021\/03\/TC-V.svg\",\"contentUrl\":\"https:\/\/www.technicontact.com\/wp-content\/uploads\/2021\/03\/TC-V.svg\",\"width\":182,\"height\":57,\"caption\":\"Techni+Contact \"},\"image\":{\"@id\":\"https:\/\/www.technicontact.com\/en\/#\/schema\/logo\/image\/\"},\"sameAs\":[\"https:\/\/www.facebook.com\/technicontact\/\",\"https:\/\/x.com\/technicontact1\",\"https:\/\/www.linkedin.com\/company\/techni-contact\/\"]}]}<\/script>\n<!-- \/ Yoast SEO plugin. -->","yoast_head_json":{"title":"MIPRO - UHF Narrowband Bodypack Wireless Transmitter with XLR connector. Freq. 5ND | Techni+Contact","robots":{"index":"index","follow":"follow","max-snippet":"max-snippet:-1","max-image-preview":"max-image-preview:large","max-video-preview":"max-video-preview:-1"},"canonical":"https:\/\/www.technicontact.com\/en\/boutique\/mipro-uhf-narrowband-bodypack-wireless-transmitter-with-xlr-connector-freq-5nd\/","og_locale":"en_US","og_type":"article","og_title":"MIPRO - UHF Narrowband Bodypack Wireless Transmitter with XLR connector. Freq. 5ND | Techni+Contact","og_description":"Newly designed compact and lightweight housing for easy wearing.  The panel integrates a backlit LCD and setup buttons for easy operation and view of all operating information.  On top of the housing is equipped with an antenna, mute button and mini XLR connector. The Mini XLR audio input connector accepts either a screw-lock or a TA4F quick-lock plug. A remote-control mute jack is for easy activation of the mute function.  The audio input can be switched to low impedance Mic-in \u201cMT\u201d or high impedance Line-in \u201cGT\u201d to match up the input impedance. The high dynamic range audio input prevents saturation distortion.  The world\u2019s first ACT\u2122 function provides precise and rapid frequency sync to the receiver.  The patented battery compartment can be inserted with two AA-type batteries or one rechargeable battery, charging via USB Type-C with the foolproof and safe charging circuit.  A belt clip for easy wearing.  Model ACT-500T  Name UHF Narrowband Bodypack Transmitter  Mic Capsule Modules Paired lavalier mic MU-55L or optional other MIPRO\u2019s lavalier and headworn mic capsule modules.  Max. Audio Input 0 dBV  Display Green backlit LCD  Frequency Range UHF 566-590  Bandwidth 24 MHz  Input Impedance Setting Low impedance (Mic-in) and high impedance (Line-in) are switchable.  RF Power Output 10 mW \/ 50 mW switchable (country dependent)  Spurious Emission &lt; 4 nW  Battery One 18500 lithium-ion battery or two AA alkaline  Charging Type USB Type-C with the foolproof and safe charging circuit.  Dimensions 63 \u00d7 80 \u00d7 25 mm (W\u00d7H\u00d7D)  Weight Approx. 96 g","og_url":"https:\/\/www.technicontact.com\/en\/boutique\/mipro-uhf-narrowband-bodypack-wireless-transmitter-with-xlr-connector-freq-5nd\/","og_site_name":"Techni+Contact","article_publisher":"https:\/\/www.facebook.com\/technicontact\/","article_modified_time":"2026-04-08T17:45:25+00:00","og_image":[{"width":279,"height":181,"url":"https:\/\/www.technicontact.com\/wp-content\/uploads\/2022\/11\/ACT-500T.jpg","type":"image\/jpeg"}],"twitter_card":"summary_large_image","twitter_site":"@technicontact1","twitter_misc":{"Est. reading time":"1 minute"},"schema":{"@context":"https:\/\/schema.org","@graph":[{"@type":"WebPage","@id":"https:\/\/www.technicontact.com\/en\/boutique\/mipro-uhf-narrowband-bodypack-wireless-transmitter-with-xlr-connector-freq-5nd\/","url":"https:\/\/www.technicontact.com\/en\/boutique\/mipro-uhf-narrowband-bodypack-wireless-transmitter-with-xlr-connector-freq-5nd\/","name":"MIPRO - UHF Narrowband Bodypack Wireless Transmitter with XLR connector. Freq. 5ND | Techni+Contact","isPartOf":{"@id":"https:\/\/www.technicontact.com\/en\/#website"},"primaryImageOfPage":{"@id":"https:\/\/www.technicontact.com\/en\/boutique\/mipro-uhf-narrowband-bodypack-wireless-transmitter-with-xlr-connector-freq-5nd\/#primaryimage"},"image":{"@id":"https:\/\/www.technicontact.com\/en\/boutique\/mipro-uhf-narrowband-bodypack-wireless-transmitter-with-xlr-connector-freq-5nd\/#primaryimage"},"thumbnailUrl":"https:\/\/www.technicontact.com\/wp-content\/uploads\/2022\/11\/ACT-500T.jpg","datePublished":"2022-11-02T05:03:55+00:00","dateModified":"2026-04-08T17:45:25+00:00","breadcrumb":{"@id":"https:\/\/www.technicontact.com\/en\/boutique\/mipro-uhf-narrowband-bodypack-wireless-transmitter-with-xlr-connector-freq-5nd\/#breadcrumb"},"inLanguage":"en-US","potentialAction":[{"@type":"ReadAction","target":["https:\/\/www.technicontact.com\/en\/boutique\/mipro-uhf-narrowband-bodypack-wireless-transmitter-with-xlr-connector-freq-5nd\/"]}]},{"@type":"ImageObject","inLanguage":"en-US","@id":"https:\/\/www.technicontact.com\/en\/boutique\/mipro-uhf-narrowband-bodypack-wireless-transmitter-with-xlr-connector-freq-5nd\/#primaryimage","url":"https:\/\/www.technicontact.com\/wp-content\/uploads\/2022\/11\/ACT-500T.jpg","contentUrl":"https:\/\/www.technicontact.com\/wp-content\/uploads\/2022\/11\/ACT-500T.jpg","width":279,"height":181},{"@type":"BreadcrumbList","@id":"https:\/\/www.technicontact.com\/en\/boutique\/mipro-uhf-narrowband-bodypack-wireless-transmitter-with-xlr-connector-freq-5nd\/#breadcrumb","itemListElement":[{"@type":"ListItem","position":1,"name":"Home","item":"https:\/\/www.technicontact.com\/en\/"},{"@type":"ListItem","position":2,"name":"Shop","item":"https:\/\/www.technicontact.com\/en\/shop\/"},{"@type":"ListItem","position":3,"name":"MIPRO &#8211; UHF Narrowband Bodypack Wireless Transmitter with XLR connector. Freq. 5ND"}]},{"@type":"WebSite","@id":"https:\/\/www.technicontact.com\/en\/#website","url":"https:\/\/www.technicontact.com\/en\/","name":"Techni+Contact","description":"Service-conseil en audiovisuel &amp; fournisseur mat\u00e9riel TI","publisher":{"@id":"https:\/\/www.technicontact.com\/en\/#organization"},"potentialAction":[{"@type":"SearchAction","target":{"@type":"EntryPoint","urlTemplate":"https:\/\/www.technicontact.com\/en\/?s={search_term_string}"},"query-input":{"@type":"PropertyValueSpecification","valueRequired":true,"valueName":"search_term_string"}}],"inLanguage":"en-US"},{"@type":"Organization","@id":"https:\/\/www.technicontact.com\/en\/#organization","name":"Techni+Contact","url":"https:\/\/www.technicontact.com\/en\/","logo":{"@type":"ImageObject","inLanguage":"en-US","@id":"https:\/\/www.technicontact.com\/en\/#\/schema\/logo\/image\/","url":"https:\/\/www.technicontact.com\/wp-content\/uploads\/2021\/03\/TC-V.svg","contentUrl":"https:\/\/www.technicontact.com\/wp-content\/uploads\/2021\/03\/TC-V.svg","width":182,"height":57,"caption":"Techni+Contact "},"image":{"@id":"https:\/\/www.technicontact.com\/en\/#\/schema\/logo\/image\/"},"sameAs":["https:\/\/www.facebook.com\/technicontact\/","https:\/\/x.com\/technicontact1","https:\/\/www.linkedin.com\/company\/techni-contact\/"]}]}},"_links":{"self":[{"href":"https:\/\/www.technicontact.com\/en\/wp-json\/wp\/v2\/product\/190810","targetHints":{"allow":["GET"]}}],"collection":[{"href":"https:\/\/www.technicontact.com\/en\/wp-json\/wp\/v2\/product"}],"about":[{"href":"https:\/\/www.technicontact.com\/en\/wp-json\/wp\/v2\/types\/product"}],"wp:featuredmedia":[{"embeddable":true,"href":"https:\/\/www.technicontact.com\/en\/wp-json\/wp\/v2\/media\/206115"}],"wp:attachment":[{"href":"https:\/\/www.technicontact.com\/en\/wp-json\/wp\/v2\/media?parent=190810"}],"wp:term":[{"taxonomy":"product_brand","embeddable":true,"href":"https:\/\/www.technicontact.com\/en\/wp-json\/wp\/v2\/product_brand?post=190810"},{"taxonomy":"product_cat","embeddable":true,"href":"https:\/\/www.technicontact.com\/en\/wp-json\/wp\/v2\/product_cat?post=190810"},{"taxonomy":"product_tag","embeddable":true,"href":"https:\/\/www.technicontact.com\/en\/wp-json\/wp\/v2\/product_tag?post=190810"}],"curies":[{"name":"wp","href":"https:\/\/api.w.org\/{rel}","templated":true}]}}