{"id":190808,"date":"2022-11-02T01:03:53","date_gmt":"2022-11-02T05:03:53","guid":{"rendered":"https:\/\/www.technicontact.com\/shop\/mipro-uhf-narrowband-handheld-wireless-microphone-with-mu-80a-condenser-freq-5nd\/"},"modified":"2026-04-09T01:39:24","modified_gmt":"2026-04-09T05:39:24","slug":"mipro-uhf-narrowband-handheld-wireless-microphone-with-mu-80a-condenser-freq-5nd","status":"publish","type":"product","link":"https:\/\/www.technicontact.com\/en\/boutique\/mipro-uhf-narrowband-handheld-wireless-microphone-with-mu-80a-condenser-freq-5nd\/","title":{"rendered":"MIPRO &#8211; UHF Narrowband Handheld Wireless Microphone with MU-80A condenser. Freq. 5ND"},"content":{"rendered":"<p>The microphone with metal housing features aesthetically designed in the most elegant \u201cGuanyin vase\u201d shape and the most comfortable handheld size. The surface is special matte black color and presents the ultra-low handling noise and a luxurious professional appearance.<\/p>\n<p>The unique metal grille of the capsule module can be divided into the upper and lower grille. The upper grille can be detached for cleaning; the lower grille is connected with the housing by an external thread. The robust metal grille protects the capsule against impact, rolling and pop noise, ensuring clarity of sound.<\/p>\n<p>The patented power switch module integrates mute, set buttons and LCD for convenience to operate.<\/p>\n<p>The patented battery compartment can be inserted with two AA-type batteries or one rechargeable battery, charging via USB Type-C with the foolproof and safe charging circuit.<\/p>\n<p>A color-coded channel identification ring is put on the end of the housing. A patented antenna cover on the bottom of the housing built in a high-efficiency narrowband transmitting antenna and USB Type-C charging socket.<\/p>\n<p>Pair with all MIPRO\u2019s new interchangeable microphone modules featuring high dynamic range for loud singing without distortion. Accepts some other brands\u2019 microphone modules with similar specifications.<\/p>\n<p>Model\tACT-500H<\/p>\n<p>Name\tUHF Narrowband Handheld Wireless Microphone<\/p>\n<p>Mic Capsule Modules\tMU-80A condenser. Optional: MU-90A\/70A\/59A<\/p>\n<p>Display\tGreen backlit LCD<\/p>\n<p>Frequency Range\tUHF 566-590 MHz<\/p>\n<p>Bandwidth\t24 MHz<\/p>\n<p>RF Power Output\t10 mW \/ 50 mW switchable (country dependent)<\/p>\n<p>Spurious Emission\t&lt; 4 nW<\/p>\n<p>Gain Setting\t0 dB = microphone capsule sensitivity<\/p>\n<p>Battery\tOne 18500 lithium-ion battery or two AA alkaline<\/p>\n<p>Charging Type\tUSB Type-C with the foolproof and safe charging circuit.<\/p>\n<p>Dimensions\t51 \u00d7 272 mm (\u00d8\u00d7L)<\/p>\n<p>Weight\tApprox. 320 g<\/p>\n","protected":false},"excerpt":{"rendered":"<p>The microphone with metal housing features aesthetically designed in the most elegant \u201cGuanyin vase\u201d shape and the most comfortable handheld size. The surface is special matte black color and presents the ultra-low handling noise and a luxurious professional appearance.<\/p>\n<p>The unique metal grille of the capsule module can be divided into the upper and lower grille. The upper grille can be detached for cleaning; the lower grille is connected with the housing by an external thread. The robust metal grille protects the capsule against impact, rolling and pop noise, ensuring clarity of sound.<\/p>\n<p>The patented power switch module integrates mute, set buttons and LCD for convenience to operate.<\/p>\n<p>The patented battery compartment can be inserted with two AA-type batteries or one rechargeable battery, charging via USB Type-C with the foolproof and safe charging circuit.<\/p>\n<p>A color-coded channel identification ring is put on the end of the housing. A patented antenna cover on the bottom of the housing built in a high-efficiency narrowband transmitting antenna and USB Type-C charging socket.<\/p>\n<p>Pair with all MIPRO\u2019s new interchangeable microphone modules featuring high dynamic range for loud singing without distortion. Accepts some other brands\u2019 microphone modules with similar specifications.<\/p>\n<p>Model\tACT-500H<\/p>\n<p>Name\tUHF Narrowband Handheld Wireless Microphone<\/p>\n<p>Mic Capsule Modules\tMU-80A condenser. Optional: MU-90A\/70A\/59A<\/p>\n<p>Display\tGreen backlit LCD<\/p>\n<p>Frequency Range\tUHF 566-590 MHz<\/p>\n<p>Bandwidth\t24 MHz<\/p>\n<p>RF Power Output\t10 mW \/ 50 mW switchable (country dependent)<\/p>\n<p>Spurious Emission\t&lt; 4 nW<\/p>\n<p>Gain Setting\t0 dB = microphone capsule sensitivity<\/p>\n<p>Battery\tOne 18500 lithium-ion battery or two AA alkaline<\/p>\n<p>Charging Type\tUSB Type-C with the foolproof and safe charging circuit.<\/p>\n<p>Dimensions\t51 \u00d7 272 mm (\u00d8\u00d7L)<\/p>\n<p>Weight\tApprox. 320 g<\/p>\n","protected":false},"featured_media":200928,"template":"","meta":{"_acf_changed":false,"inline_featured_image":false,"ep_exclude_from_search":false},"product_brand":[6438],"product_cat":[5978,5984],"product_tag":[],"class_list":{"0":"post-190808","1":"product","2":"type-product","3":"status-publish","4":"has-post-thumbnail","6":"product_brand-mipro","7":"product_cat-microphones-2","8":"product_cat-wireless-microphone-systems","9":"pa_garantie-annees-1-en","10":"pa_marque-mipro-en","11":"pa_quantite-par-paquet-1-unit","13":"first","14":"instock","15":"taxable","16":"shipping-taxable","17":"purchasable","18":"product-type-simple"},"acf":[],"yoast_head":"<!-- This site is optimized with the Yoast SEO plugin v27.1.1 - https:\/\/yoast.com\/product\/yoast-seo-wordpress\/ -->\n<title>MIPRO - UHF Narrowband Handheld Wireless Microphone with MU-80A condenser. Freq. 5ND | Techni+Contact<\/title>\n<meta name=\"robots\" content=\"index, follow, max-snippet:-1, max-image-preview:large, max-video-preview:-1\" \/>\n<link rel=\"canonical\" href=\"https:\/\/www.technicontact.com\/en\/boutique\/mipro-uhf-narrowband-handheld-wireless-microphone-with-mu-80a-condenser-freq-5nd\/\" \/>\n<meta property=\"og:locale\" content=\"en_US\" \/>\n<meta property=\"og:type\" content=\"article\" \/>\n<meta property=\"og:title\" content=\"MIPRO - UHF Narrowband Handheld Wireless Microphone with MU-80A condenser. Freq. 5ND | Techni+Contact\" \/>\n<meta property=\"og:description\" content=\"The microphone with metal housing features aesthetically designed in the most elegant \u201cGuanyin vase\u201d shape and the most comfortable handheld size. The surface is special matte black color and presents the ultra-low handling noise and a luxurious professional appearance.  The unique metal grille of the capsule module can be divided into the upper and lower grille. The upper grille can be detached for cleaning; the lower grille is connected with the housing by an external thread. The robust metal grille protects the capsule against impact, rolling and pop noise, ensuring clarity of sound.  The patented power switch module integrates mute, set buttons and LCD for convenience to operate.  The patented battery compartment can be inserted with two AA-type batteries or one rechargeable battery, charging via USB Type-C with the foolproof and safe charging circuit.  A color-coded channel identification ring is put on the end of the housing. A patented antenna cover on the bottom of the housing built in a high-efficiency narrowband transmitting antenna and USB Type-C charging socket.  Pair with all MIPRO\u2019s new interchangeable microphone modules featuring high dynamic range for loud singing without distortion. Accepts some other brands\u2019 microphone modules with similar specifications.  Model ACT-500H  Name UHF Narrowband Handheld Wireless Microphone  Mic Capsule Modules MU-80A condenser. Optional: MU-90A\/70A\/59A  Display Green backlit LCD  Frequency Range UHF 566-590 MHz  Bandwidth 24 MHz  RF Power Output 10 mW \/ 50 mW switchable (country dependent)  Spurious Emission &lt; 4 nW  Gain Setting 0 dB = microphone capsule sensitivity  Battery One 18500 lithium-ion battery or two AA alkaline  Charging Type USB Type-C with the foolproof and safe charging circuit.  Dimensions 51 \u00d7 272 mm (\u00d8\u00d7L)  Weight Approx. 320 g\" \/>\n<meta property=\"og:url\" content=\"https:\/\/www.technicontact.com\/en\/boutique\/mipro-uhf-narrowband-handheld-wireless-microphone-with-mu-80a-condenser-freq-5nd\/\" \/>\n<meta property=\"og:site_name\" content=\"Techni+Contact\" \/>\n<meta property=\"article:publisher\" content=\"https:\/\/www.facebook.com\/technicontact\/\" \/>\n<meta property=\"article:modified_time\" content=\"2026-04-09T05:39:24+00:00\" \/>\n<meta property=\"og:image\" content=\"https:\/\/www.technicontact.com\/wp-content\/uploads\/2022\/11\/MIPRO-ACT-500H-5ND-1.png\" \/>\n\t<meta property=\"og:image:width\" content=\"703\" \/>\n\t<meta property=\"og:image:height\" content=\"450\" \/>\n\t<meta property=\"og:image:type\" content=\"image\/png\" \/>\n<meta name=\"twitter:card\" content=\"summary_large_image\" \/>\n<meta name=\"twitter:site\" content=\"@technicontact1\" \/>\n<meta name=\"twitter:label1\" content=\"Est. reading time\" \/>\n\t<meta name=\"twitter:data1\" content=\"1 minute\" \/>\n<script type=\"application\/ld+json\" class=\"yoast-schema-graph\">{\"@context\":\"https:\/\/schema.org\",\"@graph\":[{\"@type\":\"WebPage\",\"@id\":\"https:\/\/www.technicontact.com\/en\/boutique\/mipro-uhf-narrowband-handheld-wireless-microphone-with-mu-80a-condenser-freq-5nd\/\",\"url\":\"https:\/\/www.technicontact.com\/en\/boutique\/mipro-uhf-narrowband-handheld-wireless-microphone-with-mu-80a-condenser-freq-5nd\/\",\"name\":\"MIPRO - UHF Narrowband Handheld Wireless Microphone with MU-80A condenser. Freq. 5ND | Techni+Contact\",\"isPartOf\":{\"@id\":\"https:\/\/www.technicontact.com\/en\/#website\"},\"primaryImageOfPage\":{\"@id\":\"https:\/\/www.technicontact.com\/en\/boutique\/mipro-uhf-narrowband-handheld-wireless-microphone-with-mu-80a-condenser-freq-5nd\/#primaryimage\"},\"image\":{\"@id\":\"https:\/\/www.technicontact.com\/en\/boutique\/mipro-uhf-narrowband-handheld-wireless-microphone-with-mu-80a-condenser-freq-5nd\/#primaryimage\"},\"thumbnailUrl\":\"https:\/\/www.technicontact.com\/wp-content\/uploads\/2022\/11\/MIPRO-ACT-500H-5ND-1.png\",\"datePublished\":\"2022-11-02T05:03:53+00:00\",\"dateModified\":\"2026-04-09T05:39:24+00:00\",\"breadcrumb\":{\"@id\":\"https:\/\/www.technicontact.com\/en\/boutique\/mipro-uhf-narrowband-handheld-wireless-microphone-with-mu-80a-condenser-freq-5nd\/#breadcrumb\"},\"inLanguage\":\"en-US\",\"potentialAction\":[{\"@type\":\"ReadAction\",\"target\":[\"https:\/\/www.technicontact.com\/en\/boutique\/mipro-uhf-narrowband-handheld-wireless-microphone-with-mu-80a-condenser-freq-5nd\/\"]}]},{\"@type\":\"ImageObject\",\"inLanguage\":\"en-US\",\"@id\":\"https:\/\/www.technicontact.com\/en\/boutique\/mipro-uhf-narrowband-handheld-wireless-microphone-with-mu-80a-condenser-freq-5nd\/#primaryimage\",\"url\":\"https:\/\/www.technicontact.com\/wp-content\/uploads\/2022\/11\/MIPRO-ACT-500H-5ND-1.png\",\"contentUrl\":\"https:\/\/www.technicontact.com\/wp-content\/uploads\/2022\/11\/MIPRO-ACT-500H-5ND-1.png\",\"width\":703,\"height\":450},{\"@type\":\"BreadcrumbList\",\"@id\":\"https:\/\/www.technicontact.com\/en\/boutique\/mipro-uhf-narrowband-handheld-wireless-microphone-with-mu-80a-condenser-freq-5nd\/#breadcrumb\",\"itemListElement\":[{\"@type\":\"ListItem\",\"position\":1,\"name\":\"Home\",\"item\":\"https:\/\/www.technicontact.com\/en\/\"},{\"@type\":\"ListItem\",\"position\":2,\"name\":\"Shop\",\"item\":\"https:\/\/www.technicontact.com\/en\/shop\/\"},{\"@type\":\"ListItem\",\"position\":3,\"name\":\"MIPRO &#8211; UHF Narrowband Handheld Wireless Microphone with MU-80A condenser. Freq. 5ND\"}]},{\"@type\":\"WebSite\",\"@id\":\"https:\/\/www.technicontact.com\/en\/#website\",\"url\":\"https:\/\/www.technicontact.com\/en\/\",\"name\":\"Techni+Contact\",\"description\":\"Service-conseil en audiovisuel &amp; fournisseur mat\u00e9riel TI\",\"publisher\":{\"@id\":\"https:\/\/www.technicontact.com\/en\/#organization\"},\"potentialAction\":[{\"@type\":\"SearchAction\",\"target\":{\"@type\":\"EntryPoint\",\"urlTemplate\":\"https:\/\/www.technicontact.com\/en\/?s={search_term_string}\"},\"query-input\":{\"@type\":\"PropertyValueSpecification\",\"valueRequired\":true,\"valueName\":\"search_term_string\"}}],\"inLanguage\":\"en-US\"},{\"@type\":\"Organization\",\"@id\":\"https:\/\/www.technicontact.com\/en\/#organization\",\"name\":\"Techni+Contact\",\"url\":\"https:\/\/www.technicontact.com\/en\/\",\"logo\":{\"@type\":\"ImageObject\",\"inLanguage\":\"en-US\",\"@id\":\"https:\/\/www.technicontact.com\/en\/#\/schema\/logo\/image\/\",\"url\":\"https:\/\/www.technicontact.com\/wp-content\/uploads\/2021\/03\/TC-V.svg\",\"contentUrl\":\"https:\/\/www.technicontact.com\/wp-content\/uploads\/2021\/03\/TC-V.svg\",\"width\":182,\"height\":57,\"caption\":\"Techni+Contact \"},\"image\":{\"@id\":\"https:\/\/www.technicontact.com\/en\/#\/schema\/logo\/image\/\"},\"sameAs\":[\"https:\/\/www.facebook.com\/technicontact\/\",\"https:\/\/x.com\/technicontact1\",\"https:\/\/www.linkedin.com\/company\/techni-contact\/\"]}]}<\/script>\n<!-- \/ Yoast SEO plugin. -->","yoast_head_json":{"title":"MIPRO - UHF Narrowband Handheld Wireless Microphone with MU-80A condenser. Freq. 5ND | Techni+Contact","robots":{"index":"index","follow":"follow","max-snippet":"max-snippet:-1","max-image-preview":"max-image-preview:large","max-video-preview":"max-video-preview:-1"},"canonical":"https:\/\/www.technicontact.com\/en\/boutique\/mipro-uhf-narrowband-handheld-wireless-microphone-with-mu-80a-condenser-freq-5nd\/","og_locale":"en_US","og_type":"article","og_title":"MIPRO - UHF Narrowband Handheld Wireless Microphone with MU-80A condenser. Freq. 5ND | Techni+Contact","og_description":"The microphone with metal housing features aesthetically designed in the most elegant \u201cGuanyin vase\u201d shape and the most comfortable handheld size. The surface is special matte black color and presents the ultra-low handling noise and a luxurious professional appearance.  The unique metal grille of the capsule module can be divided into the upper and lower grille. The upper grille can be detached for cleaning; the lower grille is connected with the housing by an external thread. The robust metal grille protects the capsule against impact, rolling and pop noise, ensuring clarity of sound.  The patented power switch module integrates mute, set buttons and LCD for convenience to operate.  The patented battery compartment can be inserted with two AA-type batteries or one rechargeable battery, charging via USB Type-C with the foolproof and safe charging circuit.  A color-coded channel identification ring is put on the end of the housing. A patented antenna cover on the bottom of the housing built in a high-efficiency narrowband transmitting antenna and USB Type-C charging socket.  Pair with all MIPRO\u2019s new interchangeable microphone modules featuring high dynamic range for loud singing without distortion. Accepts some other brands\u2019 microphone modules with similar specifications.  Model ACT-500H  Name UHF Narrowband Handheld Wireless Microphone  Mic Capsule Modules MU-80A condenser. Optional: MU-90A\/70A\/59A  Display Green backlit LCD  Frequency Range UHF 566-590 MHz  Bandwidth 24 MHz  RF Power Output 10 mW \/ 50 mW switchable (country dependent)  Spurious Emission &lt; 4 nW  Gain Setting 0 dB = microphone capsule sensitivity  Battery One 18500 lithium-ion battery or two AA alkaline  Charging Type USB Type-C with the foolproof and safe charging circuit.  Dimensions 51 \u00d7 272 mm (\u00d8\u00d7L)  Weight Approx. 320 g","og_url":"https:\/\/www.technicontact.com\/en\/boutique\/mipro-uhf-narrowband-handheld-wireless-microphone-with-mu-80a-condenser-freq-5nd\/","og_site_name":"Techni+Contact","article_publisher":"https:\/\/www.facebook.com\/technicontact\/","article_modified_time":"2026-04-09T05:39:24+00:00","og_image":[{"width":703,"height":450,"url":"https:\/\/www.technicontact.com\/wp-content\/uploads\/2022\/11\/MIPRO-ACT-500H-5ND-1.png","type":"image\/png"}],"twitter_card":"summary_large_image","twitter_site":"@technicontact1","twitter_misc":{"Est. reading time":"1 minute"},"schema":{"@context":"https:\/\/schema.org","@graph":[{"@type":"WebPage","@id":"https:\/\/www.technicontact.com\/en\/boutique\/mipro-uhf-narrowband-handheld-wireless-microphone-with-mu-80a-condenser-freq-5nd\/","url":"https:\/\/www.technicontact.com\/en\/boutique\/mipro-uhf-narrowband-handheld-wireless-microphone-with-mu-80a-condenser-freq-5nd\/","name":"MIPRO - UHF Narrowband Handheld Wireless Microphone with MU-80A condenser. Freq. 5ND | Techni+Contact","isPartOf":{"@id":"https:\/\/www.technicontact.com\/en\/#website"},"primaryImageOfPage":{"@id":"https:\/\/www.technicontact.com\/en\/boutique\/mipro-uhf-narrowband-handheld-wireless-microphone-with-mu-80a-condenser-freq-5nd\/#primaryimage"},"image":{"@id":"https:\/\/www.technicontact.com\/en\/boutique\/mipro-uhf-narrowband-handheld-wireless-microphone-with-mu-80a-condenser-freq-5nd\/#primaryimage"},"thumbnailUrl":"https:\/\/www.technicontact.com\/wp-content\/uploads\/2022\/11\/MIPRO-ACT-500H-5ND-1.png","datePublished":"2022-11-02T05:03:53+00:00","dateModified":"2026-04-09T05:39:24+00:00","breadcrumb":{"@id":"https:\/\/www.technicontact.com\/en\/boutique\/mipro-uhf-narrowband-handheld-wireless-microphone-with-mu-80a-condenser-freq-5nd\/#breadcrumb"},"inLanguage":"en-US","potentialAction":[{"@type":"ReadAction","target":["https:\/\/www.technicontact.com\/en\/boutique\/mipro-uhf-narrowband-handheld-wireless-microphone-with-mu-80a-condenser-freq-5nd\/"]}]},{"@type":"ImageObject","inLanguage":"en-US","@id":"https:\/\/www.technicontact.com\/en\/boutique\/mipro-uhf-narrowband-handheld-wireless-microphone-with-mu-80a-condenser-freq-5nd\/#primaryimage","url":"https:\/\/www.technicontact.com\/wp-content\/uploads\/2022\/11\/MIPRO-ACT-500H-5ND-1.png","contentUrl":"https:\/\/www.technicontact.com\/wp-content\/uploads\/2022\/11\/MIPRO-ACT-500H-5ND-1.png","width":703,"height":450},{"@type":"BreadcrumbList","@id":"https:\/\/www.technicontact.com\/en\/boutique\/mipro-uhf-narrowband-handheld-wireless-microphone-with-mu-80a-condenser-freq-5nd\/#breadcrumb","itemListElement":[{"@type":"ListItem","position":1,"name":"Home","item":"https:\/\/www.technicontact.com\/en\/"},{"@type":"ListItem","position":2,"name":"Shop","item":"https:\/\/www.technicontact.com\/en\/shop\/"},{"@type":"ListItem","position":3,"name":"MIPRO &#8211; UHF Narrowband Handheld Wireless Microphone with MU-80A condenser. Freq. 5ND"}]},{"@type":"WebSite","@id":"https:\/\/www.technicontact.com\/en\/#website","url":"https:\/\/www.technicontact.com\/en\/","name":"Techni+Contact","description":"Service-conseil en audiovisuel &amp; fournisseur mat\u00e9riel TI","publisher":{"@id":"https:\/\/www.technicontact.com\/en\/#organization"},"potentialAction":[{"@type":"SearchAction","target":{"@type":"EntryPoint","urlTemplate":"https:\/\/www.technicontact.com\/en\/?s={search_term_string}"},"query-input":{"@type":"PropertyValueSpecification","valueRequired":true,"valueName":"search_term_string"}}],"inLanguage":"en-US"},{"@type":"Organization","@id":"https:\/\/www.technicontact.com\/en\/#organization","name":"Techni+Contact","url":"https:\/\/www.technicontact.com\/en\/","logo":{"@type":"ImageObject","inLanguage":"en-US","@id":"https:\/\/www.technicontact.com\/en\/#\/schema\/logo\/image\/","url":"https:\/\/www.technicontact.com\/wp-content\/uploads\/2021\/03\/TC-V.svg","contentUrl":"https:\/\/www.technicontact.com\/wp-content\/uploads\/2021\/03\/TC-V.svg","width":182,"height":57,"caption":"Techni+Contact "},"image":{"@id":"https:\/\/www.technicontact.com\/en\/#\/schema\/logo\/image\/"},"sameAs":["https:\/\/www.facebook.com\/technicontact\/","https:\/\/x.com\/technicontact1","https:\/\/www.linkedin.com\/company\/techni-contact\/"]}]}},"_links":{"self":[{"href":"https:\/\/www.technicontact.com\/en\/wp-json\/wp\/v2\/product\/190808","targetHints":{"allow":["GET"]}}],"collection":[{"href":"https:\/\/www.technicontact.com\/en\/wp-json\/wp\/v2\/product"}],"about":[{"href":"https:\/\/www.technicontact.com\/en\/wp-json\/wp\/v2\/types\/product"}],"wp:featuredmedia":[{"embeddable":true,"href":"https:\/\/www.technicontact.com\/en\/wp-json\/wp\/v2\/media\/200928"}],"wp:attachment":[{"href":"https:\/\/www.technicontact.com\/en\/wp-json\/wp\/v2\/media?parent=190808"}],"wp:term":[{"taxonomy":"product_brand","embeddable":true,"href":"https:\/\/www.technicontact.com\/en\/wp-json\/wp\/v2\/product_brand?post=190808"},{"taxonomy":"product_cat","embeddable":true,"href":"https:\/\/www.technicontact.com\/en\/wp-json\/wp\/v2\/product_cat?post=190808"},{"taxonomy":"product_tag","embeddable":true,"href":"https:\/\/www.technicontact.com\/en\/wp-json\/wp\/v2\/product_tag?post=190808"}],"curies":[{"name":"wp","href":"https:\/\/api.w.org\/{rel}","templated":true}]}}