{"id":190361,"date":"2022-09-16T01:04:18","date_gmt":"2022-09-16T05:04:18","guid":{"rendered":"https:\/\/www.technicontact.com\/shop\/prologue-kit-de-support-universel-pour-camera-et-barre-de-son\/"},"modified":"2026-03-27T04:05:13","modified_gmt":"2026-03-27T08:05:13","slug":"prologue-kit-de-support-universel-pour-camera-et-barre-de-son","status":"publish","type":"product","link":"https:\/\/www.technicontact.com\/boutique\/prologue-kit-de-support-universel-pour-camera-et-barre-de-son\/","title":{"rendered":"Prologue Kit de support universel pour cam\u00e9ra et barre de son"},"content":{"rendered":"<p>Syst\u00e8me universel permettant d&#8217;installer une cam\u00e9ra ou une barre de son sous ou au-dessus d&#8217;un \u00e9cran de t\u00e9l\u00e9vision. Facile \u00e0 installer. Le kit comprend deux supports horizontaux, un VESA 400 pour les t\u00e9l\u00e9viseurs de 32 \u00e0 55 pouces et un VESA 600 pour les t\u00e9l\u00e9viseurs jusqu&#8217;\u00e0 90 pouces.<\/p>\n<p>Accessoires de fixation:<br \/>\nM4x25&#8211;4pcs<br \/>\nM5X25&#8211;4Ppcs<br \/>\nM6x25&#8211;4pcs<br \/>\nM8x25&#8211;4pcs<br \/>\nEntretoise : 8.2x12x17mm&#8211;4pcs<br \/>\nM5x12&#8211;2pcs<br \/>\nM6x12&#8211;8pcs<br \/>\nM5x8&#8211;4pcs<br \/>\nRondelle M6&#8211;4pcs<\/p>\n","protected":false},"excerpt":{"rendered":"<p>Syst\u00e8me universel permettant d&#8217;installer une cam\u00e9ra ou une barre de son sous ou au-dessus d&#8217;un \u00e9cran de t\u00e9l\u00e9vision. Facile \u00e0 installer. Le kit comprend deux supports horizontaux, un VESA 400 pour les t\u00e9l\u00e9viseurs de 32 \u00e0 55 pouces et un VESA 600 pour les t\u00e9l\u00e9viseurs jusqu&#8217;\u00e0 90 pouces.<\/p>\n<p>Accessoires de fixation:<br \/>\nM4x25&#8211;4pcs<br \/>\nM5X25&#8211;4Ppcs<br \/>\nM6x25&#8211;4pcs<br \/>\nM8x25&#8211;4pcs<br \/>\nEntretoise : 8.2x12x17mm&#8211;4pcs<br \/>\nM5x12&#8211;2pcs<br \/>\nM6x12&#8211;8pcs<br \/>\nM5x8&#8211;4pcs<br \/>\nRondelle M6&#8211;4pcs<\/p>\n","protected":false},"featured_media":207516,"template":"","meta":{"_acf_changed":false,"inline_featured_image":false,"ep_exclude_from_search":false},"product_brand":[],"product_cat":[6073,6097,6071],"product_tag":[],"class_list":{"0":"post-190361","1":"product","2":"type-product","3":"status-publish","4":"has-post-thumbnail","6":"product_cat-barres-de-son","7":"product_cat-camera-supports","8":"product_cat-supports","9":"pa_garantie-annees-2021","10":"pa_marque-amx","11":"pa_quantite-par-paquet-1-unite","13":"first","14":"instock","15":"taxable","16":"shipping-taxable","17":"purchasable","18":"product-type-simple"},"acf":[],"yoast_head":"<!-- This site is optimized with the Yoast SEO plugin v27.1.1 - https:\/\/yoast.com\/product\/yoast-seo-wordpress\/ -->\n<title>Prologue Kit de support universel pour cam\u00e9ra et barre de son | Techni+Contact<\/title>\n<meta name=\"robots\" content=\"index, follow, max-snippet:-1, max-image-preview:large, max-video-preview:-1\" \/>\n<link rel=\"canonical\" href=\"https:\/\/www.technicontact.com\/en\/boutique\/prologue-kit-de-support-universel-pour-camera-et-barre-de-son\/\" \/>\n<meta property=\"og:locale\" content=\"en_US\" \/>\n<meta property=\"og:type\" content=\"article\" \/>\n<meta property=\"og:title\" content=\"Prologue Kit de support universel pour cam\u00e9ra et barre de son | Techni+Contact\" \/>\n<meta property=\"og:description\" content=\"Syst\u00e8me universel permettant d&#039;installer une cam\u00e9ra ou une barre de son sous ou au-dessus d&#039;un \u00e9cran de t\u00e9l\u00e9vision. Facile \u00e0 installer. Le kit comprend deux supports horizontaux, un VESA 400 pour les t\u00e9l\u00e9viseurs de 32 \u00e0 55 pouces et un VESA 600 pour les t\u00e9l\u00e9viseurs jusqu&#039;\u00e0 90 pouces.  Accessoires de fixation: M4x25--4pcs M5X25--4Ppcs M6x25--4pcs M8x25--4pcs Entretoise : 8.2x12x17mm--4pcs M5x12--2pcs M6x12--8pcs M5x8--4pcs Rondelle M6--4pcs\" \/>\n<meta property=\"og:url\" content=\"https:\/\/www.technicontact.com\/boutique\/prologue-kit-de-support-universel-pour-camera-et-barre-de-son\/\" \/>\n<meta property=\"og:site_name\" content=\"Techni+Contact\" \/>\n<meta property=\"article:publisher\" content=\"https:\/\/www.facebook.com\/technicontact\/\" \/>\n<meta property=\"article:modified_time\" content=\"2026-03-27T08:05:13+00:00\" \/>\n<meta property=\"og:image\" content=\"https:\/\/www.technicontact.com\/wp-content\/uploads\/2022\/09\/BCS-01-600.png\" \/>\n\t<meta property=\"og:image:width\" content=\"1181\" \/>\n\t<meta property=\"og:image:height\" content=\"1144\" \/>\n\t<meta property=\"og:image:type\" content=\"image\/png\" \/>\n<meta name=\"twitter:card\" content=\"summary_large_image\" \/>\n<meta name=\"twitter:site\" content=\"@technicontact1\" \/>\n<meta name=\"twitter:label1\" content=\"Est. reading time\" \/>\n\t<meta name=\"twitter:data1\" content=\"1 minute\" \/>\n<script type=\"application\/ld+json\" class=\"yoast-schema-graph\">{\"@context\":\"https:\/\/schema.org\",\"@graph\":[{\"@type\":\"WebPage\",\"@id\":\"https:\/\/www.technicontact.com\/boutique\/prologue-kit-de-support-universel-pour-camera-et-barre-de-son\/\",\"url\":\"https:\/\/www.technicontact.com\/boutique\/prologue-kit-de-support-universel-pour-camera-et-barre-de-son\/\",\"name\":\"Prologue Kit de support universel pour cam\u00e9ra et barre de son | Techni+Contact\",\"isPartOf\":{\"@id\":\"https:\/\/www.technicontact.com\/en\/#website\"},\"primaryImageOfPage\":{\"@id\":\"https:\/\/www.technicontact.com\/boutique\/prologue-kit-de-support-universel-pour-camera-et-barre-de-son\/#primaryimage\"},\"image\":{\"@id\":\"https:\/\/www.technicontact.com\/boutique\/prologue-kit-de-support-universel-pour-camera-et-barre-de-son\/#primaryimage\"},\"thumbnailUrl\":\"https:\/\/www.technicontact.com\/wp-content\/uploads\/2022\/09\/BCS-01-600.png\",\"datePublished\":\"2022-09-16T05:04:18+00:00\",\"dateModified\":\"2026-03-27T08:05:13+00:00\",\"breadcrumb\":{\"@id\":\"https:\/\/www.technicontact.com\/boutique\/prologue-kit-de-support-universel-pour-camera-et-barre-de-son\/#breadcrumb\"},\"inLanguage\":\"en-US\",\"potentialAction\":[{\"@type\":\"ReadAction\",\"target\":[\"https:\/\/www.technicontact.com\/boutique\/prologue-kit-de-support-universel-pour-camera-et-barre-de-son\/\"]}]},{\"@type\":\"ImageObject\",\"inLanguage\":\"en-US\",\"@id\":\"https:\/\/www.technicontact.com\/boutique\/prologue-kit-de-support-universel-pour-camera-et-barre-de-son\/#primaryimage\",\"url\":\"https:\/\/www.technicontact.com\/wp-content\/uploads\/2022\/09\/BCS-01-600.png\",\"contentUrl\":\"https:\/\/www.technicontact.com\/wp-content\/uploads\/2022\/09\/BCS-01-600.png\",\"width\":1181,\"height\":1144},{\"@type\":\"BreadcrumbList\",\"@id\":\"https:\/\/www.technicontact.com\/boutique\/prologue-kit-de-support-universel-pour-camera-et-barre-de-son\/#breadcrumb\",\"itemListElement\":[{\"@type\":\"ListItem\",\"position\":1,\"name\":\"Home\",\"item\":\"https:\/\/www.technicontact.com\/en\/\"},{\"@type\":\"ListItem\",\"position\":2,\"name\":\"Shop\",\"item\":\"https:\/\/www.technicontact.com\/en\/shop\/\"},{\"@type\":\"ListItem\",\"position\":3,\"name\":\"Prologue Kit de support universel pour cam\u00e9ra et barre de son\"}]},{\"@type\":\"WebSite\",\"@id\":\"https:\/\/www.technicontact.com\/en\/#website\",\"url\":\"https:\/\/www.technicontact.com\/en\/\",\"name\":\"Techni+Contact\",\"description\":\"Service-conseil en audiovisuel &amp; fournisseur mat\u00e9riel TI\",\"publisher\":{\"@id\":\"https:\/\/www.technicontact.com\/en\/#organization\"},\"potentialAction\":[{\"@type\":\"SearchAction\",\"target\":{\"@type\":\"EntryPoint\",\"urlTemplate\":\"https:\/\/www.technicontact.com\/en\/?s={search_term_string}\"},\"query-input\":{\"@type\":\"PropertyValueSpecification\",\"valueRequired\":true,\"valueName\":\"search_term_string\"}}],\"inLanguage\":\"en-US\"},{\"@type\":\"Organization\",\"@id\":\"https:\/\/www.technicontact.com\/en\/#organization\",\"name\":\"Techni+Contact\",\"url\":\"https:\/\/www.technicontact.com\/en\/\",\"logo\":{\"@type\":\"ImageObject\",\"inLanguage\":\"en-US\",\"@id\":\"https:\/\/www.technicontact.com\/en\/#\/schema\/logo\/image\/\",\"url\":\"https:\/\/www.technicontact.com\/wp-content\/uploads\/2021\/03\/TC-V.svg\",\"contentUrl\":\"https:\/\/www.technicontact.com\/wp-content\/uploads\/2021\/03\/TC-V.svg\",\"width\":182,\"height\":57,\"caption\":\"Techni+Contact \"},\"image\":{\"@id\":\"https:\/\/www.technicontact.com\/en\/#\/schema\/logo\/image\/\"},\"sameAs\":[\"https:\/\/www.facebook.com\/technicontact\/\",\"https:\/\/x.com\/technicontact1\",\"https:\/\/www.linkedin.com\/company\/techni-contact\/\"]}]}<\/script>\n<!-- \/ Yoast SEO plugin. -->","yoast_head_json":{"title":"Prologue Kit de support universel pour cam\u00e9ra et barre de son | Techni+Contact","robots":{"index":"index","follow":"follow","max-snippet":"max-snippet:-1","max-image-preview":"max-image-preview:large","max-video-preview":"max-video-preview:-1"},"canonical":"https:\/\/www.technicontact.com\/en\/boutique\/prologue-kit-de-support-universel-pour-camera-et-barre-de-son\/","og_locale":"en_US","og_type":"article","og_title":"Prologue Kit de support universel pour cam\u00e9ra et barre de son | Techni+Contact","og_description":"Syst\u00e8me universel permettant d'installer une cam\u00e9ra ou une barre de son sous ou au-dessus d'un \u00e9cran de t\u00e9l\u00e9vision. Facile \u00e0 installer. Le kit comprend deux supports horizontaux, un VESA 400 pour les t\u00e9l\u00e9viseurs de 32 \u00e0 55 pouces et un VESA 600 pour les t\u00e9l\u00e9viseurs jusqu'\u00e0 90 pouces.  Accessoires de fixation: M4x25--4pcs M5X25--4Ppcs M6x25--4pcs M8x25--4pcs Entretoise : 8.2x12x17mm--4pcs M5x12--2pcs M6x12--8pcs M5x8--4pcs Rondelle M6--4pcs","og_url":"https:\/\/www.technicontact.com\/boutique\/prologue-kit-de-support-universel-pour-camera-et-barre-de-son\/","og_site_name":"Techni+Contact","article_publisher":"https:\/\/www.facebook.com\/technicontact\/","article_modified_time":"2026-03-27T08:05:13+00:00","og_image":[{"width":1181,"height":1144,"url":"https:\/\/www.technicontact.com\/wp-content\/uploads\/2022\/09\/BCS-01-600.png","type":"image\/png"}],"twitter_card":"summary_large_image","twitter_site":"@technicontact1","twitter_misc":{"Est. reading time":"1 minute"},"schema":{"@context":"https:\/\/schema.org","@graph":[{"@type":"WebPage","@id":"https:\/\/www.technicontact.com\/boutique\/prologue-kit-de-support-universel-pour-camera-et-barre-de-son\/","url":"https:\/\/www.technicontact.com\/boutique\/prologue-kit-de-support-universel-pour-camera-et-barre-de-son\/","name":"Prologue Kit de support universel pour cam\u00e9ra et barre de son | Techni+Contact","isPartOf":{"@id":"https:\/\/www.technicontact.com\/en\/#website"},"primaryImageOfPage":{"@id":"https:\/\/www.technicontact.com\/boutique\/prologue-kit-de-support-universel-pour-camera-et-barre-de-son\/#primaryimage"},"image":{"@id":"https:\/\/www.technicontact.com\/boutique\/prologue-kit-de-support-universel-pour-camera-et-barre-de-son\/#primaryimage"},"thumbnailUrl":"https:\/\/www.technicontact.com\/wp-content\/uploads\/2022\/09\/BCS-01-600.png","datePublished":"2022-09-16T05:04:18+00:00","dateModified":"2026-03-27T08:05:13+00:00","breadcrumb":{"@id":"https:\/\/www.technicontact.com\/boutique\/prologue-kit-de-support-universel-pour-camera-et-barre-de-son\/#breadcrumb"},"inLanguage":"en-US","potentialAction":[{"@type":"ReadAction","target":["https:\/\/www.technicontact.com\/boutique\/prologue-kit-de-support-universel-pour-camera-et-barre-de-son\/"]}]},{"@type":"ImageObject","inLanguage":"en-US","@id":"https:\/\/www.technicontact.com\/boutique\/prologue-kit-de-support-universel-pour-camera-et-barre-de-son\/#primaryimage","url":"https:\/\/www.technicontact.com\/wp-content\/uploads\/2022\/09\/BCS-01-600.png","contentUrl":"https:\/\/www.technicontact.com\/wp-content\/uploads\/2022\/09\/BCS-01-600.png","width":1181,"height":1144},{"@type":"BreadcrumbList","@id":"https:\/\/www.technicontact.com\/boutique\/prologue-kit-de-support-universel-pour-camera-et-barre-de-son\/#breadcrumb","itemListElement":[{"@type":"ListItem","position":1,"name":"Home","item":"https:\/\/www.technicontact.com\/en\/"},{"@type":"ListItem","position":2,"name":"Shop","item":"https:\/\/www.technicontact.com\/en\/shop\/"},{"@type":"ListItem","position":3,"name":"Prologue Kit de support universel pour cam\u00e9ra et barre de son"}]},{"@type":"WebSite","@id":"https:\/\/www.technicontact.com\/en\/#website","url":"https:\/\/www.technicontact.com\/en\/","name":"Techni+Contact","description":"Service-conseil en audiovisuel &amp; fournisseur mat\u00e9riel TI","publisher":{"@id":"https:\/\/www.technicontact.com\/en\/#organization"},"potentialAction":[{"@type":"SearchAction","target":{"@type":"EntryPoint","urlTemplate":"https:\/\/www.technicontact.com\/en\/?s={search_term_string}"},"query-input":{"@type":"PropertyValueSpecification","valueRequired":true,"valueName":"search_term_string"}}],"inLanguage":"en-US"},{"@type":"Organization","@id":"https:\/\/www.technicontact.com\/en\/#organization","name":"Techni+Contact","url":"https:\/\/www.technicontact.com\/en\/","logo":{"@type":"ImageObject","inLanguage":"en-US","@id":"https:\/\/www.technicontact.com\/en\/#\/schema\/logo\/image\/","url":"https:\/\/www.technicontact.com\/wp-content\/uploads\/2021\/03\/TC-V.svg","contentUrl":"https:\/\/www.technicontact.com\/wp-content\/uploads\/2021\/03\/TC-V.svg","width":182,"height":57,"caption":"Techni+Contact "},"image":{"@id":"https:\/\/www.technicontact.com\/en\/#\/schema\/logo\/image\/"},"sameAs":["https:\/\/www.facebook.com\/technicontact\/","https:\/\/x.com\/technicontact1","https:\/\/www.linkedin.com\/company\/techni-contact\/"]}]}},"_links":{"self":[{"href":"https:\/\/www.technicontact.com\/en\/wp-json\/wp\/v2\/product\/190361","targetHints":{"allow":["GET"]}}],"collection":[{"href":"https:\/\/www.technicontact.com\/en\/wp-json\/wp\/v2\/product"}],"about":[{"href":"https:\/\/www.technicontact.com\/en\/wp-json\/wp\/v2\/types\/product"}],"wp:featuredmedia":[{"embeddable":true,"href":"https:\/\/www.technicontact.com\/en\/wp-json\/wp\/v2\/media\/207516"}],"wp:attachment":[{"href":"https:\/\/www.technicontact.com\/en\/wp-json\/wp\/v2\/media?parent=190361"}],"wp:term":[{"taxonomy":"product_brand","embeddable":true,"href":"https:\/\/www.technicontact.com\/en\/wp-json\/wp\/v2\/product_brand?post=190361"},{"taxonomy":"product_cat","embeddable":true,"href":"https:\/\/www.technicontact.com\/en\/wp-json\/wp\/v2\/product_cat?post=190361"},{"taxonomy":"product_tag","embeddable":true,"href":"https:\/\/www.technicontact.com\/en\/wp-json\/wp\/v2\/product_tag?post=190361"}],"curies":[{"name":"wp","href":"https:\/\/api.w.org\/{rel}","templated":true}]}}