{"id":187410,"date":"2022-05-03T16:54:50","date_gmt":"2022-05-03T20:54:50","guid":{"rendered":"https:\/\/www.technicontact.com\/shop\/half-rack-single-channel-diversity-receiver-metal-case-frequency-5nd-2\/"},"modified":"2026-04-14T12:00:30","modified_gmt":"2026-04-14T16:00:30","slug":"half-rack-single-channel-diversity-receiver-metal-case-frequency-5nd","status":"publish","type":"product","link":"https:\/\/www.technicontact.com\/en\/shop\/half-rack-single-channel-diversity-receiver-metal-case-frequency-5nd-2\/","title":{"rendered":"Half-rack Single-channel Diversity Receiver  (metal case), Frequency 5ND"},"content":{"rendered":"<p>EIA standard 1\/2U metal rack-mountable receiver.<br \/>\nStable PLL circuit. Auto Scan function allows quick search for an interference-free working channel from 112 preset channels under 10 groups. Up to 8 channels in group 11 can be saved and recalled within 961 user-defined frequencies.<br \/>\nWorld\u2019s first ACT\u2122 function provides precise and rapid frequency sync to the transmitters.<br \/>\nAdvanced diversity technology for optimum reception range reduces signal dropouts and the \u201cPiloTone &amp; NoiseLock\u201d dual-squelch circuits prevent noise interference.<br \/>\nBacklit LCD is lit in green indicates the receiver is in working mode when it detects an incoming signal or buttons are touched. The display dims automatically when the receiver is idle for about 10 seconds.<br \/>\nBalanced XLR \/ unbalanced 1\/4 &#8221; audio output jack, output level switch and DC input are on the rear panel. One mixed-output switch is available for dual-channel receivers.<br \/>\nIndustry\u2019s only RF interference warning indicator for proper adjustments of the SQ level.<br \/>\nIncrease sensitivity to extend receiving range; decrease the sensitivity to reduce interference.<br \/>\nReceiver provides bias for booster where MIPRO antenna systems can be added for extended receiving range and stability.<br \/>\nDC input jack accepts 12~15V power supply.<\/p>\n<p>SPECIFICATIONS<\/p>\n<p>Frequency Range\tUHF 480 \u2013 934 MHz<br \/>\n \tBandwidth\t24 MHz<br \/>\n \tPreset Frequency\t112 preset channels.<br \/>\nGroup 1-6: 8 compatible channels in each group.<br \/>\nGroup 7-10: 16 compatible channels in each group.<br \/>\nGroup 11: Up to 8 channels can be saved &amp; recalled. 961 user-defined frequencies in group 11.<br \/>\n \tReceiving Mode\tDiversity<br \/>\n \tReceiving Antenna\tRear Panel. Detachable.<br \/>\n \tOscillation Mode\tPLL Synthesized<br \/>\n \tStability\t? \u00b10.005% (-10 &#8211; +60?)<br \/>\n \tSensitivity\t10 dB\u00b5V at S\/N &gt; 80 dB<br \/>\n \tS\/N Ratio\t&gt; 106 dB(A)<br \/>\n \tT.H.D.\t&lt; 0.5% @ 1 kHz<br \/>\n \tFrequency Response\t50 Hz \u2013 18 kHz, with high pass filter<br \/>\n \tSquelch\t&quot;PiloTone &amp; NoiseLock&quot; dual-squelch circuit<br \/>\n \tAudio Output Adjustment\tOutput level accurately pre-adjusted to equal to the microphone capsule sensitivity.<br \/>\n \tMax. Output Level\tBalanced: +16 dBV \/ 0 dBV ; Unbalanced: +10 dBV \/ 0 dBV<br \/>\n \tPower Supply\t12 \u2013 15 V DC, 1A<br \/>\n \tPower Consumption\t3 W<br \/>\n \tDimensions (W \u00d7 H \u00d7 D)\t210 \u00d7 44 \u00d7 180 mm \/ 8.3 x 1.7 x 7.1 &quot;<br \/>\n \tWeight\tApprox. 0.8 kg \/ 1.8 lbs<\/p>\n","protected":false},"excerpt":{"rendered":"<p>EIA standard 1\/2U metal rack-mountable receiver.<br \/>\nStable PLL circuit. Auto Scan function allows quick search for an interference-free working channel from 112 preset channels under 10 groups. Up to 8 channels in group 11 can be saved and recalled within 961 user-defined frequencies.<br \/>\nWorld\u2019s first ACT\u2122 function provides precise and rapid frequency sync to the transmitters.<br \/>\nAdvanced diversity technology for optimum reception range reduces signal dropouts and the \u201cPiloTone &amp; NoiseLock\u201d dual-squelch circuits prevent noise interference.<br \/>\nBacklit LCD is lit in green indicates the receiver is in working mode when it detects an incoming signal or buttons are touched. The display dims automatically when the receiver is idle for about 10 seconds.<br \/>\nBalanced XLR \/ unbalanced 1\/4 &#8221; audio output jack, output level switch and DC input are on the rear panel. One mixed-output switch is available for dual-channel receivers.<br \/>\nIndustry\u2019s only RF interference warning indicator for proper adjustments of the SQ level.<br \/>\nIncrease sensitivity to extend receiving range; decrease the sensitivity to reduce interference.<br \/>\nReceiver provides bias for booster where MIPRO antenna systems can be added for extended receiving range and stability.<br \/>\nDC input jack accepts 12~15V power supply.<\/p>\n<p>SPECIFICATIONS<\/p>\n<p>Frequency Range\tUHF 480 \u2013 934 MHz<br \/>\n \tBandwidth\t24 MHz<br \/>\n \tPreset Frequency\t112 preset channels.<br \/>\nGroup 1-6: 8 compatible channels in each group.<br \/>\nGroup 7-10: 16 compatible channels in each group.<br \/>\nGroup 11: Up to 8 channels can be saved &amp; recalled. 961 user-defined frequencies in group 11.<br \/>\n \tReceiving Mode\tDiversity<br \/>\n \tReceiving Antenna\tRear Panel. Detachable.<br \/>\n \tOscillation Mode\tPLL Synthesized<br \/>\n \tStability\t? \u00b10.005% (-10 &#8211; +60?)<br \/>\n \tSensitivity\t10 dB\u00b5V at S\/N &gt; 80 dB<br \/>\n \tS\/N Ratio\t&gt; 106 dB(A)<br \/>\n \tT.H.D.\t&lt; 0.5% @ 1 kHz<br \/>\n \tFrequency Response\t50 Hz \u2013 18 kHz, with high pass filter<br \/>\n \tSquelch\t&quot;PiloTone &amp; NoiseLock&quot; dual-squelch circuit<br \/>\n \tAudio Output Adjustment\tOutput level accurately pre-adjusted to equal to the microphone capsule sensitivity.<br \/>\n \tMax. Output Level\tBalanced: +16 dBV \/ 0 dBV ; Unbalanced: +10 dBV \/ 0 dBV<br \/>\n \tPower Supply\t12 \u2013 15 V DC, 1A<br \/>\n \tPower Consumption\t3 W<br \/>\n \tDimensions (W \u00d7 H \u00d7 D)\t210 \u00d7 44 \u00d7 180 mm \/ 8.3 x 1.7 x 7.1 &quot;<br \/>\n \tWeight\tApprox. 0.8 kg \/ 1.8 lbs<\/p>\n","protected":false},"featured_media":0,"template":"","meta":{"_acf_changed":false,"inline_featured_image":false,"ep_exclude_from_search":false},"product_brand":[6438],"product_cat":[5978,5984],"product_tag":[],"class_list":{"0":"post-187410","1":"product","2":"type-product","3":"status-publish","5":"product_brand-mipro","6":"product_cat-microphones-2","7":"product_cat-wireless-microphone-systems","8":"pa_garantie-annees-1-en","9":"pa_marque-mipro-en","10":"pa_quantite-par-paquet-1-unit","12":"first","13":"instock","14":"taxable","15":"shipping-taxable","16":"purchasable","17":"product-type-simple"},"acf":[],"yoast_head":"<!-- This site is optimized with the Yoast SEO plugin v27.1.1 - https:\/\/yoast.com\/product\/yoast-seo-wordpress\/ -->\n<title>Half-rack Single-channel Diversity Receiver (metal case), Frequency 5ND | Techni+Contact<\/title>\n<meta name=\"robots\" content=\"index, follow, max-snippet:-1, max-image-preview:large, max-video-preview:-1\" \/>\n<link rel=\"canonical\" href=\"https:\/\/www.technicontact.com\/en\/shop\/half-rack-single-channel-diversity-receiver-metal-case-frequency-5nd-2\/\" \/>\n<meta property=\"og:locale\" content=\"en_US\" \/>\n<meta property=\"og:type\" content=\"article\" \/>\n<meta property=\"og:title\" content=\"Half-rack Single-channel Diversity Receiver (metal case), Frequency 5ND | Techni+Contact\" \/>\n<meta property=\"og:description\" content=\"EIA standard 1\/2U metal rack-mountable receiver. Stable PLL circuit. Auto Scan function allows quick search for an interference-free working channel from 112 preset channels under 10 groups. Up to 8 channels in group 11 can be saved and recalled within 961 user-defined frequencies. World\u2019s first ACT\u2122 function provides precise and rapid frequency sync to the transmitters. Advanced diversity technology for optimum reception range reduces signal dropouts and the \u201cPiloTone &amp; NoiseLock\u201d dual-squelch circuits prevent noise interference. Backlit LCD is lit in green indicates the receiver is in working mode when it detects an incoming signal or buttons are touched. The display dims automatically when the receiver is idle for about 10 seconds. Balanced XLR \/ unbalanced 1\/4 &quot; audio output jack, output level switch and DC input are on the rear panel. One mixed-output switch is available for dual-channel receivers. Industry\u2019s only RF interference warning indicator for proper adjustments of the SQ level. Increase sensitivity to extend receiving range; decrease the sensitivity to reduce interference. Receiver provides bias for booster where MIPRO antenna systems can be added for extended receiving range and stability. DC input jack accepts 12~15V power supply.  SPECIFICATIONS  Frequency Range UHF 480 \u2013 934 MHz   Bandwidth 24 MHz   Preset Frequency 112 preset channels. Group 1-6: 8 compatible channels in each group. Group 7-10: 16 compatible channels in each group. Group 11: Up to 8 channels can be saved &amp; recalled. 961 user-defined frequencies in group 11.   Receiving Mode Diversity   Receiving Antenna Rear Panel. Detachable.   Oscillation Mode PLL Synthesized   Stability ? \u00b10.005% (-10 - +60?)   Sensitivity 10 dB\u00b5V at S\/N &gt; 80 dB   S\/N Ratio &gt; 106 dB(A)   T.H.D. &lt; 0.5% @ 1 kHz   Frequency Response 50 Hz \u2013 18 kHz, with high pass filter   Squelch &quot;PiloTone &amp; NoiseLock&quot; dual-squelch circuit   Audio Output Adjustment Output level accurately pre-adjusted to equal to the microphone capsule sensitivity.   Max. Output Level Balanced: +16 dBV \/ 0 dBV ; Unbalanced: +10 dBV \/ 0 dBV   Power Supply 12 \u2013 15 V DC, 1A   Power Consumption 3 W   Dimensions (W \u00d7 H \u00d7 D) 210 \u00d7 44 \u00d7 180 mm \/ 8.3 x 1.7 x 7.1 &quot;   Weight Approx. 0.8 kg \/ 1.8 lbs\" \/>\n<meta property=\"og:url\" content=\"https:\/\/www.technicontact.com\/en\/shop\/half-rack-single-channel-diversity-receiver-metal-case-frequency-5nd-2\/\" \/>\n<meta property=\"og:site_name\" content=\"Techni+Contact\" \/>\n<meta property=\"article:publisher\" content=\"https:\/\/www.facebook.com\/technicontact\/\" \/>\n<meta property=\"article:modified_time\" content=\"2026-04-14T16:00:30+00:00\" \/>\n<meta name=\"twitter:card\" content=\"summary_large_image\" \/>\n<meta name=\"twitter:site\" content=\"@technicontact1\" \/>\n<meta name=\"twitter:label1\" content=\"Est. reading time\" \/>\n\t<meta name=\"twitter:data1\" content=\"2 minutes\" \/>\n<script type=\"application\/ld+json\" class=\"yoast-schema-graph\">{\"@context\":\"https:\/\/schema.org\",\"@graph\":[{\"@type\":\"WebPage\",\"@id\":\"https:\/\/www.technicontact.com\/en\/shop\/half-rack-single-channel-diversity-receiver-metal-case-frequency-5nd-2\/\",\"url\":\"https:\/\/www.technicontact.com\/en\/shop\/half-rack-single-channel-diversity-receiver-metal-case-frequency-5nd-2\/\",\"name\":\"Half-rack Single-channel Diversity Receiver (metal case), Frequency 5ND | Techni+Contact\",\"isPartOf\":{\"@id\":\"https:\/\/www.technicontact.com\/en\/#website\"},\"datePublished\":\"2022-05-03T20:54:50+00:00\",\"dateModified\":\"2026-04-14T16:00:30+00:00\",\"breadcrumb\":{\"@id\":\"https:\/\/www.technicontact.com\/en\/shop\/half-rack-single-channel-diversity-receiver-metal-case-frequency-5nd-2\/#breadcrumb\"},\"inLanguage\":\"en-US\",\"potentialAction\":[{\"@type\":\"ReadAction\",\"target\":[\"https:\/\/www.technicontact.com\/en\/shop\/half-rack-single-channel-diversity-receiver-metal-case-frequency-5nd-2\/\"]}]},{\"@type\":\"BreadcrumbList\",\"@id\":\"https:\/\/www.technicontact.com\/en\/shop\/half-rack-single-channel-diversity-receiver-metal-case-frequency-5nd-2\/#breadcrumb\",\"itemListElement\":[{\"@type\":\"ListItem\",\"position\":1,\"name\":\"Home\",\"item\":\"https:\/\/www.technicontact.com\/en\/\"},{\"@type\":\"ListItem\",\"position\":2,\"name\":\"Shop\",\"item\":\"https:\/\/www.technicontact.com\/en\/shop\/\"},{\"@type\":\"ListItem\",\"position\":3,\"name\":\"Half-rack Single-channel Diversity Receiver (metal case), Frequency 5ND\"}]},{\"@type\":\"WebSite\",\"@id\":\"https:\/\/www.technicontact.com\/en\/#website\",\"url\":\"https:\/\/www.technicontact.com\/en\/\",\"name\":\"Techni+Contact\",\"description\":\"Service-conseil en audiovisuel &amp; fournisseur mat\u00e9riel TI\",\"publisher\":{\"@id\":\"https:\/\/www.technicontact.com\/en\/#organization\"},\"potentialAction\":[{\"@type\":\"SearchAction\",\"target\":{\"@type\":\"EntryPoint\",\"urlTemplate\":\"https:\/\/www.technicontact.com\/en\/?s={search_term_string}\"},\"query-input\":{\"@type\":\"PropertyValueSpecification\",\"valueRequired\":true,\"valueName\":\"search_term_string\"}}],\"inLanguage\":\"en-US\"},{\"@type\":\"Organization\",\"@id\":\"https:\/\/www.technicontact.com\/en\/#organization\",\"name\":\"Techni+Contact\",\"url\":\"https:\/\/www.technicontact.com\/en\/\",\"logo\":{\"@type\":\"ImageObject\",\"inLanguage\":\"en-US\",\"@id\":\"https:\/\/www.technicontact.com\/en\/#\/schema\/logo\/image\/\",\"url\":\"https:\/\/www.technicontact.com\/wp-content\/uploads\/2021\/03\/TC-V.svg\",\"contentUrl\":\"https:\/\/www.technicontact.com\/wp-content\/uploads\/2021\/03\/TC-V.svg\",\"width\":182,\"height\":57,\"caption\":\"Techni+Contact \"},\"image\":{\"@id\":\"https:\/\/www.technicontact.com\/en\/#\/schema\/logo\/image\/\"},\"sameAs\":[\"https:\/\/www.facebook.com\/technicontact\/\",\"https:\/\/x.com\/technicontact1\",\"https:\/\/www.linkedin.com\/company\/techni-contact\/\"]}]}<\/script>\n<!-- \/ Yoast SEO plugin. -->","yoast_head_json":{"title":"Half-rack Single-channel Diversity Receiver (metal case), Frequency 5ND | Techni+Contact","robots":{"index":"index","follow":"follow","max-snippet":"max-snippet:-1","max-image-preview":"max-image-preview:large","max-video-preview":"max-video-preview:-1"},"canonical":"https:\/\/www.technicontact.com\/en\/shop\/half-rack-single-channel-diversity-receiver-metal-case-frequency-5nd-2\/","og_locale":"en_US","og_type":"article","og_title":"Half-rack Single-channel Diversity Receiver (metal case), Frequency 5ND | Techni+Contact","og_description":"EIA standard 1\/2U metal rack-mountable receiver. Stable PLL circuit. Auto Scan function allows quick search for an interference-free working channel from 112 preset channels under 10 groups. Up to 8 channels in group 11 can be saved and recalled within 961 user-defined frequencies. World\u2019s first ACT\u2122 function provides precise and rapid frequency sync to the transmitters. Advanced diversity technology for optimum reception range reduces signal dropouts and the \u201cPiloTone &amp; NoiseLock\u201d dual-squelch circuits prevent noise interference. Backlit LCD is lit in green indicates the receiver is in working mode when it detects an incoming signal or buttons are touched. The display dims automatically when the receiver is idle for about 10 seconds. Balanced XLR \/ unbalanced 1\/4 \" audio output jack, output level switch and DC input are on the rear panel. One mixed-output switch is available for dual-channel receivers. Industry\u2019s only RF interference warning indicator for proper adjustments of the SQ level. Increase sensitivity to extend receiving range; decrease the sensitivity to reduce interference. Receiver provides bias for booster where MIPRO antenna systems can be added for extended receiving range and stability. DC input jack accepts 12~15V power supply.  SPECIFICATIONS  Frequency Range UHF 480 \u2013 934 MHz   Bandwidth 24 MHz   Preset Frequency 112 preset channels. Group 1-6: 8 compatible channels in each group. Group 7-10: 16 compatible channels in each group. Group 11: Up to 8 channels can be saved &amp; recalled. 961 user-defined frequencies in group 11.   Receiving Mode Diversity   Receiving Antenna Rear Panel. Detachable.   Oscillation Mode PLL Synthesized   Stability ? \u00b10.005% (-10 - +60?)   Sensitivity 10 dB\u00b5V at S\/N &gt; 80 dB   S\/N Ratio &gt; 106 dB(A)   T.H.D. &lt; 0.5% @ 1 kHz   Frequency Response 50 Hz \u2013 18 kHz, with high pass filter   Squelch &quot;PiloTone &amp; NoiseLock&quot; dual-squelch circuit   Audio Output Adjustment Output level accurately pre-adjusted to equal to the microphone capsule sensitivity.   Max. Output Level Balanced: +16 dBV \/ 0 dBV ; Unbalanced: +10 dBV \/ 0 dBV   Power Supply 12 \u2013 15 V DC, 1A   Power Consumption 3 W   Dimensions (W \u00d7 H \u00d7 D) 210 \u00d7 44 \u00d7 180 mm \/ 8.3 x 1.7 x 7.1 &quot;   Weight Approx. 0.8 kg \/ 1.8 lbs","og_url":"https:\/\/www.technicontact.com\/en\/shop\/half-rack-single-channel-diversity-receiver-metal-case-frequency-5nd-2\/","og_site_name":"Techni+Contact","article_publisher":"https:\/\/www.facebook.com\/technicontact\/","article_modified_time":"2026-04-14T16:00:30+00:00","twitter_card":"summary_large_image","twitter_site":"@technicontact1","twitter_misc":{"Est. reading time":"2 minutes"},"schema":{"@context":"https:\/\/schema.org","@graph":[{"@type":"WebPage","@id":"https:\/\/www.technicontact.com\/en\/shop\/half-rack-single-channel-diversity-receiver-metal-case-frequency-5nd-2\/","url":"https:\/\/www.technicontact.com\/en\/shop\/half-rack-single-channel-diversity-receiver-metal-case-frequency-5nd-2\/","name":"Half-rack Single-channel Diversity Receiver (metal case), Frequency 5ND | Techni+Contact","isPartOf":{"@id":"https:\/\/www.technicontact.com\/en\/#website"},"datePublished":"2022-05-03T20:54:50+00:00","dateModified":"2026-04-14T16:00:30+00:00","breadcrumb":{"@id":"https:\/\/www.technicontact.com\/en\/shop\/half-rack-single-channel-diversity-receiver-metal-case-frequency-5nd-2\/#breadcrumb"},"inLanguage":"en-US","potentialAction":[{"@type":"ReadAction","target":["https:\/\/www.technicontact.com\/en\/shop\/half-rack-single-channel-diversity-receiver-metal-case-frequency-5nd-2\/"]}]},{"@type":"BreadcrumbList","@id":"https:\/\/www.technicontact.com\/en\/shop\/half-rack-single-channel-diversity-receiver-metal-case-frequency-5nd-2\/#breadcrumb","itemListElement":[{"@type":"ListItem","position":1,"name":"Home","item":"https:\/\/www.technicontact.com\/en\/"},{"@type":"ListItem","position":2,"name":"Shop","item":"https:\/\/www.technicontact.com\/en\/shop\/"},{"@type":"ListItem","position":3,"name":"Half-rack Single-channel Diversity Receiver (metal case), Frequency 5ND"}]},{"@type":"WebSite","@id":"https:\/\/www.technicontact.com\/en\/#website","url":"https:\/\/www.technicontact.com\/en\/","name":"Techni+Contact","description":"Service-conseil en audiovisuel &amp; fournisseur mat\u00e9riel TI","publisher":{"@id":"https:\/\/www.technicontact.com\/en\/#organization"},"potentialAction":[{"@type":"SearchAction","target":{"@type":"EntryPoint","urlTemplate":"https:\/\/www.technicontact.com\/en\/?s={search_term_string}"},"query-input":{"@type":"PropertyValueSpecification","valueRequired":true,"valueName":"search_term_string"}}],"inLanguage":"en-US"},{"@type":"Organization","@id":"https:\/\/www.technicontact.com\/en\/#organization","name":"Techni+Contact","url":"https:\/\/www.technicontact.com\/en\/","logo":{"@type":"ImageObject","inLanguage":"en-US","@id":"https:\/\/www.technicontact.com\/en\/#\/schema\/logo\/image\/","url":"https:\/\/www.technicontact.com\/wp-content\/uploads\/2021\/03\/TC-V.svg","contentUrl":"https:\/\/www.technicontact.com\/wp-content\/uploads\/2021\/03\/TC-V.svg","width":182,"height":57,"caption":"Techni+Contact "},"image":{"@id":"https:\/\/www.technicontact.com\/en\/#\/schema\/logo\/image\/"},"sameAs":["https:\/\/www.facebook.com\/technicontact\/","https:\/\/x.com\/technicontact1","https:\/\/www.linkedin.com\/company\/techni-contact\/"]}]}},"_links":{"self":[{"href":"https:\/\/www.technicontact.com\/en\/wp-json\/wp\/v2\/product\/187410","targetHints":{"allow":["GET"]}}],"collection":[{"href":"https:\/\/www.technicontact.com\/en\/wp-json\/wp\/v2\/product"}],"about":[{"href":"https:\/\/www.technicontact.com\/en\/wp-json\/wp\/v2\/types\/product"}],"wp:attachment":[{"href":"https:\/\/www.technicontact.com\/en\/wp-json\/wp\/v2\/media?parent=187410"}],"wp:term":[{"taxonomy":"product_brand","embeddable":true,"href":"https:\/\/www.technicontact.com\/en\/wp-json\/wp\/v2\/product_brand?post=187410"},{"taxonomy":"product_cat","embeddable":true,"href":"https:\/\/www.technicontact.com\/en\/wp-json\/wp\/v2\/product_cat?post=187410"},{"taxonomy":"product_tag","embeddable":true,"href":"https:\/\/www.technicontact.com\/en\/wp-json\/wp\/v2\/product_tag?post=187410"}],"curies":[{"name":"wp","href":"https:\/\/api.w.org\/{rel}","templated":true}]}}