{"id":181422,"date":"2021-12-09T13:27:06","date_gmt":"2021-12-09T18:27:06","guid":{"rendered":"https:\/\/technicontact.absoludev.ca\/shop\/mipro-5-8-ghz-digital-iem-stereo-transmitter\/"},"modified":"2026-04-08T13:44:44","modified_gmt":"2026-04-08T17:44:44","slug":"mipro-5-8-ghz-digital-ism-stereo-transmitter","status":"publish","type":"product","link":"https:\/\/www.technicontact.com\/en\/shop\/mipro-5-8-ghz-digital-iem-stereo-transmitter\/","title":{"rendered":"MIPRO &#8211; 5.8 GHz Digital ISM Stereo Transmitter"},"content":{"rendered":"<p>The MI-58T is equipped with a graphic OLED, a rotary knob, an ACT sync button, an audio input set button and the industry\u2019s first LED indicators (SLC) for clear identification of the input volume to prevent the loudest peaks. It has 3.5 mm and 6.3 mm dual earphone monitoring connectors and individual volume controls.<\/p>\n<p>The rear panel of MI-58T is equipped with two XLR and 6.3 mm input combo jacks, two 6.3 mm phone jack loop outputs, an ACT-BUS networking interface, TNC RF output connectors, and a 12V DC power supply.<\/p>\n<p>The MI-58T delivers &lt; 25 mW output power (the maximum value depends on the telecom regulations of different countries) with an ON \/ OFF switch, presets several interference-free channels and can ACT sync to the receiver. With a high dynamic range stereo input combo jack, it can sustain the maximum output from any mixer.<\/p>\n<p>Housing: Standard 1\/2U metal case with a rotary control knob.<br \/>\nDisplay: Graphic OLED displays all functions and settings The LED indicators display (SLC) for proper input stereo signals volume status adjustment.<br \/>\nFrequency Range: ISM 5.8 GHz (5,725~5,850 MHz)<br \/>\nPreset Channels: Group A &amp; B. Presets 12 channels of interference-free operation in Group A, and 24 channels of interference-free operation in Group B1 &amp; B2. 64 ID codes and 1 specific ID are allowed to be set for each channel to prevent the same channel interfered in the same field.<br \/>\nChannel Setting: ACT sync<br \/>\nAudio Sampling: 24-bit \/ 48 kHz<br \/>\nRF Output Power: &lt; 25 mW (CE compliance), or country dependent.<br \/>\nAudio Input Jack: XLR and 6.3 mm combo jack \u00d7 2.<br \/>\nAF Loop Output Jack: 6.3 mm TRS \u00d7 2<br \/>\nEarphone Jack: 6.3 mm \u00d7 1 and 3.5 mm \u00d7 1<br \/>\nNetworking Interface: RJ-11 ACT-BUS \u00d7 2<br \/>\nPower Supply: External 10 ~ 15 V DC<\/p>\n","protected":false},"excerpt":{"rendered":"<p>The MI-58T is equipped with a graphic OLED, a rotary knob, an ACT sync button, an audio input set button and the industry\u2019s first LED indicators (SLC) for clear identification of the input volume to prevent the loudest peaks. It has 3.5 mm and 6.3 mm dual earphone monitoring connectors and individual volume controls.<\/p>\n<p>The rear panel of MI-58T is equipped with two XLR and 6.3 mm input combo jacks, two 6.3 mm phone jack loop outputs, an ACT-BUS networking interface, TNC RF output connectors, and a 12V DC power supply.<\/p>\n<p>The MI-58T delivers &lt; 25 mW output power (the maximum value depends on the telecom regulations of different countries) with an ON \/ OFF switch, presets several interference-free channels and can ACT sync to the receiver. With a high dynamic range stereo input combo jack, it can sustain the maximum output from any mixer.<\/p>\n<p>Housing: Standard 1\/2U metal case with a rotary control knob.<br \/>\nDisplay: Graphic OLED displays all functions and settings The LED indicators display (SLC) for proper input stereo signals volume status adjustment.<br \/>\nFrequency Range: ISM 5.8 GHz (5,725~5,850 MHz)<br \/>\nPreset Channels: Group A &amp; B. Presets 12 channels of interference-free operation in Group A, and 24 channels of interference-free operation in Group B1 &amp; B2. 64 ID codes and 1 specific ID are allowed to be set for each channel to prevent the same channel interfered in the same field.<br \/>\nChannel Setting: ACT sync<br \/>\nAudio Sampling: 24-bit \/ 48 kHz<br \/>\nRF Output Power: &lt; 25 mW (CE compliance), or country dependent.<br \/>\nAudio Input Jack: XLR and 6.3 mm combo jack \u00d7 2.<br \/>\nAF Loop Output Jack: 6.3 mm TRS \u00d7 2<br \/>\nEarphone Jack: 6.3 mm \u00d7 1 and 3.5 mm \u00d7 1<br \/>\nNetworking Interface: RJ-11 ACT-BUS \u00d7 2<br \/>\nPower Supply: External 10 ~ 15 V DC<\/p>\n","protected":false},"featured_media":187974,"template":"","meta":{"_acf_changed":false,"inline_featured_image":false,"ep_exclude_from_search":false},"product_brand":[6438],"product_cat":[6002,5978],"product_tag":[],"class_list":{"0":"post-181422","1":"product","2":"type-product","3":"status-publish","4":"has-post-thumbnail","6":"product_brand-mipro","7":"product_cat-in-ear-monitor","8":"product_cat-microphones-2","9":"pa_garantie-annees-1-en","10":"pa_marque-mipro-en","11":"pa_quantite-par-paquet-1-unit","13":"first","14":"instock","15":"taxable","16":"shipping-taxable","17":"purchasable","18":"product-type-simple"},"acf":[],"yoast_head":"<!-- This site is optimized with the Yoast SEO plugin v27.1.1 - https:\/\/yoast.com\/product\/yoast-seo-wordpress\/ -->\n<title>MIPRO - 5.8 GHz Digital ISM Stereo Transmitter | Techni+Contact<\/title>\n<meta name=\"robots\" content=\"index, follow, max-snippet:-1, max-image-preview:large, max-video-preview:-1\" \/>\n<link rel=\"canonical\" href=\"https:\/\/www.technicontact.com\/en\/shop\/mipro-5-8-ghz-digital-iem-stereo-transmitter\/\" \/>\n<meta property=\"og:locale\" content=\"en_US\" \/>\n<meta property=\"og:type\" content=\"article\" \/>\n<meta property=\"og:title\" content=\"MIPRO - 5.8 GHz Digital ISM Stereo Transmitter | Techni+Contact\" \/>\n<meta property=\"og:description\" content=\"The MI-58T is equipped with a graphic OLED, a rotary knob, an ACT sync button, an audio input set button and the industry\u2019s first LED indicators (SLC) for clear identification of the input volume to prevent the loudest peaks. It has 3.5 mm and 6.3 mm dual earphone monitoring connectors and individual volume controls.  The rear panel of MI-58T is equipped with two XLR and 6.3 mm input combo jacks, two 6.3 mm phone jack loop outputs, an ACT-BUS networking interface, TNC RF output connectors, and a 12V DC power supply.  The MI-58T delivers &lt; 25 mW output power (the maximum value depends on the telecom regulations of different countries) with an ON \/ OFF switch, presets several interference-free channels and can ACT sync to the receiver. With a high dynamic range stereo input combo jack, it can sustain the maximum output from any mixer.  Housing: Standard 1\/2U metal case with a rotary control knob. Display: Graphic OLED displays all functions and settings The LED indicators display (SLC) for proper input stereo signals volume status adjustment. Frequency Range: ISM 5.8 GHz (5,725~5,850 MHz) Preset Channels: Group A &amp; B. Presets 12 channels of interference-free operation in Group A, and 24 channels of interference-free operation in Group B1 &amp; B2. 64 ID codes and 1 specific ID are allowed to be set for each channel to prevent the same channel interfered in the same field. Channel Setting: ACT sync Audio Sampling: 24-bit \/ 48 kHz RF Output Power: &lt; 25 mW (CE compliance), or country dependent. Audio Input Jack: XLR and 6.3 mm combo jack \u00d7 2. AF Loop Output Jack: 6.3 mm TRS \u00d7 2 Earphone Jack: 6.3 mm \u00d7 1 and 3.5 mm \u00d7 1 Networking Interface: RJ-11 ACT-BUS \u00d7 2 Power Supply: External 10 ~ 15 V DC\" \/>\n<meta property=\"og:url\" content=\"https:\/\/www.technicontact.com\/en\/shop\/mipro-5-8-ghz-digital-iem-stereo-transmitter\/\" \/>\n<meta property=\"og:site_name\" content=\"Techni+Contact\" \/>\n<meta property=\"article:publisher\" content=\"https:\/\/www.facebook.com\/technicontact\/\" \/>\n<meta property=\"article:modified_time\" content=\"2026-04-08T17:44:44+00:00\" \/>\n<meta property=\"og:image\" content=\"https:\/\/www.technicontact.com\/wp-content\/uploads\/2022\/02\/MIPRO-MI-58T.jpg\" \/>\n\t<meta property=\"og:image:width\" content=\"703\" \/>\n\t<meta property=\"og:image:height\" content=\"450\" \/>\n\t<meta property=\"og:image:type\" content=\"image\/png\" \/>\n<meta name=\"twitter:card\" content=\"summary_large_image\" \/>\n<meta name=\"twitter:site\" content=\"@technicontact1\" \/>\n<meta name=\"twitter:label1\" content=\"Est. reading time\" \/>\n\t<meta name=\"twitter:data1\" content=\"2 minutes\" \/>\n<script type=\"application\/ld+json\" class=\"yoast-schema-graph\">{\"@context\":\"https:\/\/schema.org\",\"@graph\":[{\"@type\":\"WebPage\",\"@id\":\"https:\/\/www.technicontact.com\/en\/shop\/mipro-5-8-ghz-digital-iem-stereo-transmitter\/\",\"url\":\"https:\/\/www.technicontact.com\/en\/shop\/mipro-5-8-ghz-digital-iem-stereo-transmitter\/\",\"name\":\"MIPRO - 5.8 GHz Digital ISM Stereo Transmitter | Techni+Contact\",\"isPartOf\":{\"@id\":\"https:\/\/www.technicontact.com\/en\/#website\"},\"primaryImageOfPage\":{\"@id\":\"https:\/\/www.technicontact.com\/en\/shop\/mipro-5-8-ghz-digital-iem-stereo-transmitter\/#primaryimage\"},\"image\":{\"@id\":\"https:\/\/www.technicontact.com\/en\/shop\/mipro-5-8-ghz-digital-iem-stereo-transmitter\/#primaryimage\"},\"thumbnailUrl\":\"https:\/\/www.technicontact.com\/wp-content\/uploads\/2022\/02\/MIPRO-MI-58T.jpg\",\"datePublished\":\"2021-12-09T18:27:06+00:00\",\"dateModified\":\"2026-04-08T17:44:44+00:00\",\"breadcrumb\":{\"@id\":\"https:\/\/www.technicontact.com\/en\/shop\/mipro-5-8-ghz-digital-iem-stereo-transmitter\/#breadcrumb\"},\"inLanguage\":\"en-US\",\"potentialAction\":[{\"@type\":\"ReadAction\",\"target\":[\"https:\/\/www.technicontact.com\/en\/shop\/mipro-5-8-ghz-digital-iem-stereo-transmitter\/\"]}]},{\"@type\":\"ImageObject\",\"inLanguage\":\"en-US\",\"@id\":\"https:\/\/www.technicontact.com\/en\/shop\/mipro-5-8-ghz-digital-iem-stereo-transmitter\/#primaryimage\",\"url\":\"https:\/\/www.technicontact.com\/wp-content\/uploads\/2022\/02\/MIPRO-MI-58T.jpg\",\"contentUrl\":\"https:\/\/www.technicontact.com\/wp-content\/uploads\/2022\/02\/MIPRO-MI-58T.jpg\",\"width\":703,\"height\":450},{\"@type\":\"BreadcrumbList\",\"@id\":\"https:\/\/www.technicontact.com\/en\/shop\/mipro-5-8-ghz-digital-iem-stereo-transmitter\/#breadcrumb\",\"itemListElement\":[{\"@type\":\"ListItem\",\"position\":1,\"name\":\"Home\",\"item\":\"https:\/\/www.technicontact.com\/en\/\"},{\"@type\":\"ListItem\",\"position\":2,\"name\":\"Shop\",\"item\":\"https:\/\/www.technicontact.com\/en\/shop\/\"},{\"@type\":\"ListItem\",\"position\":3,\"name\":\"MIPRO &#8211; 5.8 GHz Digital ISM Stereo Transmitter\"}]},{\"@type\":\"WebSite\",\"@id\":\"https:\/\/www.technicontact.com\/en\/#website\",\"url\":\"https:\/\/www.technicontact.com\/en\/\",\"name\":\"Techni+Contact\",\"description\":\"Service-conseil en audiovisuel &amp; fournisseur mat\u00e9riel TI\",\"publisher\":{\"@id\":\"https:\/\/www.technicontact.com\/en\/#organization\"},\"potentialAction\":[{\"@type\":\"SearchAction\",\"target\":{\"@type\":\"EntryPoint\",\"urlTemplate\":\"https:\/\/www.technicontact.com\/en\/?s={search_term_string}\"},\"query-input\":{\"@type\":\"PropertyValueSpecification\",\"valueRequired\":true,\"valueName\":\"search_term_string\"}}],\"inLanguage\":\"en-US\"},{\"@type\":\"Organization\",\"@id\":\"https:\/\/www.technicontact.com\/en\/#organization\",\"name\":\"Techni+Contact\",\"url\":\"https:\/\/www.technicontact.com\/en\/\",\"logo\":{\"@type\":\"ImageObject\",\"inLanguage\":\"en-US\",\"@id\":\"https:\/\/www.technicontact.com\/en\/#\/schema\/logo\/image\/\",\"url\":\"https:\/\/www.technicontact.com\/wp-content\/uploads\/2021\/03\/TC-V.svg\",\"contentUrl\":\"https:\/\/www.technicontact.com\/wp-content\/uploads\/2021\/03\/TC-V.svg\",\"width\":182,\"height\":57,\"caption\":\"Techni+Contact \"},\"image\":{\"@id\":\"https:\/\/www.technicontact.com\/en\/#\/schema\/logo\/image\/\"},\"sameAs\":[\"https:\/\/www.facebook.com\/technicontact\/\",\"https:\/\/x.com\/technicontact1\",\"https:\/\/www.linkedin.com\/company\/techni-contact\/\"]}]}<\/script>\n<!-- \/ Yoast SEO plugin. -->","yoast_head_json":{"title":"MIPRO - 5.8 GHz Digital ISM Stereo Transmitter | Techni+Contact","robots":{"index":"index","follow":"follow","max-snippet":"max-snippet:-1","max-image-preview":"max-image-preview:large","max-video-preview":"max-video-preview:-1"},"canonical":"https:\/\/www.technicontact.com\/en\/shop\/mipro-5-8-ghz-digital-iem-stereo-transmitter\/","og_locale":"en_US","og_type":"article","og_title":"MIPRO - 5.8 GHz Digital ISM Stereo Transmitter | Techni+Contact","og_description":"The MI-58T is equipped with a graphic OLED, a rotary knob, an ACT sync button, an audio input set button and the industry\u2019s first LED indicators (SLC) for clear identification of the input volume to prevent the loudest peaks. It has 3.5 mm and 6.3 mm dual earphone monitoring connectors and individual volume controls.  The rear panel of MI-58T is equipped with two XLR and 6.3 mm input combo jacks, two 6.3 mm phone jack loop outputs, an ACT-BUS networking interface, TNC RF output connectors, and a 12V DC power supply.  The MI-58T delivers &lt; 25 mW output power (the maximum value depends on the telecom regulations of different countries) with an ON \/ OFF switch, presets several interference-free channels and can ACT sync to the receiver. With a high dynamic range stereo input combo jack, it can sustain the maximum output from any mixer.  Housing: Standard 1\/2U metal case with a rotary control knob. Display: Graphic OLED displays all functions and settings The LED indicators display (SLC) for proper input stereo signals volume status adjustment. Frequency Range: ISM 5.8 GHz (5,725~5,850 MHz) Preset Channels: Group A &amp; B. Presets 12 channels of interference-free operation in Group A, and 24 channels of interference-free operation in Group B1 &amp; B2. 64 ID codes and 1 specific ID are allowed to be set for each channel to prevent the same channel interfered in the same field. Channel Setting: ACT sync Audio Sampling: 24-bit \/ 48 kHz RF Output Power: &lt; 25 mW (CE compliance), or country dependent. Audio Input Jack: XLR and 6.3 mm combo jack \u00d7 2. AF Loop Output Jack: 6.3 mm TRS \u00d7 2 Earphone Jack: 6.3 mm \u00d7 1 and 3.5 mm \u00d7 1 Networking Interface: RJ-11 ACT-BUS \u00d7 2 Power Supply: External 10 ~ 15 V DC","og_url":"https:\/\/www.technicontact.com\/en\/shop\/mipro-5-8-ghz-digital-iem-stereo-transmitter\/","og_site_name":"Techni+Contact","article_publisher":"https:\/\/www.facebook.com\/technicontact\/","article_modified_time":"2026-04-08T17:44:44+00:00","og_image":[{"width":703,"height":450,"url":"https:\/\/www.technicontact.com\/wp-content\/uploads\/2022\/02\/MIPRO-MI-58T.jpg","type":"image\/png"}],"twitter_card":"summary_large_image","twitter_site":"@technicontact1","twitter_misc":{"Est. reading time":"2 minutes"},"schema":{"@context":"https:\/\/schema.org","@graph":[{"@type":"WebPage","@id":"https:\/\/www.technicontact.com\/en\/shop\/mipro-5-8-ghz-digital-iem-stereo-transmitter\/","url":"https:\/\/www.technicontact.com\/en\/shop\/mipro-5-8-ghz-digital-iem-stereo-transmitter\/","name":"MIPRO - 5.8 GHz Digital ISM Stereo Transmitter | Techni+Contact","isPartOf":{"@id":"https:\/\/www.technicontact.com\/en\/#website"},"primaryImageOfPage":{"@id":"https:\/\/www.technicontact.com\/en\/shop\/mipro-5-8-ghz-digital-iem-stereo-transmitter\/#primaryimage"},"image":{"@id":"https:\/\/www.technicontact.com\/en\/shop\/mipro-5-8-ghz-digital-iem-stereo-transmitter\/#primaryimage"},"thumbnailUrl":"https:\/\/www.technicontact.com\/wp-content\/uploads\/2022\/02\/MIPRO-MI-58T.jpg","datePublished":"2021-12-09T18:27:06+00:00","dateModified":"2026-04-08T17:44:44+00:00","breadcrumb":{"@id":"https:\/\/www.technicontact.com\/en\/shop\/mipro-5-8-ghz-digital-iem-stereo-transmitter\/#breadcrumb"},"inLanguage":"en-US","potentialAction":[{"@type":"ReadAction","target":["https:\/\/www.technicontact.com\/en\/shop\/mipro-5-8-ghz-digital-iem-stereo-transmitter\/"]}]},{"@type":"ImageObject","inLanguage":"en-US","@id":"https:\/\/www.technicontact.com\/en\/shop\/mipro-5-8-ghz-digital-iem-stereo-transmitter\/#primaryimage","url":"https:\/\/www.technicontact.com\/wp-content\/uploads\/2022\/02\/MIPRO-MI-58T.jpg","contentUrl":"https:\/\/www.technicontact.com\/wp-content\/uploads\/2022\/02\/MIPRO-MI-58T.jpg","width":703,"height":450},{"@type":"BreadcrumbList","@id":"https:\/\/www.technicontact.com\/en\/shop\/mipro-5-8-ghz-digital-iem-stereo-transmitter\/#breadcrumb","itemListElement":[{"@type":"ListItem","position":1,"name":"Home","item":"https:\/\/www.technicontact.com\/en\/"},{"@type":"ListItem","position":2,"name":"Shop","item":"https:\/\/www.technicontact.com\/en\/shop\/"},{"@type":"ListItem","position":3,"name":"MIPRO &#8211; 5.8 GHz Digital ISM Stereo Transmitter"}]},{"@type":"WebSite","@id":"https:\/\/www.technicontact.com\/en\/#website","url":"https:\/\/www.technicontact.com\/en\/","name":"Techni+Contact","description":"Service-conseil en audiovisuel &amp; fournisseur mat\u00e9riel TI","publisher":{"@id":"https:\/\/www.technicontact.com\/en\/#organization"},"potentialAction":[{"@type":"SearchAction","target":{"@type":"EntryPoint","urlTemplate":"https:\/\/www.technicontact.com\/en\/?s={search_term_string}"},"query-input":{"@type":"PropertyValueSpecification","valueRequired":true,"valueName":"search_term_string"}}],"inLanguage":"en-US"},{"@type":"Organization","@id":"https:\/\/www.technicontact.com\/en\/#organization","name":"Techni+Contact","url":"https:\/\/www.technicontact.com\/en\/","logo":{"@type":"ImageObject","inLanguage":"en-US","@id":"https:\/\/www.technicontact.com\/en\/#\/schema\/logo\/image\/","url":"https:\/\/www.technicontact.com\/wp-content\/uploads\/2021\/03\/TC-V.svg","contentUrl":"https:\/\/www.technicontact.com\/wp-content\/uploads\/2021\/03\/TC-V.svg","width":182,"height":57,"caption":"Techni+Contact "},"image":{"@id":"https:\/\/www.technicontact.com\/en\/#\/schema\/logo\/image\/"},"sameAs":["https:\/\/www.facebook.com\/technicontact\/","https:\/\/x.com\/technicontact1","https:\/\/www.linkedin.com\/company\/techni-contact\/"]}]}},"_links":{"self":[{"href":"https:\/\/www.technicontact.com\/en\/wp-json\/wp\/v2\/product\/181422","targetHints":{"allow":["GET"]}}],"collection":[{"href":"https:\/\/www.technicontact.com\/en\/wp-json\/wp\/v2\/product"}],"about":[{"href":"https:\/\/www.technicontact.com\/en\/wp-json\/wp\/v2\/types\/product"}],"wp:featuredmedia":[{"embeddable":true,"href":"https:\/\/www.technicontact.com\/en\/wp-json\/wp\/v2\/media\/187974"}],"wp:attachment":[{"href":"https:\/\/www.technicontact.com\/en\/wp-json\/wp\/v2\/media?parent=181422"}],"wp:term":[{"taxonomy":"product_brand","embeddable":true,"href":"https:\/\/www.technicontact.com\/en\/wp-json\/wp\/v2\/product_brand?post=181422"},{"taxonomy":"product_cat","embeddable":true,"href":"https:\/\/www.technicontact.com\/en\/wp-json\/wp\/v2\/product_cat?post=181422"},{"taxonomy":"product_tag","embeddable":true,"href":"https:\/\/www.technicontact.com\/en\/wp-json\/wp\/v2\/product_tag?post=181422"}],"curies":[{"name":"wp","href":"https:\/\/api.w.org\/{rel}","templated":true}]}}