{"id":181218,"date":"2021-12-09T13:25:58","date_gmt":"2021-12-09T18:25:58","guid":{"rendered":"https:\/\/technicontact.absoludev.ca\/shop\/miniature-bodypack-transmitter-with-xlr-connectorr-freq-5nd\/"},"modified":"2026-04-14T12:00:30","modified_gmt":"2026-04-14T16:00:30","slug":"miniature-bodypack-transmitter-with-xlr-connectorr-freq-5nd","status":"publish","type":"product","link":"https:\/\/www.technicontact.com\/en\/shop\/miniature-bodypack-transmitter-with-xlr-connectorr-freq-5nd\/","title":{"rendered":"Miniature Bodypack Transmitter with XLR connectorr freq. 5ND"},"content":{"rendered":"<p>Lightweight, compact size with sturdy plastic housing.<br \/>\nOn the top features mute switch, mini-XLR connector and antenna.<br \/>\nBacklit LCD displays various parameters and status.<br \/>\nInnovatively designed battery cover allows easy access to operate buttons and prevents accidental operation.<br \/>\nMute button with remote-control jack for easy activation of mute function.<br \/>\nStable PLL circuits. Automatically synchronized with the receiver\u2019s frequency by MIPRO\u2019s patented ACT\u2122 function.<br \/>\nCan directly match to high-low input impedance for microphone or guitar without switching.<br \/>\nMini-XLR input with secure screw lock connector for lavaliere \/ headworn mics and guitar.<br \/>\nAdjustable belt clip allows wearing transmitter in up or down position.<br \/>\nHigh-efficiency circuitry design provides 12~14 hours of operation from 2 AA batteries (depending on the battery quality).<\/p>\n<p>SPECIFICATIONS<\/p>\n<p> \tFrequency Range\tUHF 480 \u2013 934 MHz<br \/>\n \tBandwidth\t24 MHz<br \/>\n \tOscillation Mode\tPLL Synthesized<br \/>\n \tChannel Set-Up\tACT Sync<br \/>\n \tRF Output Power\t10 mW \/ 30 mW (switchable)<br \/>\n \tDeviation\t&lt; \u00b1 40 kHz<br \/>\n \tSpurious Emissions\t? -55 dBc<br \/>\n \tLCD Display\tGroup, Channel, Frequency, AF gain, Frequency band, RF power, Mute mode, Lock status, Battery                                status and error codes<br \/>\n \tMax. Input Level\t0 dBV<br \/>\n \tMute Connector\tOptional MJ-70 remote mute switch<br \/>\n \tBattery Type\t2 AA alkaline<br \/>\n \tOperating Time\tMin. 12 hours<br \/>\n \tCurrent Consumption\tHigh Power: approx. 161 mA ; Low Power: approx. 120 mA<br \/>\n \tDimensions (W \u00d7 H \u00d7 D)\t63 \u00d7 82 \u00d7 22 mm \/ 2.5 \u00d7 3.2 \u00d7 0.9 &quot;<br \/>\n \tNet Weight\tApprox. 83 g \/ 2.9 oz<\/p>\n","protected":false},"excerpt":{"rendered":"<p>Lightweight, compact size with sturdy plastic housing.<br \/>\nOn the top features mute switch, mini-XLR connector and antenna.<br \/>\nBacklit LCD displays various parameters and status.<br \/>\nInnovatively designed battery cover allows easy access to operate buttons and prevents accidental operation.<br \/>\nMute button with remote-control jack for easy activation of mute function.<br \/>\nStable PLL circuits. Automatically synchronized with the receiver\u2019s frequency by MIPRO\u2019s patented ACT\u2122 function.<br \/>\nCan directly match to high-low input impedance for microphone or guitar without switching.<br \/>\nMini-XLR input with secure screw lock connector for lavaliere \/ headworn mics and guitar.<br \/>\nAdjustable belt clip allows wearing transmitter in up or down position.<br \/>\nHigh-efficiency circuitry design provides 12~14 hours of operation from 2 AA batteries (depending on the battery quality).<\/p>\n<p>SPECIFICATIONS<\/p>\n<p> \tFrequency Range\tUHF 480 \u2013 934 MHz<br \/>\n \tBandwidth\t24 MHz<br \/>\n \tOscillation Mode\tPLL Synthesized<br \/>\n \tChannel Set-Up\tACT Sync<br \/>\n \tRF Output Power\t10 mW \/ 30 mW (switchable)<br \/>\n \tDeviation\t&lt; \u00b1 40 kHz<br \/>\n \tSpurious Emissions\t? -55 dBc<br \/>\n \tLCD Display\tGroup, Channel, Frequency, AF gain, Frequency band, RF power, Mute mode, Lock status, Battery                                status and error codes<br \/>\n \tMax. Input Level\t0 dBV<br \/>\n \tMute Connector\tOptional MJ-70 remote mute switch<br \/>\n \tBattery Type\t2 AA alkaline<br \/>\n \tOperating Time\tMin. 12 hours<br \/>\n \tCurrent Consumption\tHigh Power: approx. 161 mA ; Low Power: approx. 120 mA<br \/>\n \tDimensions (W \u00d7 H \u00d7 D)\t63 \u00d7 82 \u00d7 22 mm \/ 2.5 \u00d7 3.2 \u00d7 0.9 &quot;<br \/>\n \tNet Weight\tApprox. 83 g \/ 2.9 oz<\/p>\n","protected":false},"featured_media":187918,"template":"","meta":{"_acf_changed":false,"inline_featured_image":false,"ep_exclude_from_search":false},"product_brand":[6438],"product_cat":[5978,5984],"product_tag":[],"class_list":{"0":"post-181218","1":"product","2":"type-product","3":"status-publish","4":"has-post-thumbnail","6":"product_brand-mipro","7":"product_cat-microphones-2","8":"product_cat-wireless-microphone-systems","9":"pa_accessoires-inclus-asp-30-mj-70-mu-40g-en","10":"pa_couleur-black","11":"pa_garantie-annees-1-en","12":"pa_marque-mipro-en","13":"pa_quantite-par-paquet-1-unit","15":"first","16":"instock","17":"taxable","18":"shipping-taxable","19":"purchasable","20":"product-type-simple"},"acf":[],"yoast_head":"<!-- This site is optimized with the Yoast SEO plugin v27.1.1 - https:\/\/yoast.com\/product\/yoast-seo-wordpress\/ -->\n<title>Miniature Bodypack Transmitter with XLR connectorr freq. 5ND | Techni+Contact<\/title>\n<meta name=\"robots\" content=\"index, follow, max-snippet:-1, max-image-preview:large, max-video-preview:-1\" \/>\n<link rel=\"canonical\" href=\"https:\/\/www.technicontact.com\/en\/shop\/miniature-bodypack-transmitter-with-xlr-connectorr-freq-5nd\/\" \/>\n<meta property=\"og:locale\" content=\"en_US\" \/>\n<meta property=\"og:type\" content=\"article\" \/>\n<meta property=\"og:title\" content=\"Miniature Bodypack Transmitter with XLR connectorr freq. 5ND | Techni+Contact\" \/>\n<meta property=\"og:description\" content=\"Lightweight, compact size with sturdy plastic housing. On the top features mute switch, mini-XLR connector and antenna. Backlit LCD displays various parameters and status. Innovatively designed battery cover allows easy access to operate buttons and prevents accidental operation. Mute button with remote-control jack for easy activation of mute function. Stable PLL circuits. Automatically synchronized with the receiver\u2019s frequency by MIPRO\u2019s patented ACT\u2122 function. Can directly match to high-low input impedance for microphone or guitar without switching. Mini-XLR input with secure screw lock connector for lavaliere \/ headworn mics and guitar. Adjustable belt clip allows wearing transmitter in up or down position. High-efficiency circuitry design provides 12~14 hours of operation from 2 AA batteries (depending on the battery quality).  SPECIFICATIONS   Frequency Range UHF 480 \u2013 934 MHz   Bandwidth 24 MHz   Oscillation Mode PLL Synthesized   Channel Set-Up ACT Sync   RF Output Power 10 mW \/ 30 mW (switchable)   Deviation &lt; \u00b1 40 kHz   Spurious Emissions ? -55 dBc   LCD Display Group, Channel, Frequency, AF gain, Frequency band, RF power, Mute mode, Lock status, Battery                status and error codes   Max. Input Level 0 dBV   Mute Connector Optional MJ-70 remote mute switch   Battery Type 2 AA alkaline   Operating Time Min. 12 hours   Current Consumption High Power: approx. 161 mA ; Low Power: approx. 120 mA   Dimensions (W \u00d7 H \u00d7 D) 63 \u00d7 82 \u00d7 22 mm \/ 2.5 \u00d7 3.2 \u00d7 0.9 &quot;   Net Weight Approx. 83 g \/ 2.9 oz\" \/>\n<meta property=\"og:url\" content=\"https:\/\/www.technicontact.com\/en\/shop\/miniature-bodypack-transmitter-with-xlr-connectorr-freq-5nd\/\" \/>\n<meta property=\"og:site_name\" content=\"Techni+Contact\" \/>\n<meta property=\"article:publisher\" content=\"https:\/\/www.facebook.com\/technicontact\/\" \/>\n<meta property=\"article:modified_time\" content=\"2026-04-14T16:00:30+00:00\" \/>\n<meta property=\"og:image\" content=\"https:\/\/www.technicontact.com\/wp-content\/uploads\/2022\/02\/MIPRO-ACT-32T-5ND.jpg\" \/>\n\t<meta property=\"og:image:width\" content=\"2000\" \/>\n\t<meta property=\"og:image:height\" content=\"2000\" \/>\n\t<meta property=\"og:image:type\" content=\"image\/jpeg\" \/>\n<meta name=\"twitter:card\" content=\"summary_large_image\" \/>\n<meta name=\"twitter:site\" content=\"@technicontact1\" \/>\n<meta name=\"twitter:label1\" content=\"Est. reading time\" \/>\n\t<meta name=\"twitter:data1\" content=\"1 minute\" \/>\n<script type=\"application\/ld+json\" class=\"yoast-schema-graph\">{\"@context\":\"https:\/\/schema.org\",\"@graph\":[{\"@type\":\"WebPage\",\"@id\":\"https:\/\/www.technicontact.com\/en\/shop\/miniature-bodypack-transmitter-with-xlr-connectorr-freq-5nd\/\",\"url\":\"https:\/\/www.technicontact.com\/en\/shop\/miniature-bodypack-transmitter-with-xlr-connectorr-freq-5nd\/\",\"name\":\"Miniature Bodypack Transmitter with XLR connectorr freq. 5ND | Techni+Contact\",\"isPartOf\":{\"@id\":\"https:\/\/www.technicontact.com\/en\/#website\"},\"primaryImageOfPage\":{\"@id\":\"https:\/\/www.technicontact.com\/en\/shop\/miniature-bodypack-transmitter-with-xlr-connectorr-freq-5nd\/#primaryimage\"},\"image\":{\"@id\":\"https:\/\/www.technicontact.com\/en\/shop\/miniature-bodypack-transmitter-with-xlr-connectorr-freq-5nd\/#primaryimage\"},\"thumbnailUrl\":\"https:\/\/www.technicontact.com\/wp-content\/uploads\/2022\/02\/MIPRO-ACT-32T-5ND.jpg\",\"datePublished\":\"2021-12-09T18:25:58+00:00\",\"dateModified\":\"2026-04-14T16:00:30+00:00\",\"breadcrumb\":{\"@id\":\"https:\/\/www.technicontact.com\/en\/shop\/miniature-bodypack-transmitter-with-xlr-connectorr-freq-5nd\/#breadcrumb\"},\"inLanguage\":\"en-US\",\"potentialAction\":[{\"@type\":\"ReadAction\",\"target\":[\"https:\/\/www.technicontact.com\/en\/shop\/miniature-bodypack-transmitter-with-xlr-connectorr-freq-5nd\/\"]}]},{\"@type\":\"ImageObject\",\"inLanguage\":\"en-US\",\"@id\":\"https:\/\/www.technicontact.com\/en\/shop\/miniature-bodypack-transmitter-with-xlr-connectorr-freq-5nd\/#primaryimage\",\"url\":\"https:\/\/www.technicontact.com\/wp-content\/uploads\/2022\/02\/MIPRO-ACT-32T-5ND.jpg\",\"contentUrl\":\"https:\/\/www.technicontact.com\/wp-content\/uploads\/2022\/02\/MIPRO-ACT-32T-5ND.jpg\",\"width\":2000,\"height\":2000},{\"@type\":\"BreadcrumbList\",\"@id\":\"https:\/\/www.technicontact.com\/en\/shop\/miniature-bodypack-transmitter-with-xlr-connectorr-freq-5nd\/#breadcrumb\",\"itemListElement\":[{\"@type\":\"ListItem\",\"position\":1,\"name\":\"Home\",\"item\":\"https:\/\/www.technicontact.com\/en\/\"},{\"@type\":\"ListItem\",\"position\":2,\"name\":\"Shop\",\"item\":\"https:\/\/www.technicontact.com\/en\/shop\/\"},{\"@type\":\"ListItem\",\"position\":3,\"name\":\"Miniature Bodypack Transmitter with XLR connectorr freq. 5ND\"}]},{\"@type\":\"WebSite\",\"@id\":\"https:\/\/www.technicontact.com\/en\/#website\",\"url\":\"https:\/\/www.technicontact.com\/en\/\",\"name\":\"Techni+Contact\",\"description\":\"Service-conseil en audiovisuel &amp; fournisseur mat\u00e9riel TI\",\"publisher\":{\"@id\":\"https:\/\/www.technicontact.com\/en\/#organization\"},\"potentialAction\":[{\"@type\":\"SearchAction\",\"target\":{\"@type\":\"EntryPoint\",\"urlTemplate\":\"https:\/\/www.technicontact.com\/en\/?s={search_term_string}\"},\"query-input\":{\"@type\":\"PropertyValueSpecification\",\"valueRequired\":true,\"valueName\":\"search_term_string\"}}],\"inLanguage\":\"en-US\"},{\"@type\":\"Organization\",\"@id\":\"https:\/\/www.technicontact.com\/en\/#organization\",\"name\":\"Techni+Contact\",\"url\":\"https:\/\/www.technicontact.com\/en\/\",\"logo\":{\"@type\":\"ImageObject\",\"inLanguage\":\"en-US\",\"@id\":\"https:\/\/www.technicontact.com\/en\/#\/schema\/logo\/image\/\",\"url\":\"https:\/\/www.technicontact.com\/wp-content\/uploads\/2021\/03\/TC-V.svg\",\"contentUrl\":\"https:\/\/www.technicontact.com\/wp-content\/uploads\/2021\/03\/TC-V.svg\",\"width\":182,\"height\":57,\"caption\":\"Techni+Contact \"},\"image\":{\"@id\":\"https:\/\/www.technicontact.com\/en\/#\/schema\/logo\/image\/\"},\"sameAs\":[\"https:\/\/www.facebook.com\/technicontact\/\",\"https:\/\/x.com\/technicontact1\",\"https:\/\/www.linkedin.com\/company\/techni-contact\/\"]}]}<\/script>\n<!-- \/ Yoast SEO plugin. -->","yoast_head_json":{"title":"Miniature Bodypack Transmitter with XLR connectorr freq. 5ND | Techni+Contact","robots":{"index":"index","follow":"follow","max-snippet":"max-snippet:-1","max-image-preview":"max-image-preview:large","max-video-preview":"max-video-preview:-1"},"canonical":"https:\/\/www.technicontact.com\/en\/shop\/miniature-bodypack-transmitter-with-xlr-connectorr-freq-5nd\/","og_locale":"en_US","og_type":"article","og_title":"Miniature Bodypack Transmitter with XLR connectorr freq. 5ND | Techni+Contact","og_description":"Lightweight, compact size with sturdy plastic housing. On the top features mute switch, mini-XLR connector and antenna. Backlit LCD displays various parameters and status. Innovatively designed battery cover allows easy access to operate buttons and prevents accidental operation. Mute button with remote-control jack for easy activation of mute function. Stable PLL circuits. Automatically synchronized with the receiver\u2019s frequency by MIPRO\u2019s patented ACT\u2122 function. Can directly match to high-low input impedance for microphone or guitar without switching. Mini-XLR input with secure screw lock connector for lavaliere \/ headworn mics and guitar. Adjustable belt clip allows wearing transmitter in up or down position. High-efficiency circuitry design provides 12~14 hours of operation from 2 AA batteries (depending on the battery quality).  SPECIFICATIONS   Frequency Range UHF 480 \u2013 934 MHz   Bandwidth 24 MHz   Oscillation Mode PLL Synthesized   Channel Set-Up ACT Sync   RF Output Power 10 mW \/ 30 mW (switchable)   Deviation &lt; \u00b1 40 kHz   Spurious Emissions ? -55 dBc   LCD Display Group, Channel, Frequency, AF gain, Frequency band, RF power, Mute mode, Lock status, Battery                status and error codes   Max. Input Level 0 dBV   Mute Connector Optional MJ-70 remote mute switch   Battery Type 2 AA alkaline   Operating Time Min. 12 hours   Current Consumption High Power: approx. 161 mA ; Low Power: approx. 120 mA   Dimensions (W \u00d7 H \u00d7 D) 63 \u00d7 82 \u00d7 22 mm \/ 2.5 \u00d7 3.2 \u00d7 0.9 &quot;   Net Weight Approx. 83 g \/ 2.9 oz","og_url":"https:\/\/www.technicontact.com\/en\/shop\/miniature-bodypack-transmitter-with-xlr-connectorr-freq-5nd\/","og_site_name":"Techni+Contact","article_publisher":"https:\/\/www.facebook.com\/technicontact\/","article_modified_time":"2026-04-14T16:00:30+00:00","og_image":[{"width":2000,"height":2000,"url":"https:\/\/www.technicontact.com\/wp-content\/uploads\/2022\/02\/MIPRO-ACT-32T-5ND.jpg","type":"image\/jpeg"}],"twitter_card":"summary_large_image","twitter_site":"@technicontact1","twitter_misc":{"Est. reading time":"1 minute"},"schema":{"@context":"https:\/\/schema.org","@graph":[{"@type":"WebPage","@id":"https:\/\/www.technicontact.com\/en\/shop\/miniature-bodypack-transmitter-with-xlr-connectorr-freq-5nd\/","url":"https:\/\/www.technicontact.com\/en\/shop\/miniature-bodypack-transmitter-with-xlr-connectorr-freq-5nd\/","name":"Miniature Bodypack Transmitter with XLR connectorr freq. 5ND | Techni+Contact","isPartOf":{"@id":"https:\/\/www.technicontact.com\/en\/#website"},"primaryImageOfPage":{"@id":"https:\/\/www.technicontact.com\/en\/shop\/miniature-bodypack-transmitter-with-xlr-connectorr-freq-5nd\/#primaryimage"},"image":{"@id":"https:\/\/www.technicontact.com\/en\/shop\/miniature-bodypack-transmitter-with-xlr-connectorr-freq-5nd\/#primaryimage"},"thumbnailUrl":"https:\/\/www.technicontact.com\/wp-content\/uploads\/2022\/02\/MIPRO-ACT-32T-5ND.jpg","datePublished":"2021-12-09T18:25:58+00:00","dateModified":"2026-04-14T16:00:30+00:00","breadcrumb":{"@id":"https:\/\/www.technicontact.com\/en\/shop\/miniature-bodypack-transmitter-with-xlr-connectorr-freq-5nd\/#breadcrumb"},"inLanguage":"en-US","potentialAction":[{"@type":"ReadAction","target":["https:\/\/www.technicontact.com\/en\/shop\/miniature-bodypack-transmitter-with-xlr-connectorr-freq-5nd\/"]}]},{"@type":"ImageObject","inLanguage":"en-US","@id":"https:\/\/www.technicontact.com\/en\/shop\/miniature-bodypack-transmitter-with-xlr-connectorr-freq-5nd\/#primaryimage","url":"https:\/\/www.technicontact.com\/wp-content\/uploads\/2022\/02\/MIPRO-ACT-32T-5ND.jpg","contentUrl":"https:\/\/www.technicontact.com\/wp-content\/uploads\/2022\/02\/MIPRO-ACT-32T-5ND.jpg","width":2000,"height":2000},{"@type":"BreadcrumbList","@id":"https:\/\/www.technicontact.com\/en\/shop\/miniature-bodypack-transmitter-with-xlr-connectorr-freq-5nd\/#breadcrumb","itemListElement":[{"@type":"ListItem","position":1,"name":"Home","item":"https:\/\/www.technicontact.com\/en\/"},{"@type":"ListItem","position":2,"name":"Shop","item":"https:\/\/www.technicontact.com\/en\/shop\/"},{"@type":"ListItem","position":3,"name":"Miniature Bodypack Transmitter with XLR connectorr freq. 5ND"}]},{"@type":"WebSite","@id":"https:\/\/www.technicontact.com\/en\/#website","url":"https:\/\/www.technicontact.com\/en\/","name":"Techni+Contact","description":"Service-conseil en audiovisuel &amp; fournisseur mat\u00e9riel TI","publisher":{"@id":"https:\/\/www.technicontact.com\/en\/#organization"},"potentialAction":[{"@type":"SearchAction","target":{"@type":"EntryPoint","urlTemplate":"https:\/\/www.technicontact.com\/en\/?s={search_term_string}"},"query-input":{"@type":"PropertyValueSpecification","valueRequired":true,"valueName":"search_term_string"}}],"inLanguage":"en-US"},{"@type":"Organization","@id":"https:\/\/www.technicontact.com\/en\/#organization","name":"Techni+Contact","url":"https:\/\/www.technicontact.com\/en\/","logo":{"@type":"ImageObject","inLanguage":"en-US","@id":"https:\/\/www.technicontact.com\/en\/#\/schema\/logo\/image\/","url":"https:\/\/www.technicontact.com\/wp-content\/uploads\/2021\/03\/TC-V.svg","contentUrl":"https:\/\/www.technicontact.com\/wp-content\/uploads\/2021\/03\/TC-V.svg","width":182,"height":57,"caption":"Techni+Contact "},"image":{"@id":"https:\/\/www.technicontact.com\/en\/#\/schema\/logo\/image\/"},"sameAs":["https:\/\/www.facebook.com\/technicontact\/","https:\/\/x.com\/technicontact1","https:\/\/www.linkedin.com\/company\/techni-contact\/"]}]}},"_links":{"self":[{"href":"https:\/\/www.technicontact.com\/en\/wp-json\/wp\/v2\/product\/181218","targetHints":{"allow":["GET"]}}],"collection":[{"href":"https:\/\/www.technicontact.com\/en\/wp-json\/wp\/v2\/product"}],"about":[{"href":"https:\/\/www.technicontact.com\/en\/wp-json\/wp\/v2\/types\/product"}],"wp:featuredmedia":[{"embeddable":true,"href":"https:\/\/www.technicontact.com\/en\/wp-json\/wp\/v2\/media\/187918"}],"wp:attachment":[{"href":"https:\/\/www.technicontact.com\/en\/wp-json\/wp\/v2\/media?parent=181218"}],"wp:term":[{"taxonomy":"product_brand","embeddable":true,"href":"https:\/\/www.technicontact.com\/en\/wp-json\/wp\/v2\/product_brand?post=181218"},{"taxonomy":"product_cat","embeddable":true,"href":"https:\/\/www.technicontact.com\/en\/wp-json\/wp\/v2\/product_cat?post=181218"},{"taxonomy":"product_tag","embeddable":true,"href":"https:\/\/www.technicontact.com\/en\/wp-json\/wp\/v2\/product_tag?post=181218"}],"curies":[{"name":"wp","href":"https:\/\/api.w.org\/{rel}","templated":true}]}}