{"id":181216,"date":"2021-12-09T13:25:58","date_gmt":"2021-12-09T18:25:58","guid":{"rendered":"https:\/\/technicontact.absoludev.ca\/shop\/supercardioid-condenser-handheld-transmitter-microphone-lcd-freq-5nd\/"},"modified":"2026-04-08T13:43:41","modified_gmt":"2026-04-08T17:43:41","slug":"supercardioid-condenser-handheld-transmitter-microphone-lcd-freq-5nd","status":"publish","type":"product","link":"https:\/\/www.technicontact.com\/en\/shop\/supercardioid-condenser-handheld-transmitter-microphone-lcd-freq-5nd\/","title":{"rendered":"Supercardioid Condenser Handheld Transmitter Microphone (LCD). Freq. 5ND"},"content":{"rendered":"<p>Robust, lightweight plastic housing.<br \/>\nThe unique multi-layered metal grille protects the capsule against impact, rolling and pop noise, ensuring clarity of sound.<br \/>\nInterchangeable capsule module with premium condenser or dynamic options for easy and fast changeovers.<br \/>\nPremium condenser capsules exhibit high fidelity, wide dynamic range, fast transient responses, good feedback rejection, accurate sound image characteristics, transparent sound quality and withstand maximum SPL.<br \/>\nReversible end-cap allows power on\/off switch being locked to avoid accidental power-off during performance.<br \/>\nImpact-resistant battery compartment holds 2 AA batteries.<br \/>\nBacklit LCD displays various parameters and status.<br \/>\nStable PLL circuits. Automatically synchronized with the receiver\u2019s frequency by MIPRO\u2019s patented ACT\u2122 function.<br \/>\nPatented \u201cbuilt-in\u201d antenna design.<br \/>\nInterchangeable colored rings for microphone channel identification on stage.<br \/>\nHigh-efficiency circuitry design provides more than 16 hours of operation from 2 AA batteries (depending on the battery quality).<\/p>\n<p>Specifications:<\/p>\n<p> \tFrequency Range\tUHF 480 \u2013 934 MHz<br \/>\n \tBandwidth\t24 MHz<br \/>\n \tOscillation Mode\tPLL Synthesized<br \/>\n \tChannel Set-Up\tACT Sync<br \/>\n \tRF Output Power\t10mW \/ 30mW (switchable)<br \/>\n \tSpurious Emissions\t&lt; -55 dBc<br \/>\n \tLCD Display\tGroup, Channel, Battery status &amp; error codes<br \/>\n \tMax. SPL\t140 dB SPL<br \/>\n \tBattery Type\t2 AA alkaline<br \/>\n \tOperating Time\tMin. 12 hours (Low Power)<br \/>\n \tCurrent Consumption\tApprox. 92 mA<br \/>\n \tDimensions (\u00d8 \u00d7 L)\t51 \u00d7 234 mm \/ 2 \u00d7 9.2 &quot;<br \/>\n \tNet Weight\tApprox. 251 g \/ 8.9 oz<\/p>\n","protected":false},"excerpt":{"rendered":"<p>Robust, lightweight plastic housing.<br \/>\nThe unique multi-layered metal grille protects the capsule against impact, rolling and pop noise, ensuring clarity of sound.<br \/>\nInterchangeable capsule module with premium condenser or dynamic options for easy and fast changeovers.<br \/>\nPremium condenser capsules exhibit high fidelity, wide dynamic range, fast transient responses, good feedback rejection, accurate sound image characteristics, transparent sound quality and withstand maximum SPL.<br \/>\nReversible end-cap allows power on\/off switch being locked to avoid accidental power-off during performance.<br \/>\nImpact-resistant battery compartment holds 2 AA batteries.<br \/>\nBacklit LCD displays various parameters and status.<br \/>\nStable PLL circuits. Automatically synchronized with the receiver\u2019s frequency by MIPRO\u2019s patented ACT\u2122 function.<br \/>\nPatented \u201cbuilt-in\u201d antenna design.<br \/>\nInterchangeable colored rings for microphone channel identification on stage.<br \/>\nHigh-efficiency circuitry design provides more than 16 hours of operation from 2 AA batteries (depending on the battery quality).<\/p>\n<p>Specifications:<\/p>\n<p> \tFrequency Range\tUHF 480 \u2013 934 MHz<br \/>\n \tBandwidth\t24 MHz<br \/>\n \tOscillation Mode\tPLL Synthesized<br \/>\n \tChannel Set-Up\tACT Sync<br \/>\n \tRF Output Power\t10mW \/ 30mW (switchable)<br \/>\n \tSpurious Emissions\t&lt; -55 dBc<br \/>\n \tLCD Display\tGroup, Channel, Battery status &amp; error codes<br \/>\n \tMax. SPL\t140 dB SPL<br \/>\n \tBattery Type\t2 AA alkaline<br \/>\n \tOperating Time\tMin. 12 hours (Low Power)<br \/>\n \tCurrent Consumption\tApprox. 92 mA<br \/>\n \tDimensions (\u00d8 \u00d7 L)\t51 \u00d7 234 mm \/ 2 \u00d7 9.2 &quot;<br \/>\n \tNet Weight\tApprox. 251 g \/ 8.9 oz<\/p>\n","protected":false},"featured_media":187917,"template":"","meta":{"_acf_changed":false,"inline_featured_image":false,"ep_exclude_from_search":false},"product_brand":[6438],"product_cat":[5978,5984],"product_tag":[],"class_list":{"0":"post-181216","1":"product","2":"type-product","3":"status-publish","4":"has-post-thumbnail","6":"product_brand-mipro","7":"product_cat-microphones-2","8":"product_cat-wireless-microphone-systems","9":"pa_couleur-black","10":"pa_garantie-annees-1-en","11":"pa_marque-mipro-en","12":"pa_quantite-par-paquet-1-unit","14":"first","15":"instock","16":"taxable","17":"shipping-taxable","18":"purchasable","19":"product-type-simple"},"acf":[],"yoast_head":"<!-- This site is optimized with the Yoast SEO plugin v27.1.1 - https:\/\/yoast.com\/product\/yoast-seo-wordpress\/ -->\n<title>Supercardioid Condenser Handheld Transmitter Microphone (LCD). Freq. 5ND | Techni+Contact<\/title>\n<meta name=\"robots\" content=\"index, follow, max-snippet:-1, max-image-preview:large, max-video-preview:-1\" \/>\n<link rel=\"canonical\" href=\"https:\/\/www.technicontact.com\/en\/shop\/supercardioid-condenser-handheld-transmitter-microphone-lcd-freq-5nd\/\" \/>\n<meta property=\"og:locale\" content=\"en_US\" \/>\n<meta property=\"og:type\" content=\"article\" \/>\n<meta property=\"og:title\" content=\"Supercardioid Condenser Handheld Transmitter Microphone (LCD). Freq. 5ND | Techni+Contact\" \/>\n<meta property=\"og:description\" content=\"Robust, lightweight plastic housing. The unique multi-layered metal grille protects the capsule against impact, rolling and pop noise, ensuring clarity of sound. Interchangeable capsule module with premium condenser or dynamic options for easy and fast changeovers. Premium condenser capsules exhibit high fidelity, wide dynamic range, fast transient responses, good feedback rejection, accurate sound image characteristics, transparent sound quality and withstand maximum SPL. Reversible end-cap allows power on\/off switch being locked to avoid accidental power-off during performance. Impact-resistant battery compartment holds 2 AA batteries. Backlit LCD displays various parameters and status. Stable PLL circuits. Automatically synchronized with the receiver\u2019s frequency by MIPRO\u2019s patented ACT\u2122 function. Patented \u201cbuilt-in\u201d antenna design. Interchangeable colored rings for microphone channel identification on stage. High-efficiency circuitry design provides more than 16 hours of operation from 2 AA batteries (depending on the battery quality).  Specifications:   Frequency Range UHF 480 \u2013 934 MHz   Bandwidth 24 MHz   Oscillation Mode PLL Synthesized   Channel Set-Up ACT Sync   RF Output Power 10mW \/ 30mW (switchable)   Spurious Emissions &lt; -55 dBc   LCD Display Group, Channel, Battery status &amp; error codes   Max. SPL 140 dB SPL   Battery Type 2 AA alkaline   Operating Time Min. 12 hours (Low Power)   Current Consumption Approx. 92 mA   Dimensions (\u00d8 \u00d7 L) 51 \u00d7 234 mm \/ 2 \u00d7 9.2 &quot;   Net Weight Approx. 251 g \/ 8.9 oz\" \/>\n<meta property=\"og:url\" content=\"https:\/\/www.technicontact.com\/en\/shop\/supercardioid-condenser-handheld-transmitter-microphone-lcd-freq-5nd\/\" \/>\n<meta property=\"og:site_name\" content=\"Techni+Contact\" \/>\n<meta property=\"article:publisher\" content=\"https:\/\/www.facebook.com\/technicontact\/\" \/>\n<meta property=\"article:modified_time\" content=\"2026-04-08T17:43:41+00:00\" \/>\n<meta property=\"og:image\" content=\"https:\/\/www.technicontact.com\/wp-content\/uploads\/2022\/02\/MIPRO-ACT-32H-5ND.jpg\" \/>\n\t<meta property=\"og:image:width\" content=\"2000\" \/>\n\t<meta property=\"og:image:height\" content=\"672\" \/>\n\t<meta property=\"og:image:type\" content=\"image\/jpeg\" \/>\n<meta name=\"twitter:card\" content=\"summary_large_image\" \/>\n<meta name=\"twitter:site\" content=\"@technicontact1\" \/>\n<meta name=\"twitter:label1\" content=\"Est. reading time\" \/>\n\t<meta name=\"twitter:data1\" content=\"1 minute\" \/>\n<script type=\"application\/ld+json\" class=\"yoast-schema-graph\">{\"@context\":\"https:\/\/schema.org\",\"@graph\":[{\"@type\":\"WebPage\",\"@id\":\"https:\/\/www.technicontact.com\/en\/shop\/supercardioid-condenser-handheld-transmitter-microphone-lcd-freq-5nd\/\",\"url\":\"https:\/\/www.technicontact.com\/en\/shop\/supercardioid-condenser-handheld-transmitter-microphone-lcd-freq-5nd\/\",\"name\":\"Supercardioid Condenser Handheld Transmitter Microphone (LCD). Freq. 5ND | Techni+Contact\",\"isPartOf\":{\"@id\":\"https:\/\/www.technicontact.com\/en\/#website\"},\"primaryImageOfPage\":{\"@id\":\"https:\/\/www.technicontact.com\/en\/shop\/supercardioid-condenser-handheld-transmitter-microphone-lcd-freq-5nd\/#primaryimage\"},\"image\":{\"@id\":\"https:\/\/www.technicontact.com\/en\/shop\/supercardioid-condenser-handheld-transmitter-microphone-lcd-freq-5nd\/#primaryimage\"},\"thumbnailUrl\":\"https:\/\/www.technicontact.com\/wp-content\/uploads\/2022\/02\/MIPRO-ACT-32H-5ND.jpg\",\"datePublished\":\"2021-12-09T18:25:58+00:00\",\"dateModified\":\"2026-04-08T17:43:41+00:00\",\"breadcrumb\":{\"@id\":\"https:\/\/www.technicontact.com\/en\/shop\/supercardioid-condenser-handheld-transmitter-microphone-lcd-freq-5nd\/#breadcrumb\"},\"inLanguage\":\"en-US\",\"potentialAction\":[{\"@type\":\"ReadAction\",\"target\":[\"https:\/\/www.technicontact.com\/en\/shop\/supercardioid-condenser-handheld-transmitter-microphone-lcd-freq-5nd\/\"]}]},{\"@type\":\"ImageObject\",\"inLanguage\":\"en-US\",\"@id\":\"https:\/\/www.technicontact.com\/en\/shop\/supercardioid-condenser-handheld-transmitter-microphone-lcd-freq-5nd\/#primaryimage\",\"url\":\"https:\/\/www.technicontact.com\/wp-content\/uploads\/2022\/02\/MIPRO-ACT-32H-5ND.jpg\",\"contentUrl\":\"https:\/\/www.technicontact.com\/wp-content\/uploads\/2022\/02\/MIPRO-ACT-32H-5ND.jpg\",\"width\":2000,\"height\":672},{\"@type\":\"BreadcrumbList\",\"@id\":\"https:\/\/www.technicontact.com\/en\/shop\/supercardioid-condenser-handheld-transmitter-microphone-lcd-freq-5nd\/#breadcrumb\",\"itemListElement\":[{\"@type\":\"ListItem\",\"position\":1,\"name\":\"Home\",\"item\":\"https:\/\/www.technicontact.com\/en\/\"},{\"@type\":\"ListItem\",\"position\":2,\"name\":\"Shop\",\"item\":\"https:\/\/www.technicontact.com\/en\/shop\/\"},{\"@type\":\"ListItem\",\"position\":3,\"name\":\"Supercardioid Condenser Handheld Transmitter Microphone (LCD). Freq. 5ND\"}]},{\"@type\":\"WebSite\",\"@id\":\"https:\/\/www.technicontact.com\/en\/#website\",\"url\":\"https:\/\/www.technicontact.com\/en\/\",\"name\":\"Techni+Contact\",\"description\":\"Service-conseil en audiovisuel &amp; fournisseur mat\u00e9riel TI\",\"publisher\":{\"@id\":\"https:\/\/www.technicontact.com\/en\/#organization\"},\"potentialAction\":[{\"@type\":\"SearchAction\",\"target\":{\"@type\":\"EntryPoint\",\"urlTemplate\":\"https:\/\/www.technicontact.com\/en\/?s={search_term_string}\"},\"query-input\":{\"@type\":\"PropertyValueSpecification\",\"valueRequired\":true,\"valueName\":\"search_term_string\"}}],\"inLanguage\":\"en-US\"},{\"@type\":\"Organization\",\"@id\":\"https:\/\/www.technicontact.com\/en\/#organization\",\"name\":\"Techni+Contact\",\"url\":\"https:\/\/www.technicontact.com\/en\/\",\"logo\":{\"@type\":\"ImageObject\",\"inLanguage\":\"en-US\",\"@id\":\"https:\/\/www.technicontact.com\/en\/#\/schema\/logo\/image\/\",\"url\":\"https:\/\/www.technicontact.com\/wp-content\/uploads\/2021\/03\/TC-V.svg\",\"contentUrl\":\"https:\/\/www.technicontact.com\/wp-content\/uploads\/2021\/03\/TC-V.svg\",\"width\":182,\"height\":57,\"caption\":\"Techni+Contact \"},\"image\":{\"@id\":\"https:\/\/www.technicontact.com\/en\/#\/schema\/logo\/image\/\"},\"sameAs\":[\"https:\/\/www.facebook.com\/technicontact\/\",\"https:\/\/x.com\/technicontact1\",\"https:\/\/www.linkedin.com\/company\/techni-contact\/\"]}]}<\/script>\n<!-- \/ Yoast SEO plugin. -->","yoast_head_json":{"title":"Supercardioid Condenser Handheld Transmitter Microphone (LCD). Freq. 5ND | Techni+Contact","robots":{"index":"index","follow":"follow","max-snippet":"max-snippet:-1","max-image-preview":"max-image-preview:large","max-video-preview":"max-video-preview:-1"},"canonical":"https:\/\/www.technicontact.com\/en\/shop\/supercardioid-condenser-handheld-transmitter-microphone-lcd-freq-5nd\/","og_locale":"en_US","og_type":"article","og_title":"Supercardioid Condenser Handheld Transmitter Microphone (LCD). Freq. 5ND | Techni+Contact","og_description":"Robust, lightweight plastic housing. The unique multi-layered metal grille protects the capsule against impact, rolling and pop noise, ensuring clarity of sound. Interchangeable capsule module with premium condenser or dynamic options for easy and fast changeovers. Premium condenser capsules exhibit high fidelity, wide dynamic range, fast transient responses, good feedback rejection, accurate sound image characteristics, transparent sound quality and withstand maximum SPL. Reversible end-cap allows power on\/off switch being locked to avoid accidental power-off during performance. Impact-resistant battery compartment holds 2 AA batteries. Backlit LCD displays various parameters and status. Stable PLL circuits. Automatically synchronized with the receiver\u2019s frequency by MIPRO\u2019s patented ACT\u2122 function. Patented \u201cbuilt-in\u201d antenna design. Interchangeable colored rings for microphone channel identification on stage. High-efficiency circuitry design provides more than 16 hours of operation from 2 AA batteries (depending on the battery quality).  Specifications:   Frequency Range UHF 480 \u2013 934 MHz   Bandwidth 24 MHz   Oscillation Mode PLL Synthesized   Channel Set-Up ACT Sync   RF Output Power 10mW \/ 30mW (switchable)   Spurious Emissions &lt; -55 dBc   LCD Display Group, Channel, Battery status &amp; error codes   Max. SPL 140 dB SPL   Battery Type 2 AA alkaline   Operating Time Min. 12 hours (Low Power)   Current Consumption Approx. 92 mA   Dimensions (\u00d8 \u00d7 L) 51 \u00d7 234 mm \/ 2 \u00d7 9.2 &quot;   Net Weight Approx. 251 g \/ 8.9 oz","og_url":"https:\/\/www.technicontact.com\/en\/shop\/supercardioid-condenser-handheld-transmitter-microphone-lcd-freq-5nd\/","og_site_name":"Techni+Contact","article_publisher":"https:\/\/www.facebook.com\/technicontact\/","article_modified_time":"2026-04-08T17:43:41+00:00","og_image":[{"width":2000,"height":672,"url":"https:\/\/www.technicontact.com\/wp-content\/uploads\/2022\/02\/MIPRO-ACT-32H-5ND.jpg","type":"image\/jpeg"}],"twitter_card":"summary_large_image","twitter_site":"@technicontact1","twitter_misc":{"Est. reading time":"1 minute"},"schema":{"@context":"https:\/\/schema.org","@graph":[{"@type":"WebPage","@id":"https:\/\/www.technicontact.com\/en\/shop\/supercardioid-condenser-handheld-transmitter-microphone-lcd-freq-5nd\/","url":"https:\/\/www.technicontact.com\/en\/shop\/supercardioid-condenser-handheld-transmitter-microphone-lcd-freq-5nd\/","name":"Supercardioid Condenser Handheld Transmitter Microphone (LCD). Freq. 5ND | Techni+Contact","isPartOf":{"@id":"https:\/\/www.technicontact.com\/en\/#website"},"primaryImageOfPage":{"@id":"https:\/\/www.technicontact.com\/en\/shop\/supercardioid-condenser-handheld-transmitter-microphone-lcd-freq-5nd\/#primaryimage"},"image":{"@id":"https:\/\/www.technicontact.com\/en\/shop\/supercardioid-condenser-handheld-transmitter-microphone-lcd-freq-5nd\/#primaryimage"},"thumbnailUrl":"https:\/\/www.technicontact.com\/wp-content\/uploads\/2022\/02\/MIPRO-ACT-32H-5ND.jpg","datePublished":"2021-12-09T18:25:58+00:00","dateModified":"2026-04-08T17:43:41+00:00","breadcrumb":{"@id":"https:\/\/www.technicontact.com\/en\/shop\/supercardioid-condenser-handheld-transmitter-microphone-lcd-freq-5nd\/#breadcrumb"},"inLanguage":"en-US","potentialAction":[{"@type":"ReadAction","target":["https:\/\/www.technicontact.com\/en\/shop\/supercardioid-condenser-handheld-transmitter-microphone-lcd-freq-5nd\/"]}]},{"@type":"ImageObject","inLanguage":"en-US","@id":"https:\/\/www.technicontact.com\/en\/shop\/supercardioid-condenser-handheld-transmitter-microphone-lcd-freq-5nd\/#primaryimage","url":"https:\/\/www.technicontact.com\/wp-content\/uploads\/2022\/02\/MIPRO-ACT-32H-5ND.jpg","contentUrl":"https:\/\/www.technicontact.com\/wp-content\/uploads\/2022\/02\/MIPRO-ACT-32H-5ND.jpg","width":2000,"height":672},{"@type":"BreadcrumbList","@id":"https:\/\/www.technicontact.com\/en\/shop\/supercardioid-condenser-handheld-transmitter-microphone-lcd-freq-5nd\/#breadcrumb","itemListElement":[{"@type":"ListItem","position":1,"name":"Home","item":"https:\/\/www.technicontact.com\/en\/"},{"@type":"ListItem","position":2,"name":"Shop","item":"https:\/\/www.technicontact.com\/en\/shop\/"},{"@type":"ListItem","position":3,"name":"Supercardioid Condenser Handheld Transmitter Microphone (LCD). Freq. 5ND"}]},{"@type":"WebSite","@id":"https:\/\/www.technicontact.com\/en\/#website","url":"https:\/\/www.technicontact.com\/en\/","name":"Techni+Contact","description":"Service-conseil en audiovisuel &amp; fournisseur mat\u00e9riel TI","publisher":{"@id":"https:\/\/www.technicontact.com\/en\/#organization"},"potentialAction":[{"@type":"SearchAction","target":{"@type":"EntryPoint","urlTemplate":"https:\/\/www.technicontact.com\/en\/?s={search_term_string}"},"query-input":{"@type":"PropertyValueSpecification","valueRequired":true,"valueName":"search_term_string"}}],"inLanguage":"en-US"},{"@type":"Organization","@id":"https:\/\/www.technicontact.com\/en\/#organization","name":"Techni+Contact","url":"https:\/\/www.technicontact.com\/en\/","logo":{"@type":"ImageObject","inLanguage":"en-US","@id":"https:\/\/www.technicontact.com\/en\/#\/schema\/logo\/image\/","url":"https:\/\/www.technicontact.com\/wp-content\/uploads\/2021\/03\/TC-V.svg","contentUrl":"https:\/\/www.technicontact.com\/wp-content\/uploads\/2021\/03\/TC-V.svg","width":182,"height":57,"caption":"Techni+Contact "},"image":{"@id":"https:\/\/www.technicontact.com\/en\/#\/schema\/logo\/image\/"},"sameAs":["https:\/\/www.facebook.com\/technicontact\/","https:\/\/x.com\/technicontact1","https:\/\/www.linkedin.com\/company\/techni-contact\/"]}]}},"_links":{"self":[{"href":"https:\/\/www.technicontact.com\/en\/wp-json\/wp\/v2\/product\/181216","targetHints":{"allow":["GET"]}}],"collection":[{"href":"https:\/\/www.technicontact.com\/en\/wp-json\/wp\/v2\/product"}],"about":[{"href":"https:\/\/www.technicontact.com\/en\/wp-json\/wp\/v2\/types\/product"}],"wp:featuredmedia":[{"embeddable":true,"href":"https:\/\/www.technicontact.com\/en\/wp-json\/wp\/v2\/media\/187917"}],"wp:attachment":[{"href":"https:\/\/www.technicontact.com\/en\/wp-json\/wp\/v2\/media?parent=181216"}],"wp:term":[{"taxonomy":"product_brand","embeddable":true,"href":"https:\/\/www.technicontact.com\/en\/wp-json\/wp\/v2\/product_brand?post=181216"},{"taxonomy":"product_cat","embeddable":true,"href":"https:\/\/www.technicontact.com\/en\/wp-json\/wp\/v2\/product_cat?post=181216"},{"taxonomy":"product_tag","embeddable":true,"href":"https:\/\/www.technicontact.com\/en\/wp-json\/wp\/v2\/product_tag?post=181216"}],"curies":[{"name":"wp","href":"https:\/\/api.w.org\/{rel}","templated":true}]}}